{"id":151,"date":"2025-09-21T21:10:09","date_gmt":"2025-09-21T19:10:09","guid":{"rendered":"https:\/\/www.cx80.sk\/?page_id=151"},"modified":"2025-11-04T19:00:56","modified_gmt":"2025-11-04T18:00:56","slug":"produkty","status":"publish","type":"page","link":"https:\/\/www.cx80.sk\/?page_id=151","title":{"rendered":"Produkty"},"content":{"rendered":"\n<p><\/p>\n\n\n\n<ul class=\"wp-block-list\">\n<li><strong><a href=\"https:\/\/www.cx80.sk\/?page_id=185\" data-type=\"page\" data-id=\"185\">MULTIFUNK\u010cN\u00c9 PR\u00cdPRAVKY CX80<\/a><\/strong><\/li>\n\n\n\n<li><strong><a href=\"https:\/\/www.cx80.sk\/?page_id=195\" data-type=\"page\" data-id=\"195\">MAZIV\u00c1 CX80<\/a><\/strong><\/li>\n\n\n\n<li><strong><a href=\"https:\/\/www.cx80.sk\/?page_id=414\">VYSOKOTEPLOTN\u00c9 SILIK\u00d3NY CX80<\/a><\/strong><\/li>\n\n\n\n<li><strong><a href=\"https:\/\/www.cx80.sk\/?page_id=453\" data-type=\"page\" data-id=\"453\">SILIK\u00d3NY CX80<\/a><\/strong><\/li>\n\n\n\n<li><strong><a href=\"https:\/\/www.cx80.sk\/?page_id=479\" data-type=\"page\" data-id=\"479\">TMELY CX8<\/a><\/strong><\/li>\n\n\n\n<li><strong>PR\u00cdPRAVKY PRE PODKLAD CX80<\/strong><\/li>\n\n\n\n<li><strong>KYANOAKRYL\u00c1TOV\u00c9 LEPIDL\u00c1 CX80<\/strong><\/li>\n\n\n\n<li><strong>ANAER\u00d3BNE LEPIDL\u00c1 PRE KOVY CX80<\/strong><\/li>\n\n\n\n<li><strong>HYBRIDN\u00c9 LEPIDL\u00c1 CX80<\/strong><\/li>\n\n\n\n<li><strong>EKOLOGICK\u00c9 LEPIDL\u00c1 CX80<\/strong><\/li>\n\n\n\n<li><strong>\u010cISTIACE PR\u00cdPRAVKY CX80<\/strong><\/li>\n\n\n\n<li><strong>DOPLNKY<\/strong><\/li>\n\n\n\n<li><strong>TECHNICK\u00c9 PR\u00cdPRAVKY CX80<\/strong><\/li>\n\n\n\n<li><strong>EPOXIDOV\u00c9 \u017dIVIDE, TMELY CX80<\/strong><\/li>\n\n\n\n<li><strong>OLEJE CX80<\/strong><\/li>\n\n\n\n<li><strong>AUTOMOBILOV\u00c9 PR\u00cdPRAVKY CX80<\/strong><\/li>\n\n\n\n<li><strong>OCHRANN\u00c9 POVLAKY CX80<\/strong><\/li>\n\n\n\n<li><strong>CAR CARE LINE CX80<\/strong><\/li>\n<\/ul>\n\n\n\n<p><\/p>\n","protected":false},"excerpt":{"rendered":"","protected":false},"author":1,"featured_media":115,"parent":0,"menu_order":0,"comment_status":"closed","ping_status":"closed","template":"","meta":{"footnotes":""},"class_list":["post-151","page","type-page","status-publish","has-post-thumbnail","hentry"],"_links":{"self":[{"href":"https:\/\/www.cx80.sk\/index.php?rest_route=\/wp\/v2\/pages\/151","targetHints":{"allow":["GET"]}}],"collection":[{"href":"https:\/\/www.cx80.sk\/index.php?rest_route=\/wp\/v2\/pages"}],"about":[{"href":"https:\/\/www.cx80.sk\/index.php?rest_route=\/wp\/v2\/types\/page"}],"author":[{"embeddable":true,"href":"https:\/\/www.cx80.sk\/index.php?rest_route=\/wp\/v2\/users\/1"}],"replies":[{"embeddable":true,"href":"https:\/\/www.cx80.sk\/index.php?rest_route=%2Fwp%2Fv2%2Fcomments&post=151"}],"version-history":[{"count":6,"href":"https:\/\/www.cx80.sk\/index.php?rest_route=\/wp\/v2\/pages\/151\/revisions"}],"predecessor-version":[{"id":483,"href":"https:\/\/www.cx80.sk\/index.php?rest_route=\/wp\/v2\/pages\/151\/revisions\/483"}],"wp:featuredmedia":[{"embeddable":true,"href":"https:\/\/www.cx80.sk\/index.php?rest_route=\/wp\/v2\/media\/115"}],"wp:attachment":[{"href":"https:\/\/www.cx80.sk\/index.php?rest_route=%2Fwp%2Fv2%2Fmedia&parent=151"}],"curies":[{"name":"wp","href":"https:\/\/api.w.org\/{rel}","templated":true}]}}