{"id":176,"date":"2025-10-11T17:22:15","date_gmt":"2025-10-11T15:22:15","guid":{"rendered":"https:\/\/www.cx80.sk\/?page_id=176"},"modified":"2025-10-11T17:36:44","modified_gmt":"2025-10-11T15:36:44","slug":"pre-priemysel","status":"publish","type":"page","link":"https:\/\/www.cx80.sk\/?page_id=176","title":{"rendered":"Pre priemysel"},"content":{"rendered":"\n<p><strong>Nie\u010do pre v\u00fdrobcov plastov:<\/strong><\/p>\n\n\n\n<p>PROSTRIEDOK NA UVO\u013d\u0147OVANIE FORIEM CX80<\/p>\n\n\n\n<figure class=\"wp-block-image size-large is-resized\"><img loading=\"lazy\" decoding=\"async\" width=\"769\" height=\"1024\" src=\"https:\/\/www.cx80.sk\/wp-content\/uploads\/2025\/10\/neutral-release-500-ml-spray-1-769x1024.jpg\" alt=\"\" class=\"wp-image-177\" style=\"width:232px;height:auto\" srcset=\"https:\/\/www.cx80.sk\/wp-content\/uploads\/2025\/10\/neutral-release-500-ml-spray-1-769x1024.jpg 769w, https:\/\/www.cx80.sk\/wp-content\/uploads\/2025\/10\/neutral-release-500-ml-spray-1-225x300.jpg 225w, https:\/\/www.cx80.sk\/wp-content\/uploads\/2025\/10\/neutral-release-500-ml-spray-1-768x1023.jpg 768w, https:\/\/www.cx80.sk\/wp-content\/uploads\/2025\/10\/neutral-release-500-ml-spray-1.jpg 1000w\" sizes=\"auto, (max-width: 769px) 100vw, 769px\" \/><\/figure>\n\n\n\n<p>V\u00fdrobok pou\u017e\u00edvan\u00fd pri spracovan\u00ed plastov. Neobsahuje silik\u00f3n. M\u00f4\u017ee sa pou\u017e\u00edva\u0165 pri v\u00fdrobe v\u00fdrobkov, ktor\u00e9 si vy\u017eaduj\u00fa \u010fal\u0161iu povrchov\u00fa \u00fapravu. V\u00fdrobok sa vyzna\u010duje univerz\u00e1lnym pou\u017eit\u00edm a je vhodn\u00fd na v\u00e4\u010d\u0161inu plastov. M\u00f4\u017ee sa pou\u017ei\u0165 ako proti\u0161mykov\u00fd alebo antiadh\u00e9zny prostriedok. Nevytv\u00e1ra sa vo forme a netvor\u00ed n\u00e1nosy, \u010do umo\u017e\u0148uje dosiahnu\u0165 dobr\u00fa kvalitu povrchu, zn\u00ed\u017ei\u0165 zmetkovitos\u0165 a zv\u00fd\u0161i\u0165 produktivitu. Funguje pri teplot\u00e1ch do 200 \u00b0C. Umo\u017e\u0148uje n\u00e1sledn\u00e9 lakovanie, lepenie bez odmastenia dielu.<\/p>\n\n\n\n<p>\u0160PECI\u00c1LNE VLASTNOSTI: ako mazadlo alebo antiadh\u00e9zny prostriedok \u2013 vytl\u00e1\u010danie plastov \u2013 v\u00e1kuov\u00e9 lisovanie plastov \u2013 vstrekovanie plastov \u2013 v\u00fdroba plastov\u00fdch lamin\u00e1tov \u2013 nestek\u00e1 z povrchu pri vy\u0161\u0161\u00edch teplot\u00e1ch \u2013 ochrann\u00fd film mo\u017eno odstr\u00e1ni\u0165 pomocou BR500, BR600<\/p>\n\n\n\n<p><\/p>\n","protected":false},"excerpt":{"rendered":"<p>Nie\u010do pre v\u00fdrobcov plastov: PROSTRIEDOK NA UVO\u013d\u0147OVANIE FORIEM CX80 V\u00fdrobok pou\u017e\u00edvan\u00fd pri spracovan\u00ed plastov. Neobsahuje silik\u00f3n. M\u00f4\u017ee sa pou\u017e\u00edva\u0165 pri v\u00fdrobe v\u00fdrobkov, ktor\u00e9 si vy\u017eaduj\u00fa \u010fal\u0161iu povrchov\u00fa \u00fapravu. V\u00fdrobok sa vyzna\u010duje univerz\u00e1lnym pou\u017eit\u00edm a je vhodn\u00fd na v\u00e4\u010d\u0161inu plastov. M\u00f4\u017ee sa pou\u017ei\u0165 ako proti\u0161mykov\u00fd alebo antiadh\u00e9zny prostriedok. Nevytv\u00e1ra sa vo [&hellip;]<\/p>\n","protected":false},"author":1,"featured_media":182,"parent":0,"menu_order":0,"comment_status":"closed","ping_status":"closed","template":"","meta":{"footnotes":""},"class_list":["post-176","page","type-page","status-publish","has-post-thumbnail","hentry"],"_links":{"self":[{"href":"https:\/\/www.cx80.sk\/index.php?rest_route=\/wp\/v2\/pages\/176","targetHints":{"allow":["GET"]}}],"collection":[{"href":"https:\/\/www.cx80.sk\/index.php?rest_route=\/wp\/v2\/pages"}],"about":[{"href":"https:\/\/www.cx80.sk\/index.php?rest_route=\/wp\/v2\/types\/page"}],"author":[{"embeddable":true,"href":"https:\/\/www.cx80.sk\/index.php?rest_route=\/wp\/v2\/users\/1"}],"replies":[{"embeddable":true,"href":"https:\/\/www.cx80.sk\/index.php?rest_route=%2Fwp%2Fv2%2Fcomments&post=176"}],"version-history":[{"count":3,"href":"https:\/\/www.cx80.sk\/index.php?rest_route=\/wp\/v2\/pages\/176\/revisions"}],"predecessor-version":[{"id":186,"href":"https:\/\/www.cx80.sk\/index.php?rest_route=\/wp\/v2\/pages\/176\/revisions\/186"}],"wp:featuredmedia":[{"embeddable":true,"href":"https:\/\/www.cx80.sk\/index.php?rest_route=\/wp\/v2\/media\/182"}],"wp:attachment":[{"href":"https:\/\/www.cx80.sk\/index.php?rest_route=%2Fwp%2Fv2%2Fmedia&parent=176"}],"curies":[{"name":"wp","href":"https:\/\/api.w.org\/{rel}","templated":true}]}}