{"id":185,"date":"2025-10-11T18:14:42","date_gmt":"2025-10-11T16:14:42","guid":{"rendered":"https:\/\/www.cx80.sk\/?page_id=185"},"modified":"2025-10-31T09:25:18","modified_gmt":"2025-10-31T08:25:18","slug":"multifunkcne-pripravky","status":"publish","type":"page","link":"https:\/\/www.cx80.sk\/?page_id=185","title":{"rendered":"MULTIFUNK\u010cN\u00c9 PR\u00cdPRAVKY"},"content":{"rendered":"\n<div class=\"wp-block-columns is-layout-flex wp-container-core-columns-is-layout-28f84493 wp-block-columns-is-layout-flex\">\n<div class=\"wp-block-column is-layout-flow wp-block-column-is-layout-flow\" style=\"flex-basis:50%\">\n<figure class=\"wp-block-image size-large is-resized\"><img loading=\"lazy\" decoding=\"async\" width=\"523\" height=\"1024\" src=\"https:\/\/www.cx80.sk\/wp-content\/uploads\/2025\/10\/A05-basic-500-ml-duospray-523x1024.jpg\" alt=\"\" class=\"wp-image-187\" style=\"width:173px;height:auto\" srcset=\"https:\/\/www.cx80.sk\/wp-content\/uploads\/2025\/10\/A05-basic-500-ml-duospray-523x1024.jpg 523w, https:\/\/www.cx80.sk\/wp-content\/uploads\/2025\/10\/A05-basic-500-ml-duospray-153x300.jpg 153w, https:\/\/www.cx80.sk\/wp-content\/uploads\/2025\/10\/A05-basic-500-ml-duospray-768x1504.jpg 768w, https:\/\/www.cx80.sk\/wp-content\/uploads\/2025\/10\/A05-basic-500-ml-duospray-784x1536.jpg 784w, https:\/\/www.cx80.sk\/wp-content\/uploads\/2025\/10\/A05-basic-500-ml-duospray-1046x2048.jpg 1046w, https:\/\/www.cx80.sk\/wp-content\/uploads\/2025\/10\/A05-basic-500-ml-duospray-scaled.jpg 1307w\" sizes=\"auto, (max-width: 523px) 100vw, 523px\" \/><figcaption class=\"wp-element-caption\"><strong>PR\u00cdPRAVOK PRE \u00daDR\u017dBU A&nbsp;OPRAVU<\/strong><\/figcaption><\/figure>\n<\/div>\n\n\n\n<div class=\"wp-block-column is-layout-flow wp-block-column-is-layout-flow\" style=\"flex-basis:50%\">\n<figure class=\"wp-block-image size-large is-resized\"><img loading=\"lazy\" decoding=\"async\" width=\"511\" height=\"1024\" src=\"https:\/\/www.cx80.sk\/wp-content\/uploads\/2025\/10\/A13-teflon-500-ml-duospray-DE-511x1024.jpg\" alt=\"\" class=\"wp-image-188\" style=\"width:167px;height:auto\" srcset=\"https:\/\/www.cx80.sk\/wp-content\/uploads\/2025\/10\/A13-teflon-500-ml-duospray-DE-511x1024.jpg 511w, https:\/\/www.cx80.sk\/wp-content\/uploads\/2025\/10\/A13-teflon-500-ml-duospray-DE-150x300.jpg 150w, https:\/\/www.cx80.sk\/wp-content\/uploads\/2025\/10\/A13-teflon-500-ml-duospray-DE-768x1538.jpg 768w, https:\/\/www.cx80.sk\/wp-content\/uploads\/2025\/10\/A13-teflon-500-ml-duospray-DE-767x1536.jpg 767w, https:\/\/www.cx80.sk\/wp-content\/uploads\/2025\/10\/A13-teflon-500-ml-duospray-DE-1022x2048.jpg 1022w, https:\/\/www.cx80.sk\/wp-content\/uploads\/2025\/10\/A13-teflon-500-ml-duospray-DE-scaled.jpg 1278w\" sizes=\"auto, (max-width: 511px) 100vw, 511px\" \/><figcaption class=\"wp-element-caption\"><strong>PR\u00cdPRAVOK PRE \u00daDR\u017dBU A OPRAVU \u2022 TEFLON\u2122<\/strong><\/figcaption><\/figure>\n<\/div>\n<\/div>\n\n\n\n<p>Multifunk\u010dn\u00e9 pr\u00edpravky na r\u00f4zne pou\u017eitie, ako je mazanie, ochrana proti kor\u00f3zii alebo odolnos\u0165 proti oderu, s\u00fa takmer nenahradite\u013en\u00e9.<br>V\u00fdrazne zlep\u0161uj\u00fa sp\u00f4sob, ak\u00fdm sa d\u00e1 napr\u00edklad stara\u0165 o automobil a udr\u017eiava\u0165 ho.<br>Stavte na <strong>viac\u00fa\u010delov\u00e9 pr\u00edpravky<\/strong> CX80 u\u017e teraz!<\/p>\n\n\n\n<h5 class=\"wp-block-heading\">Ak\u00e9 s\u00fa v\u00fdhody viac\u00fa\u010delov\u00fdch pr\u00edpravkov pre automobily?<\/h5>\n\n\n\n<p><strong>Pr\u00edpravky na aut\u00e1<\/strong> pou\u017e\u00edvan\u00e9 na r\u00f4zne \u00falohy pon\u00fakaj\u00fa cel\u00fd rad v\u00fdhod.<br>V\u010faka nim s\u00fa mimoriadne atrakt\u00edvnou vo\u013ebou pre ve\u013ek\u00fa skupinu vodi\u010dov, ktor\u00ed oce\u0148uj\u00fa vysok\u00fa \u00fa\u010dinnos\u0165 a v\u0161estrannos\u0165 starostlivosti o svoje vozidlo.<br>Ak\u00e9 v\u00fdhody mo\u017eno od tak\u00fdchto v\u00fdrobkov o\u010dak\u00e1va\u0165?<\/p>\n\n\n\n<ul class=\"wp-block-list\">\n<li>\u00faspora \u010dasu;<\/li>\n\n\n\n<li>\u00faspora miesta;<\/li>\n\n\n\n<li>v\u0161estrann\u00e9 pou\u017eitie;<\/li>\n\n\n\n<li>jednoduchos\u0165 pou\u017e\u00edvania;<\/li>\n\n\n\n<li>r\u00fdchle a vidite\u013en\u00e9 \u00fa\u010dinky.<\/li>\n<\/ul>\n\n\n\n<p><\/p>\n","protected":false},"excerpt":{"rendered":"<p>Multifunk\u010dn\u00e9 pr\u00edpravky na r\u00f4zne pou\u017eitie, ako je mazanie, ochrana proti kor\u00f3zii alebo odolnos\u0165 proti oderu, s\u00fa takmer nenahradite\u013en\u00e9.V\u00fdrazne zlep\u0161uj\u00fa sp\u00f4sob, ak\u00fdm sa d\u00e1 napr\u00edklad stara\u0165 o automobil a udr\u017eiava\u0165 ho.Stavte na viac\u00fa\u010delov\u00e9 pr\u00edpravky CX80 u\u017e teraz! Ak\u00e9 s\u00fa v\u00fdhody viac\u00fa\u010delov\u00fdch pr\u00edpravkov pre automobily? Pr\u00edpravky na aut\u00e1 pou\u017e\u00edvan\u00e9 na r\u00f4zne \u00falohy [&hellip;]<\/p>\n","protected":false},"author":1,"featured_media":112,"parent":0,"menu_order":0,"comment_status":"closed","ping_status":"closed","template":"","meta":{"footnotes":""},"class_list":["post-185","page","type-page","status-publish","has-post-thumbnail","hentry"],"_links":{"self":[{"href":"https:\/\/www.cx80.sk\/index.php?rest_route=\/wp\/v2\/pages\/185","targetHints":{"allow":["GET"]}}],"collection":[{"href":"https:\/\/www.cx80.sk\/index.php?rest_route=\/wp\/v2\/pages"}],"about":[{"href":"https:\/\/www.cx80.sk\/index.php?rest_route=\/wp\/v2\/types\/page"}],"author":[{"embeddable":true,"href":"https:\/\/www.cx80.sk\/index.php?rest_route=\/wp\/v2\/users\/1"}],"replies":[{"embeddable":true,"href":"https:\/\/www.cx80.sk\/index.php?rest_route=%2Fwp%2Fv2%2Fcomments&post=185"}],"version-history":[{"count":2,"href":"https:\/\/www.cx80.sk\/index.php?rest_route=\/wp\/v2\/pages\/185\/revisions"}],"predecessor-version":[{"id":262,"href":"https:\/\/www.cx80.sk\/index.php?rest_route=\/wp\/v2\/pages\/185\/revisions\/262"}],"wp:featuredmedia":[{"embeddable":true,"href":"https:\/\/www.cx80.sk\/index.php?rest_route=\/wp\/v2\/media\/112"}],"wp:attachment":[{"href":"https:\/\/www.cx80.sk\/index.php?rest_route=%2Fwp%2Fv2%2Fmedia&parent=185"}],"curies":[{"name":"wp","href":"https:\/\/api.w.org\/{rel}","templated":true}]}}