{"id":195,"date":"2025-10-11T18:43:34","date_gmt":"2025-10-11T16:43:34","guid":{"rendered":"https:\/\/www.cx80.sk\/?page_id=195"},"modified":"2025-11-03T20:10:06","modified_gmt":"2025-11-03T19:10:06","slug":"maziva","status":"publish","type":"page","link":"https:\/\/www.cx80.sk\/?page_id=195","title":{"rendered":"Maziv\u00e1"},"content":{"rendered":"\n<div class=\"wp-block-columns is-layout-flex wp-container-core-columns-is-layout-28f84493 wp-block-columns-is-layout-flex\">\n<div class=\"wp-block-column is-layout-flow wp-block-column-is-layout-flow\"><div class=\"wp-block-image\">\n<figure class=\"aligncenter size-full is-resized\"><a href=\"https:\/\/www.cx80.sk\/?page_id=270\"><img loading=\"lazy\" decoding=\"async\" width=\"800\" height=\"800\" src=\"https:\/\/www.cx80.sk\/wp-content\/uploads\/2025\/10\/smar-miedziany500p2.jpg\" alt=\"\" class=\"wp-image-206\" style=\"width:252px;height:auto\" srcset=\"https:\/\/www.cx80.sk\/wp-content\/uploads\/2025\/10\/smar-miedziany500p2.jpg 800w, https:\/\/www.cx80.sk\/wp-content\/uploads\/2025\/10\/smar-miedziany500p2-300x300.jpg 300w, https:\/\/www.cx80.sk\/wp-content\/uploads\/2025\/10\/smar-miedziany500p2-150x150.jpg 150w, https:\/\/www.cx80.sk\/wp-content\/uploads\/2025\/10\/smar-miedziany500p2-768x768.jpg 768w\" sizes=\"auto, (max-width: 800px) 100vw, 800px\" \/><\/a><figcaption class=\"wp-element-caption\"><strong><a href=\"https:\/\/www.cx80.sk\/?page_id=270\">Meden\u00e9<\/a><\/strong><\/figcaption><\/figure>\n<\/div><\/div>\n\n\n\n<div class=\"wp-block-column is-layout-flow wp-block-column-is-layout-flow\"><div class=\"wp-block-image\">\n<figure class=\"aligncenter size-full is-resized\"><a href=\"https:\/\/www.cx80.sk\/?page_id=287\"><img loading=\"lazy\" decoding=\"async\" width=\"800\" height=\"800\" src=\"https:\/\/www.cx80.sk\/wp-content\/uploads\/2025\/10\/smar-litowy500p.jpg\" alt=\"\" class=\"wp-image-205\" style=\"width:250px;height:auto\" srcset=\"https:\/\/www.cx80.sk\/wp-content\/uploads\/2025\/10\/smar-litowy500p.jpg 800w, https:\/\/www.cx80.sk\/wp-content\/uploads\/2025\/10\/smar-litowy500p-300x300.jpg 300w, https:\/\/www.cx80.sk\/wp-content\/uploads\/2025\/10\/smar-litowy500p-150x150.jpg 150w, https:\/\/www.cx80.sk\/wp-content\/uploads\/2025\/10\/smar-litowy500p-768x768.jpg 768w\" sizes=\"auto, (max-width: 800px) 100vw, 800px\" \/><\/a><figcaption class=\"wp-element-caption\"><strong><a href=\"https:\/\/www.cx80.sk\/?page_id=287\">Litiov\u00e9<\/a><\/strong><\/figcaption><\/figure>\n<\/div><\/div>\n\n\n\n<div class=\"wp-block-column is-layout-flow wp-block-column-is-layout-flow\"><div class=\"wp-block-image\">\n<figure class=\"aligncenter size-full is-resized\"><a href=\"https:\/\/www.cx80.sk\/?page_id=299\"><img loading=\"lazy\" decoding=\"async\" width=\"800\" height=\"800\" src=\"https:\/\/www.cx80.sk\/wp-content\/uploads\/2025\/10\/ceracx.jpg\" alt=\"\" class=\"wp-image-200\" style=\"width:251px;height:auto\" srcset=\"https:\/\/www.cx80.sk\/wp-content\/uploads\/2025\/10\/ceracx.jpg 800w, https:\/\/www.cx80.sk\/wp-content\/uploads\/2025\/10\/ceracx-300x300.jpg 300w, https:\/\/www.cx80.sk\/wp-content\/uploads\/2025\/10\/ceracx-150x150.jpg 150w, https:\/\/www.cx80.sk\/wp-content\/uploads\/2025\/10\/ceracx-768x768.jpg 768w\" sizes=\"auto, (max-width: 800px) 100vw, 800px\" \/><\/a><figcaption class=\"wp-element-caption\"><strong><a href=\"https:\/\/www.cx80.sk\/?page_id=299\">Syntetick\u00e9 mazivo CERACX<\/a><\/strong><\/figcaption><\/figure>\n<\/div><\/div>\n<\/div>\n\n\n\n<div class=\"wp-block-columns is-layout-flex wp-container-core-columns-is-layout-28f84493 wp-block-columns-is-layout-flex\">\n<div class=\"wp-block-column is-layout-flow wp-block-column-is-layout-flow\"><div class=\"wp-block-image\">\n<figure class=\"aligncenter size-full\"><a href=\"https:\/\/www.cx80.sk\/?page_id=311\"><img loading=\"lazy\" decoding=\"async\" width=\"800\" height=\"800\" src=\"https:\/\/www.cx80.sk\/wp-content\/uploads\/2025\/10\/smar-silikonowy500.jpg\" alt=\"\" class=\"wp-image-208\" srcset=\"https:\/\/www.cx80.sk\/wp-content\/uploads\/2025\/10\/smar-silikonowy500.jpg 800w, https:\/\/www.cx80.sk\/wp-content\/uploads\/2025\/10\/smar-silikonowy500-300x300.jpg 300w, https:\/\/www.cx80.sk\/wp-content\/uploads\/2025\/10\/smar-silikonowy500-150x150.jpg 150w, https:\/\/www.cx80.sk\/wp-content\/uploads\/2025\/10\/smar-silikonowy500-768x768.jpg 768w\" sizes=\"auto, (max-width: 800px) 100vw, 800px\" \/><\/a><figcaption class=\"wp-element-caption\"><strong><a href=\"https:\/\/www.cx80.sk\/?page_id=311\">Silik\u00f3nov\u00e9<\/a><\/strong><\/figcaption><\/figure>\n<\/div><\/div>\n\n\n\n<div class=\"wp-block-column is-layout-flow wp-block-column-is-layout-flow\"><div class=\"wp-block-image\">\n<figure class=\"aligncenter size-full\"><a href=\"https:\/\/www.cx80.sk\/?page_id=321\"><img loading=\"lazy\" decoding=\"async\" width=\"800\" height=\"800\" src=\"https:\/\/www.cx80.sk\/wp-content\/uploads\/2025\/10\/smar-molibdenowy.jpg\" alt=\"\" class=\"wp-image-207\" srcset=\"https:\/\/www.cx80.sk\/wp-content\/uploads\/2025\/10\/smar-molibdenowy.jpg 800w, https:\/\/www.cx80.sk\/wp-content\/uploads\/2025\/10\/smar-molibdenowy-300x300.jpg 300w, https:\/\/www.cx80.sk\/wp-content\/uploads\/2025\/10\/smar-molibdenowy-150x150.jpg 150w, https:\/\/www.cx80.sk\/wp-content\/uploads\/2025\/10\/smar-molibdenowy-768x768.jpg 768w\" sizes=\"auto, (max-width: 800px) 100vw, 800px\" \/><\/a><figcaption class=\"wp-element-caption\"><strong><a href=\"https:\/\/www.cx80.sk\/?page_id=321\">Molibd\u00e9nov\u00e9<\/a><\/strong><\/figcaption><\/figure>\n<\/div><\/div>\n\n\n\n<div class=\"wp-block-column is-layout-flow wp-block-column-is-layout-flow\"><div class=\"wp-block-image\">\n<figure class=\"aligncenter size-full\"><a href=\"https:\/\/www.cx80.sk\/?page_id=326\"><img loading=\"lazy\" decoding=\"async\" width=\"800\" height=\"800\" src=\"https:\/\/www.cx80.sk\/wp-content\/uploads\/2025\/10\/smar-grafitowy500.jpg\" alt=\"\" class=\"wp-image-203\" srcset=\"https:\/\/www.cx80.sk\/wp-content\/uploads\/2025\/10\/smar-grafitowy500.jpg 800w, https:\/\/www.cx80.sk\/wp-content\/uploads\/2025\/10\/smar-grafitowy500-300x300.jpg 300w, https:\/\/www.cx80.sk\/wp-content\/uploads\/2025\/10\/smar-grafitowy500-150x150.jpg 150w, https:\/\/www.cx80.sk\/wp-content\/uploads\/2025\/10\/smar-grafitowy500-768x768.jpg 768w\" sizes=\"auto, (max-width: 800px) 100vw, 800px\" \/><\/a><figcaption class=\"wp-element-caption\"><strong><a href=\"https:\/\/www.cx80.sk\/?page_id=326\" data-type=\"page\" data-id=\"326\">Grafitov\u00e9<\/a><\/strong><\/figcaption><\/figure>\n<\/div><\/div>\n<\/div>\n\n\n\n<div class=\"wp-block-columns is-layout-flex wp-container-core-columns-is-layout-28f84493 wp-block-columns-is-layout-flex\">\n<div class=\"wp-block-column is-layout-flow wp-block-column-is-layout-flow\"><div class=\"wp-block-image\">\n<figure class=\"aligncenter size-full\"><a href=\"https:\/\/www.cx80.sk\/?page_id=335\"><img loading=\"lazy\" decoding=\"async\" width=\"800\" height=\"800\" src=\"https:\/\/www.cx80.sk\/wp-content\/uploads\/2025\/10\/lozyskowy.jpg\" alt=\"LO\u017dISKOV\u00c9 MAZIVO\" class=\"wp-image-201\" srcset=\"https:\/\/www.cx80.sk\/wp-content\/uploads\/2025\/10\/lozyskowy.jpg 800w, https:\/\/www.cx80.sk\/wp-content\/uploads\/2025\/10\/lozyskowy-300x300.jpg 300w, https:\/\/www.cx80.sk\/wp-content\/uploads\/2025\/10\/lozyskowy-150x150.jpg 150w, https:\/\/www.cx80.sk\/wp-content\/uploads\/2025\/10\/lozyskowy-768x768.jpg 768w\" sizes=\"auto, (max-width: 800px) 100vw, 800px\" \/><\/a><figcaption class=\"wp-element-caption\"><strong><a href=\"https:\/\/www.cx80.sk\/?page_id=335\" data-type=\"page\" data-id=\"335\">Lo\u017eiskov\u00e9<\/a><\/strong><\/figcaption><\/figure>\n<\/div><\/div>\n\n\n\n<div class=\"wp-block-column is-layout-flow wp-block-column-is-layout-flow\"><div class=\"wp-block-image\">\n<figure class=\"aligncenter size-full\"><a href=\"https:\/\/www.cx80.sk\/?page_id=348\"><img loading=\"lazy\" decoding=\"async\" width=\"800\" height=\"800\" src=\"https:\/\/www.cx80.sk\/wp-content\/uploads\/2025\/10\/wodoodporny.jpg\" alt=\"VODEODOLN\u00c9 MAZIVO\" class=\"wp-image-210\" srcset=\"https:\/\/www.cx80.sk\/wp-content\/uploads\/2025\/10\/wodoodporny.jpg 800w, https:\/\/www.cx80.sk\/wp-content\/uploads\/2025\/10\/wodoodporny-300x300.jpg 300w, https:\/\/www.cx80.sk\/wp-content\/uploads\/2025\/10\/wodoodporny-150x150.jpg 150w, https:\/\/www.cx80.sk\/wp-content\/uploads\/2025\/10\/wodoodporny-768x768.jpg 768w\" sizes=\"auto, (max-width: 800px) 100vw, 800px\" \/><\/a><figcaption class=\"wp-element-caption\"><strong><a href=\"https:\/\/www.cx80.sk\/?page_id=348\" data-type=\"page\" data-id=\"348\">Vodeodoln\u00e9<\/a><\/strong><\/figcaption><\/figure>\n<\/div><\/div>\n\n\n\n<div class=\"wp-block-column is-layout-flow wp-block-column-is-layout-flow\"><div class=\"wp-block-image\">\n<figure class=\"aligncenter size-full\"><a href=\"https:\/\/www.cx80.sk\/?page_id=354\"><img loading=\"lazy\" decoding=\"async\" width=\"800\" height=\"800\" src=\"https:\/\/www.cx80.sk\/wp-content\/uploads\/2025\/10\/moto500.jpg\" alt=\"MOTO CHAIN\" class=\"wp-image-228\" srcset=\"https:\/\/www.cx80.sk\/wp-content\/uploads\/2025\/10\/moto500.jpg 800w, https:\/\/www.cx80.sk\/wp-content\/uploads\/2025\/10\/moto500-300x300.jpg 300w, https:\/\/www.cx80.sk\/wp-content\/uploads\/2025\/10\/moto500-150x150.jpg 150w, https:\/\/www.cx80.sk\/wp-content\/uploads\/2025\/10\/moto500-768x768.jpg 768w\" sizes=\"auto, (max-width: 800px) 100vw, 800px\" \/><\/a><figcaption class=\"wp-element-caption\"><strong><a href=\"https:\/\/www.cx80.sk\/?page_id=354\">MOTO CHAIN<\/a><\/strong><\/figcaption><\/figure>\n<\/div><\/div>\n<\/div>\n\n\n\n<div class=\"wp-block-columns is-layout-flex wp-container-core-columns-is-layout-28f84493 wp-block-columns-is-layout-flex\">\n<div class=\"wp-block-column is-layout-flow wp-block-column-is-layout-flow\"><div class=\"wp-block-image\">\n<figure class=\"aligncenter size-full\"><a href=\"https:\/\/www.cx80.sk\/?page_id=365\"><img loading=\"lazy\" decoding=\"async\" width=\"800\" height=\"800\" src=\"https:\/\/www.cx80.sk\/wp-content\/uploads\/2025\/10\/smar-bialy500.jpg\" alt=\"BIELE\" class=\"wp-image-229\" srcset=\"https:\/\/www.cx80.sk\/wp-content\/uploads\/2025\/10\/smar-bialy500.jpg 800w, https:\/\/www.cx80.sk\/wp-content\/uploads\/2025\/10\/smar-bialy500-300x300.jpg 300w, https:\/\/www.cx80.sk\/wp-content\/uploads\/2025\/10\/smar-bialy500-150x150.jpg 150w, https:\/\/www.cx80.sk\/wp-content\/uploads\/2025\/10\/smar-bialy500-768x768.jpg 768w\" sizes=\"auto, (max-width: 800px) 100vw, 800px\" \/><\/a><figcaption class=\"wp-element-caption\"><strong><a href=\"https:\/\/www.cx80.sk\/?page_id=365\" data-type=\"page\" data-id=\"365\">Biele<\/a><\/strong><\/figcaption><\/figure>\n<\/div><\/div>\n\n\n\n<div class=\"wp-block-column is-layout-flow wp-block-column-is-layout-flow\"><div class=\"wp-block-image\">\n<figure class=\"aligncenter size-full\"><a href=\"https:\/\/www.cx80.sk\/?page_id=373\"><img loading=\"lazy\" decoding=\"async\" width=\"800\" height=\"800\" src=\"https:\/\/www.cx80.sk\/wp-content\/uploads\/2025\/10\/smar-electricx.jpg\" alt=\"\" class=\"wp-image-202\" srcset=\"https:\/\/www.cx80.sk\/wp-content\/uploads\/2025\/10\/smar-electricx.jpg 800w, https:\/\/www.cx80.sk\/wp-content\/uploads\/2025\/10\/smar-electricx-300x300.jpg 300w, https:\/\/www.cx80.sk\/wp-content\/uploads\/2025\/10\/smar-electricx-150x150.jpg 150w, https:\/\/www.cx80.sk\/wp-content\/uploads\/2025\/10\/smar-electricx-768x768.jpg 768w\" sizes=\"auto, (max-width: 800px) 100vw, 800px\" \/><\/a><figcaption class=\"wp-element-caption\"><strong><a href=\"https:\/\/www.cx80.sk\/?page_id=373\">ELECTRICX<\/a><\/strong><\/figcaption><\/figure>\n<\/div><\/div>\n\n\n\n<div class=\"wp-block-column is-layout-flow wp-block-column-is-layout-flow\"><div class=\"wp-block-image\">\n<figure class=\"aligncenter size-full\"><a href=\"https:\/\/www.cx80.sk\/?page_id=380\"><img loading=\"lazy\" decoding=\"async\" width=\"800\" height=\"800\" src=\"https:\/\/www.cx80.sk\/wp-content\/uploads\/2025\/10\/smar-aluminiowy.jpg\" alt=\"hlinikove\" class=\"wp-image-230\" srcset=\"https:\/\/www.cx80.sk\/wp-content\/uploads\/2025\/10\/smar-aluminiowy.jpg 800w, https:\/\/www.cx80.sk\/wp-content\/uploads\/2025\/10\/smar-aluminiowy-300x300.jpg 300w, https:\/\/www.cx80.sk\/wp-content\/uploads\/2025\/10\/smar-aluminiowy-150x150.jpg 150w, https:\/\/www.cx80.sk\/wp-content\/uploads\/2025\/10\/smar-aluminiowy-768x768.jpg 768w\" sizes=\"auto, (max-width: 800px) 100vw, 800px\" \/><\/a><figcaption class=\"wp-element-caption\"><strong><a href=\"https:\/\/www.cx80.sk\/?page_id=380\" data-type=\"page\" data-id=\"380\">Hlin\u00edkov\u00e9<\/a><\/strong><\/figcaption><\/figure>\n<\/div><\/div>\n<\/div>\n\n\n\n<div class=\"wp-block-columns is-layout-flex wp-container-core-columns-is-layout-28f84493 wp-block-columns-is-layout-flex\">\n<div class=\"wp-block-column is-layout-flow wp-block-column-is-layout-flow\"><div class=\"wp-block-image\">\n<figure class=\"aligncenter size-full\"><a href=\"https:\/\/www.cx80.sk\/?page_id=392\"><img loading=\"lazy\" decoding=\"async\" width=\"800\" height=\"800\" src=\"https:\/\/www.cx80.sk\/wp-content\/uploads\/2025\/10\/smar-do-bram4004.jpg\" alt=\"NA BR\u00c1NY\" class=\"wp-image-231\" srcset=\"https:\/\/www.cx80.sk\/wp-content\/uploads\/2025\/10\/smar-do-bram4004.jpg 800w, https:\/\/www.cx80.sk\/wp-content\/uploads\/2025\/10\/smar-do-bram4004-300x300.jpg 300w, https:\/\/www.cx80.sk\/wp-content\/uploads\/2025\/10\/smar-do-bram4004-150x150.jpg 150w, https:\/\/www.cx80.sk\/wp-content\/uploads\/2025\/10\/smar-do-bram4004-768x768.jpg 768w\" sizes=\"auto, (max-width: 800px) 100vw, 800px\" \/><\/a><figcaption class=\"wp-element-caption\"><strong><a href=\"https:\/\/www.cx80.sk\/?page_id=392\">Na br\u00e1ny<\/a><\/strong><\/figcaption><\/figure>\n<\/div><\/div>\n\n\n\n<div class=\"wp-block-column is-layout-flow wp-block-column-is-layout-flow\"><div class=\"wp-block-image\">\n<figure class=\"aligncenter size-full is-resized\"><a href=\"https:\/\/www.cx80.sk\/?page_id=396\"><img loading=\"lazy\" decoding=\"async\" width=\"244\" height=\"646\" src=\"https:\/\/www.cx80.sk\/wp-content\/uploads\/2025\/10\/SMAR-DO-HAMULCOW-40-g-tuba_1.jpg\" alt=\"brzd\" class=\"wp-image-232\" style=\"width:100px;height:auto\" srcset=\"https:\/\/www.cx80.sk\/wp-content\/uploads\/2025\/10\/SMAR-DO-HAMULCOW-40-g-tuba_1.jpg 244w, https:\/\/www.cx80.sk\/wp-content\/uploads\/2025\/10\/SMAR-DO-HAMULCOW-40-g-tuba_1-113x300.jpg 113w\" sizes=\"auto, (max-width: 244px) 100vw, 244px\" \/><\/a><figcaption class=\"wp-element-caption\"><strong><a href=\"https:\/\/www.cx80.sk\/?page_id=396\">Pre brzdy<\/a><\/strong><\/figcaption><\/figure>\n<\/div><\/div>\n\n\n\n<div class=\"wp-block-column is-layout-flow wp-block-column-is-layout-flow\"><div class=\"wp-block-image\">\n<figure class=\"aligncenter size-full\"><a href=\"https:\/\/www.cx80.sk\/?page_id=399\"><img loading=\"lazy\" decoding=\"async\" width=\"800\" height=\"800\" src=\"https:\/\/www.cx80.sk\/wp-content\/uploads\/2025\/10\/towocx.jpg\" alt=\"\" class=\"wp-image-209\" srcset=\"https:\/\/www.cx80.sk\/wp-content\/uploads\/2025\/10\/towocx.jpg 800w, https:\/\/www.cx80.sk\/wp-content\/uploads\/2025\/10\/towocx-300x300.jpg 300w, https:\/\/www.cx80.sk\/wp-content\/uploads\/2025\/10\/towocx-150x150.jpg 150w, https:\/\/www.cx80.sk\/wp-content\/uploads\/2025\/10\/towocx-768x768.jpg 768w\" sizes=\"auto, (max-width: 800px) 100vw, 800px\" \/><\/a><figcaption class=\"wp-element-caption\"><strong><a href=\"https:\/\/www.cx80.sk\/?page_id=399\">Strojov\u00e9 mazivo TOWOCX<\/a><\/strong><\/figcaption><\/figure>\n<\/div><\/div>\n<\/div>\n\n\n\n<div class=\"wp-block-columns is-layout-flex wp-container-core-columns-is-layout-28f84493 wp-block-columns-is-layout-flex\">\n<div class=\"wp-block-column is-layout-flow wp-block-column-is-layout-flow\"><div class=\"wp-block-image\">\n<figure class=\"aligncenter size-full\"><a href=\"https:\/\/www.cx80.sk\/?page_id=403\"><img loading=\"lazy\" decoding=\"async\" width=\"800\" height=\"800\" src=\"https:\/\/www.cx80.sk\/wp-content\/uploads\/2025\/10\/smar-keramicx-staly.jpg\" alt=\"\" class=\"wp-image-204\" srcset=\"https:\/\/www.cx80.sk\/wp-content\/uploads\/2025\/10\/smar-keramicx-staly.jpg 800w, https:\/\/www.cx80.sk\/wp-content\/uploads\/2025\/10\/smar-keramicx-staly-300x300.jpg 300w, https:\/\/www.cx80.sk\/wp-content\/uploads\/2025\/10\/smar-keramicx-staly-150x150.jpg 150w, https:\/\/www.cx80.sk\/wp-content\/uploads\/2025\/10\/smar-keramicx-staly-768x768.jpg 768w\" sizes=\"auto, (max-width: 800px) 100vw, 800px\" \/><\/a><figcaption class=\"wp-element-caption\"><strong><a href=\"https:\/\/www.cx80.sk\/?page_id=403\">Keramick\u00e9 mazivo KERAMICX<\/a><\/strong><\/figcaption><\/figure>\n<\/div><\/div>\n\n\n\n<div class=\"wp-block-column is-layout-flow wp-block-column-is-layout-flow\"><div class=\"wp-block-image\">\n<figure class=\"aligncenter size-full\"><img loading=\"lazy\" decoding=\"async\" width=\"800\" height=\"800\" src=\"https:\/\/www.cx80.sk\/wp-content\/uploads\/2025\/10\/smar-silikonowy500.jpg\" alt=\"\" class=\"wp-image-208\" srcset=\"https:\/\/www.cx80.sk\/wp-content\/uploads\/2025\/10\/smar-silikonowy500.jpg 800w, https:\/\/www.cx80.sk\/wp-content\/uploads\/2025\/10\/smar-silikonowy500-300x300.jpg 300w, https:\/\/www.cx80.sk\/wp-content\/uploads\/2025\/10\/smar-silikonowy500-150x150.jpg 150w, https:\/\/www.cx80.sk\/wp-content\/uploads\/2025\/10\/smar-silikonowy500-768x768.jpg 768w\" sizes=\"auto, (max-width: 800px) 100vw, 800px\" \/><figcaption class=\"wp-element-caption\"><strong>Silik\u00f3nov\u00e9<\/strong><\/figcaption><\/figure>\n<\/div><\/div>\n\n\n\n<div class=\"wp-block-column is-layout-flow wp-block-column-is-layout-flow\"><div class=\"wp-block-image\">\n<figure class=\"aligncenter size-full\"><img loading=\"lazy\" decoding=\"async\" width=\"800\" height=\"800\" src=\"https:\/\/www.cx80.sk\/wp-content\/uploads\/2025\/10\/smar-penetrujacy1.jpg\" alt=\"\" class=\"wp-image-239\" srcset=\"https:\/\/www.cx80.sk\/wp-content\/uploads\/2025\/10\/smar-penetrujacy1.jpg 800w, https:\/\/www.cx80.sk\/wp-content\/uploads\/2025\/10\/smar-penetrujacy1-300x300.jpg 300w, https:\/\/www.cx80.sk\/wp-content\/uploads\/2025\/10\/smar-penetrujacy1-150x150.jpg 150w, https:\/\/www.cx80.sk\/wp-content\/uploads\/2025\/10\/smar-penetrujacy1-768x768.jpg 768w\" sizes=\"auto, (max-width: 800px) 100vw, 800px\" \/><figcaption class=\"wp-element-caption\"><strong>Penetra\u010dn\u00e9<\/strong><\/figcaption><\/figure>\n<\/div><\/div>\n<\/div>\n\n\n\n<div class=\"wp-block-columns is-layout-flex wp-container-core-columns-is-layout-28f84493 wp-block-columns-is-layout-flex\">\n<div class=\"wp-block-column is-layout-flow wp-block-column-is-layout-flow\"><div class=\"wp-block-image\">\n<figure class=\"aligncenter size-full\"><img loading=\"lazy\" decoding=\"async\" width=\"800\" height=\"800\" src=\"https:\/\/www.cx80.sk\/wp-content\/uploads\/2025\/10\/suchy_smar_teflon.jpg\" alt=\"\" class=\"wp-image-240\" srcset=\"https:\/\/www.cx80.sk\/wp-content\/uploads\/2025\/10\/suchy_smar_teflon.jpg 800w, https:\/\/www.cx80.sk\/wp-content\/uploads\/2025\/10\/suchy_smar_teflon-300x300.jpg 300w, https:\/\/www.cx80.sk\/wp-content\/uploads\/2025\/10\/suchy_smar_teflon-150x150.jpg 150w, https:\/\/www.cx80.sk\/wp-content\/uploads\/2025\/10\/suchy_smar_teflon-768x768.jpg 768w\" sizes=\"auto, (max-width: 800px) 100vw, 800px\" \/><figcaption class=\"wp-element-caption\"><strong>Such\u00e9 mazivo s TEFLON\u2122<\/strong><\/figcaption><\/figure>\n<\/div><\/div>\n\n\n\n<div class=\"wp-block-column is-layout-flow wp-block-column-is-layout-flow\"><div class=\"wp-block-image\">\n<figure class=\"aligncenter size-full\"><img loading=\"lazy\" decoding=\"async\" width=\"800\" height=\"800\" src=\"https:\/\/www.cx80.sk\/wp-content\/uploads\/2025\/10\/smar-do-lin.jpg\" alt=\"\" class=\"wp-image-241\" srcset=\"https:\/\/www.cx80.sk\/wp-content\/uploads\/2025\/10\/smar-do-lin.jpg 800w, https:\/\/www.cx80.sk\/wp-content\/uploads\/2025\/10\/smar-do-lin-300x300.jpg 300w, https:\/\/www.cx80.sk\/wp-content\/uploads\/2025\/10\/smar-do-lin-150x150.jpg 150w, https:\/\/www.cx80.sk\/wp-content\/uploads\/2025\/10\/smar-do-lin-768x768.jpg 768w\" sizes=\"auto, (max-width: 800px) 100vw, 800px\" \/><figcaption class=\"wp-element-caption\"><strong>Pre oce\u013eov\u00e9 lan\u00e1 a ozuben\u00e9 koles\u00e1<\/strong><\/figcaption><\/figure>\n<\/div><\/div>\n\n\n\n<div class=\"wp-block-column is-layout-flow wp-block-column-is-layout-flow\"><div class=\"wp-block-image\">\n<figure class=\"aligncenter size-full is-resized\"><img loading=\"lazy\" decoding=\"async\" width=\"290\" height=\"703\" src=\"https:\/\/www.cx80.sk\/wp-content\/uploads\/2025\/10\/SMAR-DO-DLUT-I-WIERTEL-40-g-tuba.jpg\" alt=\"\" class=\"wp-image-242\" style=\"width:109px;height:auto\" srcset=\"https:\/\/www.cx80.sk\/wp-content\/uploads\/2025\/10\/SMAR-DO-DLUT-I-WIERTEL-40-g-tuba.jpg 290w, https:\/\/www.cx80.sk\/wp-content\/uploads\/2025\/10\/SMAR-DO-DLUT-I-WIERTEL-40-g-tuba-124x300.jpg 124w\" sizes=\"auto, (max-width: 290px) 100vw, 290px\" \/><figcaption class=\"wp-element-caption\"><strong>Pre SDS vrt\u00e1ky<\/strong><\/figcaption><\/figure>\n<\/div><\/div>\n<\/div>\n\n\n\n<h5 class=\"wp-block-heading\"><\/h5>\n\n\n\n<p><\/p>\n","protected":false},"excerpt":{"rendered":"","protected":false},"author":1,"featured_media":113,"parent":0,"menu_order":0,"comment_status":"closed","ping_status":"closed","template":"","meta":{"footnotes":""},"class_list":["post-195","page","type-page","status-publish","has-post-thumbnail","hentry"],"_links":{"self":[{"href":"https:\/\/www.cx80.sk\/index.php?rest_route=\/wp\/v2\/pages\/195","targetHints":{"allow":["GET"]}}],"collection":[{"href":"https:\/\/www.cx80.sk\/index.php?rest_route=\/wp\/v2\/pages"}],"about":[{"href":"https:\/\/www.cx80.sk\/index.php?rest_route=\/wp\/v2\/types\/page"}],"author":[{"embeddable":true,"href":"https:\/\/www.cx80.sk\/index.php?rest_route=\/wp\/v2\/users\/1"}],"replies":[{"embeddable":true,"href":"https:\/\/www.cx80.sk\/index.php?rest_route=%2Fwp%2Fv2%2Fcomments&post=195"}],"version-history":[{"count":18,"href":"https:\/\/www.cx80.sk\/index.php?rest_route=\/wp\/v2\/pages\/195\/revisions"}],"predecessor-version":[{"id":413,"href":"https:\/\/www.cx80.sk\/index.php?rest_route=\/wp\/v2\/pages\/195\/revisions\/413"}],"wp:featuredmedia":[{"embeddable":true,"href":"https:\/\/www.cx80.sk\/index.php?rest_route=\/wp\/v2\/media\/113"}],"wp:attachment":[{"href":"https:\/\/www.cx80.sk\/index.php?rest_route=%2Fwp%2Fv2%2Fmedia&parent=195"}],"curies":[{"name":"wp","href":"https:\/\/api.w.org\/{rel}","templated":true}]}}