{"id":270,"date":"2025-11-03T17:22:07","date_gmt":"2025-11-03T16:22:07","guid":{"rendered":"https:\/\/www.cx80.sk\/?page_id=270"},"modified":"2025-11-03T17:24:52","modified_gmt":"2025-11-03T16:24:52","slug":"medene-mazivo","status":"publish","type":"page","link":"https:\/\/www.cx80.sk\/?page_id=270","title":{"rendered":"Meden\u00e9 mazivo"},"content":{"rendered":"\n<p>Univerz\u00e1lne multifunk\u010dn\u00e9 mazivo pre pou\u017eitie i v t\u00fdch naj\u0165a\u017e\u0161\u00edch podmienkach a v \u0161irokom rozsahu tepl\u00f4t \u2013 od -30 \u00b0C do +1200\u00b0C. Ide\u00e1lny proti zape\u010deniu.<\/p>\n\n\n\n<p><strong><em>VLASTNOSTI:<\/em> <\/strong><\/p>\n\n\n\n<ul class=\"wp-block-list\">\n<li>zais\u0165uje vynikaj\u00face mazanie<\/li>\n\n\n\n<li>chr\u00e1ni proti treciemu opotrebeniu, kor\u00f3zii a\u00a0vysok\u00fdm teplot\u00e1m \u2022 teplota pou\u017e\u00edvania od -30\u00b0C do +1200\u00b0C.<\/li>\n<\/ul>\n\n\n\n<p><em><strong>POU\u017dITIE:<\/strong><\/em><\/p>\n\n\n\n<ul class=\"wp-block-list\">\n<li>skrutky a\u00a0matice<\/li>\n\n\n\n<li>z\u00e1vitov\u00e9 spojenia a v\u0161etky l\u00edcovan\u00e9 povrchy<\/li>\n\n\n\n<li>r\u00farov\u00e9 spojky<\/li>\n\n\n\n<li>zapa\u013eovacie svie\u010dky<\/li>\n\n\n\n<li>koles\u00e1 a podlo\u017eky brzdov\u00fdch kot\u00fa\u010dov<\/li>\n\n\n\n<li>kontakty bat\u00e9rie<\/li>\n\n\n\n<li>Pristavn\u00e9 zariadenia<\/li>\n\n\n\n<li>oto\u010dn\u00e9 plo\u0161iny<\/li>\n\n\n\n<li>v\u0161etky druhy \u0165a\u017eko za\u0165a\u017een\u00fdch lo\u017e\u00edsk<\/li>\n\n\n\n<li>na r\u00f4zne komponenty syst\u00e9mov priemyseln\u00fdch vozidiel, stavebn\u00fdch, po\u013enohospod\u00e1rskych strojov a automobilov.<\/li>\n<\/ul>\n\n\n\n<figure class=\"wp-block-gallery has-nested-images columns-default is-cropped wp-block-gallery-1 is-layout-flex wp-block-gallery-is-layout-flex\">\n<figure class=\"wp-block-image size-large\"><img loading=\"lazy\" decoding=\"async\" width=\"800\" height=\"800\" data-id=\"272\" src=\"https:\/\/www.cx80.sk\/wp-content\/uploads\/2025\/11\/smar-miedziany40-1.jpg\" alt=\"\" class=\"wp-image-272\" srcset=\"https:\/\/www.cx80.sk\/wp-content\/uploads\/2025\/11\/smar-miedziany40-1.jpg 800w, https:\/\/www.cx80.sk\/wp-content\/uploads\/2025\/11\/smar-miedziany40-1-300x300.jpg 300w, https:\/\/www.cx80.sk\/wp-content\/uploads\/2025\/11\/smar-miedziany40-1-150x150.jpg 150w, https:\/\/www.cx80.sk\/wp-content\/uploads\/2025\/11\/smar-miedziany40-1-768x768.jpg 768w\" sizes=\"auto, (max-width: 800px) 100vw, 800px\" \/><\/figure>\n\n\n\n<figure class=\"wp-block-image size-large\"><img loading=\"lazy\" decoding=\"async\" width=\"800\" height=\"800\" data-id=\"274\" src=\"https:\/\/www.cx80.sk\/wp-content\/uploads\/2025\/11\/smar-miedziany150.jpg\" alt=\"\" class=\"wp-image-274\" srcset=\"https:\/\/www.cx80.sk\/wp-content\/uploads\/2025\/11\/smar-miedziany150.jpg 800w, https:\/\/www.cx80.sk\/wp-content\/uploads\/2025\/11\/smar-miedziany150-300x300.jpg 300w, https:\/\/www.cx80.sk\/wp-content\/uploads\/2025\/11\/smar-miedziany150-150x150.jpg 150w, https:\/\/www.cx80.sk\/wp-content\/uploads\/2025\/11\/smar-miedziany150-768x768.jpg 768w\" sizes=\"auto, (max-width: 800px) 100vw, 800px\" \/><\/figure>\n\n\n\n<figure class=\"wp-block-image size-large\"><img loading=\"lazy\" decoding=\"async\" width=\"800\" height=\"800\" data-id=\"273\" src=\"https:\/\/www.cx80.sk\/wp-content\/uploads\/2025\/11\/smar-miedziany250.jpg\" alt=\"\" class=\"wp-image-273\" srcset=\"https:\/\/www.cx80.sk\/wp-content\/uploads\/2025\/11\/smar-miedziany250.jpg 800w, https:\/\/www.cx80.sk\/wp-content\/uploads\/2025\/11\/smar-miedziany250-300x300.jpg 300w, https:\/\/www.cx80.sk\/wp-content\/uploads\/2025\/11\/smar-miedziany250-150x150.jpg 150w, https:\/\/www.cx80.sk\/wp-content\/uploads\/2025\/11\/smar-miedziany250-768x768.jpg 768w\" sizes=\"auto, (max-width: 800px) 100vw, 800px\" \/><\/figure>\n\n\n\n<figure class=\"wp-block-image size-large\"><img loading=\"lazy\" decoding=\"async\" width=\"800\" height=\"800\" data-id=\"276\" src=\"https:\/\/www.cx80.sk\/wp-content\/uploads\/2025\/11\/smar-miedziany250d.jpg\" alt=\"\" class=\"wp-image-276\" srcset=\"https:\/\/www.cx80.sk\/wp-content\/uploads\/2025\/11\/smar-miedziany250d.jpg 800w, https:\/\/www.cx80.sk\/wp-content\/uploads\/2025\/11\/smar-miedziany250d-300x300.jpg 300w, https:\/\/www.cx80.sk\/wp-content\/uploads\/2025\/11\/smar-miedziany250d-150x150.jpg 150w, https:\/\/www.cx80.sk\/wp-content\/uploads\/2025\/11\/smar-miedziany250d-768x768.jpg 768w\" sizes=\"auto, (max-width: 800px) 100vw, 800px\" \/><\/figure>\n\n\n\n<figure class=\"wp-block-image size-large\"><img loading=\"lazy\" decoding=\"async\" width=\"800\" height=\"800\" data-id=\"275\" src=\"https:\/\/www.cx80.sk\/wp-content\/uploads\/2025\/11\/smar-miedziany500p2.jpg\" alt=\"\" class=\"wp-image-275\" srcset=\"https:\/\/www.cx80.sk\/wp-content\/uploads\/2025\/11\/smar-miedziany500p2.jpg 800w, https:\/\/www.cx80.sk\/wp-content\/uploads\/2025\/11\/smar-miedziany500p2-300x300.jpg 300w, https:\/\/www.cx80.sk\/wp-content\/uploads\/2025\/11\/smar-miedziany500p2-150x150.jpg 150w, https:\/\/www.cx80.sk\/wp-content\/uploads\/2025\/11\/smar-miedziany500p2-768x768.jpg 768w\" sizes=\"auto, (max-width: 800px) 100vw, 800px\" \/><\/figure>\n<\/figure>\n","protected":false},"excerpt":{"rendered":"<p>Univerz\u00e1lne multifunk\u010dn\u00e9 mazivo pre pou\u017eitie i v t\u00fdch naj\u0165a\u017e\u0161\u00edch podmienkach a v \u0161irokom rozsahu tepl\u00f4t \u2013 od -30 \u00b0C do +1200\u00b0C. Ide\u00e1lny proti zape\u010deniu. VLASTNOSTI: POU\u017dITIE:<\/p>\n","protected":false},"author":1,"featured_media":113,"parent":0,"menu_order":0,"comment_status":"closed","ping_status":"closed","template":"","meta":{"footnotes":""},"class_list":["post-270","page","type-page","status-publish","has-post-thumbnail","hentry"],"_links":{"self":[{"href":"https:\/\/www.cx80.sk\/index.php?rest_route=\/wp\/v2\/pages\/270","targetHints":{"allow":["GET"]}}],"collection":[{"href":"https:\/\/www.cx80.sk\/index.php?rest_route=\/wp\/v2\/pages"}],"about":[{"href":"https:\/\/www.cx80.sk\/index.php?rest_route=\/wp\/v2\/types\/page"}],"author":[{"embeddable":true,"href":"https:\/\/www.cx80.sk\/index.php?rest_route=\/wp\/v2\/users\/1"}],"replies":[{"embeddable":true,"href":"https:\/\/www.cx80.sk\/index.php?rest_route=%2Fwp%2Fv2%2Fcomments&post=270"}],"version-history":[{"count":2,"href":"https:\/\/www.cx80.sk\/index.php?rest_route=\/wp\/v2\/pages\/270\/revisions"}],"predecessor-version":[{"id":300,"href":"https:\/\/www.cx80.sk\/index.php?rest_route=\/wp\/v2\/pages\/270\/revisions\/300"}],"wp:featuredmedia":[{"embeddable":true,"href":"https:\/\/www.cx80.sk\/index.php?rest_route=\/wp\/v2\/media\/113"}],"wp:attachment":[{"href":"https:\/\/www.cx80.sk\/index.php?rest_route=%2Fwp%2Fv2%2Fmedia&parent=270"}],"curies":[{"name":"wp","href":"https:\/\/api.w.org\/{rel}","templated":true}]}}