{"id":287,"date":"2025-11-03T17:46:57","date_gmt":"2025-11-03T16:46:57","guid":{"rendered":"https:\/\/www.cx80.sk\/?page_id=287"},"modified":"2025-11-03T20:02:45","modified_gmt":"2025-11-03T19:02:45","slug":"litiove-mazivo","status":"publish","type":"page","link":"https:\/\/www.cx80.sk\/?page_id=287","title":{"rendered":"L\u00edtiov\u00e9 mazivo"},"content":{"rendered":"\n<p>CX80flpKR@l206<\/p>\n\n\n\n<p>Univerz\u00e1lne multifunk\u010dn\u00e9 mazivo ur\u010den\u00e9 na mazanie \u010dast\u00ed a syst\u00e9mov priemyseln\u00fdch, po\u013enohospod\u00e1rskych mechanizmov a vozidiel. Zais\u0165uje vynikaj\u00face mazanie aj za naj\u0165a\u017e\u0161\u00edch prev\u00e1dzkov\u00fdch podmienok.<\/p>\n\n\n\n<p><strong><em>VLASTNOSTI:<\/em> <\/strong><\/p>\n\n\n\n<ul class=\"wp-block-list\">\n<li>odoln\u00e9 vo\u010di p\u00f4sobeniu vody a oxid\u00e1cii<\/li>\n\n\n\n<li>chr\u00e1ni proti opotrebeniu a\u00a0kor\u00f3zii<\/li>\n\n\n\n<li>predl\u017euje \u017eivotnos\u0165 lo\u017e\u00edsk<\/li>\n\n\n\n<li>obsahuje pr\u00edsady EP<\/li>\n\n\n\n<li>mechanicky stabiln\u00e9 a \u013eahko \u010derpate\u013en\u00e9 v\u010faka m\u00e4kkej konzistencii<\/li>\n\n\n\n<li>sp\u013a\u0148a po\u017eiadavky testu SKF EMCOR <\/li>\n\n\n\n<li>teplota pou\u017e\u00edvania od -20\u00b0C do +130\u00b0C.<\/li>\n<\/ul>\n\n\n\n<figure class=\"wp-block-gallery has-nested-images columns-default is-cropped wp-block-gallery-1 is-layout-flex wp-block-gallery-is-layout-flex\">\n<figure class=\"wp-block-image size-large\"><img loading=\"lazy\" decoding=\"async\" width=\"800\" height=\"800\" data-id=\"288\" src=\"https:\/\/www.cx80.sk\/wp-content\/uploads\/2025\/11\/smar-litowy40.jpg\" alt=\"\" class=\"wp-image-288\" srcset=\"https:\/\/www.cx80.sk\/wp-content\/uploads\/2025\/11\/smar-litowy40.jpg 800w, https:\/\/www.cx80.sk\/wp-content\/uploads\/2025\/11\/smar-litowy40-300x300.jpg 300w, https:\/\/www.cx80.sk\/wp-content\/uploads\/2025\/11\/smar-litowy40-150x150.jpg 150w, https:\/\/www.cx80.sk\/wp-content\/uploads\/2025\/11\/smar-litowy40-768x768.jpg 768w\" sizes=\"auto, (max-width: 800px) 100vw, 800px\" \/><\/figure>\n\n\n\n<figure class=\"wp-block-image size-large\"><img loading=\"lazy\" decoding=\"async\" width=\"800\" height=\"800\" data-id=\"290\" src=\"https:\/\/www.cx80.sk\/wp-content\/uploads\/2025\/11\/smar-litowy150.jpg\" alt=\"\" class=\"wp-image-290\" srcset=\"https:\/\/www.cx80.sk\/wp-content\/uploads\/2025\/11\/smar-litowy150.jpg 800w, https:\/\/www.cx80.sk\/wp-content\/uploads\/2025\/11\/smar-litowy150-300x300.jpg 300w, https:\/\/www.cx80.sk\/wp-content\/uploads\/2025\/11\/smar-litowy150-150x150.jpg 150w, https:\/\/www.cx80.sk\/wp-content\/uploads\/2025\/11\/smar-litowy150-768x768.jpg 768w\" sizes=\"auto, (max-width: 800px) 100vw, 800px\" \/><\/figure>\n\n\n\n<figure class=\"wp-block-image size-large\"><img loading=\"lazy\" decoding=\"async\" width=\"800\" height=\"800\" data-id=\"291\" src=\"https:\/\/www.cx80.sk\/wp-content\/uploads\/2025\/11\/smar-litowy500.jpg\" alt=\"\" class=\"wp-image-291\" srcset=\"https:\/\/www.cx80.sk\/wp-content\/uploads\/2025\/11\/smar-litowy500.jpg 800w, https:\/\/www.cx80.sk\/wp-content\/uploads\/2025\/11\/smar-litowy500-300x300.jpg 300w, https:\/\/www.cx80.sk\/wp-content\/uploads\/2025\/11\/smar-litowy500-150x150.jpg 150w, https:\/\/www.cx80.sk\/wp-content\/uploads\/2025\/11\/smar-litowy500-768x768.jpg 768w\" sizes=\"auto, (max-width: 800px) 100vw, 800px\" \/><\/figure>\n\n\n\n<figure class=\"wp-block-image size-large\"><img loading=\"lazy\" decoding=\"async\" width=\"800\" height=\"800\" data-id=\"289\" src=\"https:\/\/www.cx80.sk\/wp-content\/uploads\/2025\/11\/smar-litowy500d.jpg\" alt=\"\" class=\"wp-image-289\" srcset=\"https:\/\/www.cx80.sk\/wp-content\/uploads\/2025\/11\/smar-litowy500d.jpg 800w, https:\/\/www.cx80.sk\/wp-content\/uploads\/2025\/11\/smar-litowy500d-300x300.jpg 300w, https:\/\/www.cx80.sk\/wp-content\/uploads\/2025\/11\/smar-litowy500d-150x150.jpg 150w, https:\/\/www.cx80.sk\/wp-content\/uploads\/2025\/11\/smar-litowy500d-768x768.jpg 768w\" sizes=\"auto, (max-width: 800px) 100vw, 800px\" \/><\/figure>\n\n\n\n<figure class=\"wp-block-image size-large\"><img loading=\"lazy\" decoding=\"async\" width=\"800\" height=\"800\" data-id=\"292\" src=\"https:\/\/www.cx80.sk\/wp-content\/uploads\/2025\/11\/smar-litowy500p.jpg\" alt=\"\" class=\"wp-image-292\" srcset=\"https:\/\/www.cx80.sk\/wp-content\/uploads\/2025\/11\/smar-litowy500p.jpg 800w, https:\/\/www.cx80.sk\/wp-content\/uploads\/2025\/11\/smar-litowy500p-300x300.jpg 300w, https:\/\/www.cx80.sk\/wp-content\/uploads\/2025\/11\/smar-litowy500p-150x150.jpg 150w, https:\/\/www.cx80.sk\/wp-content\/uploads\/2025\/11\/smar-litowy500p-768x768.jpg 768w\" sizes=\"auto, (max-width: 800px) 100vw, 800px\" \/><\/figure>\n<\/figure>\n\n\n\n<p><\/p>\n","protected":false},"excerpt":{"rendered":"<p>CX80flpKR@l206 Univerz\u00e1lne multifunk\u010dn\u00e9 mazivo ur\u010den\u00e9 na mazanie \u010dast\u00ed a syst\u00e9mov priemyseln\u00fdch, po\u013enohospod\u00e1rskych mechanizmov a vozidiel. Zais\u0165uje vynikaj\u00face mazanie aj za naj\u0165a\u017e\u0161\u00edch prev\u00e1dzkov\u00fdch podmienok. VLASTNOSTI:<\/p>\n","protected":false},"author":1,"featured_media":113,"parent":0,"menu_order":0,"comment_status":"closed","ping_status":"closed","template":"","meta":{"footnotes":""},"class_list":["post-287","page","type-page","status-publish","has-post-thumbnail","hentry"],"_links":{"self":[{"href":"https:\/\/www.cx80.sk\/index.php?rest_route=\/wp\/v2\/pages\/287","targetHints":{"allow":["GET"]}}],"collection":[{"href":"https:\/\/www.cx80.sk\/index.php?rest_route=\/wp\/v2\/pages"}],"about":[{"href":"https:\/\/www.cx80.sk\/index.php?rest_route=\/wp\/v2\/types\/page"}],"author":[{"embeddable":true,"href":"https:\/\/www.cx80.sk\/index.php?rest_route=\/wp\/v2\/users\/1"}],"replies":[{"embeddable":true,"href":"https:\/\/www.cx80.sk\/index.php?rest_route=%2Fwp%2Fv2%2Fcomments&post=287"}],"version-history":[{"count":1,"href":"https:\/\/www.cx80.sk\/index.php?rest_route=\/wp\/v2\/pages\/287\/revisions"}],"predecessor-version":[{"id":295,"href":"https:\/\/www.cx80.sk\/index.php?rest_route=\/wp\/v2\/pages\/287\/revisions\/295"}],"wp:featuredmedia":[{"embeddable":true,"href":"https:\/\/www.cx80.sk\/index.php?rest_route=\/wp\/v2\/media\/113"}],"wp:attachment":[{"href":"https:\/\/www.cx80.sk\/index.php?rest_route=%2Fwp%2Fv2%2Fmedia&parent=287"}],"curies":[{"name":"wp","href":"https:\/\/api.w.org\/{rel}","templated":true}]}}