{"id":299,"date":"2025-11-03T17:58:00","date_gmt":"2025-11-03T16:58:00","guid":{"rendered":"https:\/\/www.cx80.sk\/?page_id=299"},"modified":"2025-11-03T20:03:46","modified_gmt":"2025-11-03T19:03:46","slug":"synteticke-mazivo-ceracx","status":"publish","type":"page","link":"https:\/\/www.cx80.sk\/?page_id=299","title":{"rendered":"Syntetick\u00e9 mazivo CERACX"},"content":{"rendered":"\n<p>Multifunk\u010dn\u00e9 syntetick\u00e9 mazivo obsahuj\u00face komplexn\u00fd sulfon\u00e1t v\u00e1penat\u00fd ur\u010den\u00e9 pre ve\u013emi \u0165a\u017ek\u00e9 podmienky, vodotesn\u00e9, pre pou\u017eitie pri n\u00edzkych a stredn\u00fdch r\u00fdchlostiach ot\u00e1\u010dok.<\/p>\n\n\n\n<p><strong><em>VLASTNOSTI:<\/em> <\/strong><\/p>\n\n\n\n<ul class=\"wp-block-list\">\n<li>vynikaj\u00faca tepeln\u00e1 stabilita \u2013 z\u00edskava svoju p\u00f4vodn\u00fa \u0161trukt\u00faru po vychladnut\u00ed na okolit\u00fa teplotu<\/li>\n\n\n\n<li>odolnos\u0165 vo\u010di ve\u013ekej z\u00e1\u0165a\u017ei<\/li>\n\n\n\n<li>v\u00fdnimo\u010dn\u00e1 vodeodolnos\u0165 \u2013 konzistencia sa nemen\u00ed ani pri ve\u013ekom prieniku vody k mazivu<\/li>\n\n\n\n<li>neobsahuje olovo ani in\u00e9 \u0165a\u017ek\u00e9 kovy \u0161kodliv\u00e9 pre zdravie a \u017eivotn\u00e9 prostredie<\/li>\n\n\n\n<li>vysok\u00e1 mechanick\u00e1 stabilita<\/li>\n\n\n\n<li>teplota pou\u017e\u00edvania od -35\u00b0C do +190\u00b0C<\/li>\n\n\n\n<li>trieda NLGI 2.<\/li>\n<\/ul>\n\n\n\n<p><em><strong>POU\u017dITIE:<\/strong><\/em><\/p>\n\n\n\n<ul class=\"wp-block-list\">\n<li>mazanie v\u0161etk\u00fdch druhov mechanizmov a zariaden\u00ed vystaven\u00fdch ve\u013ek\u00e9mu za\u0165a\u017eeniu a \u00faderom, pracuj\u00facich na miestach, kde mazivo je v \u010dastom kontakte s vodou (aj morskou vzh\u013eadom na posilnen\u00e9 vlastnosti proti hrdzi)<\/li>\n\n\n\n<li>mazanie prvkov liniek plynul\u00e9ho odlievania, valcovan\u00fdch tratiach v oceliar\u0148ach, lo\u017e\u00edsk v mokr\u00fdch aj such\u00fdch sekci\u00e1ch papiern\u00ed (pls\u0165ov\u00e9 valce)<\/li>\n\n\n\n<li>v priemysle, tam kde sa vyskytuj\u00fa \u0165a\u017ek\u00e9 pracovn\u00e9 podmienky (vlhkos\u0165, za\u0165a\u017eenie, vysok\u00e1 teplota, prach at\u010f.).<\/li>\n<\/ul>\n\n\n\n<figure class=\"wp-block-gallery has-nested-images columns-default is-cropped wp-block-gallery-1 is-layout-flex wp-block-gallery-is-layout-flex\">\n<figure class=\"wp-block-image size-large\"><img loading=\"lazy\" decoding=\"async\" width=\"278\" height=\"684\" data-id=\"302\" src=\"https:\/\/www.cx80.sk\/wp-content\/uploads\/2025\/11\/CERACX-40_g.jpg\" alt=\"\" class=\"wp-image-302\" srcset=\"https:\/\/www.cx80.sk\/wp-content\/uploads\/2025\/11\/CERACX-40_g.jpg 278w, https:\/\/www.cx80.sk\/wp-content\/uploads\/2025\/11\/CERACX-40_g-122x300.jpg 122w\" sizes=\"auto, (max-width: 278px) 100vw, 278px\" \/><\/figure>\n\n\n\n<figure class=\"wp-block-image size-large\"><img loading=\"lazy\" decoding=\"async\" width=\"800\" height=\"800\" data-id=\"306\" src=\"https:\/\/www.cx80.sk\/wp-content\/uploads\/2025\/11\/ceracx.jpg\" alt=\"\" class=\"wp-image-306\" srcset=\"https:\/\/www.cx80.sk\/wp-content\/uploads\/2025\/11\/ceracx.jpg 800w, https:\/\/www.cx80.sk\/wp-content\/uploads\/2025\/11\/ceracx-300x300.jpg 300w, https:\/\/www.cx80.sk\/wp-content\/uploads\/2025\/11\/ceracx-150x150.jpg 150w, https:\/\/www.cx80.sk\/wp-content\/uploads\/2025\/11\/ceracx-768x768.jpg 768w\" sizes=\"auto, (max-width: 800px) 100vw, 800px\" \/><\/figure>\n<\/figure>\n\n\n\n<p><\/p>\n","protected":false},"excerpt":{"rendered":"<p>Multifunk\u010dn\u00e9 syntetick\u00e9 mazivo obsahuj\u00face komplexn\u00fd sulfon\u00e1t v\u00e1penat\u00fd ur\u010den\u00e9 pre ve\u013emi \u0165a\u017ek\u00e9 podmienky, vodotesn\u00e9, pre pou\u017eitie pri n\u00edzkych a stredn\u00fdch r\u00fdchlostiach ot\u00e1\u010dok. VLASTNOSTI: POU\u017dITIE:<\/p>\n","protected":false},"author":1,"featured_media":113,"parent":0,"menu_order":0,"comment_status":"closed","ping_status":"closed","template":"","meta":{"footnotes":""},"class_list":["post-299","page","type-page","status-publish","has-post-thumbnail","hentry"],"_links":{"self":[{"href":"https:\/\/www.cx80.sk\/index.php?rest_route=\/wp\/v2\/pages\/299","targetHints":{"allow":["GET"]}}],"collection":[{"href":"https:\/\/www.cx80.sk\/index.php?rest_route=\/wp\/v2\/pages"}],"about":[{"href":"https:\/\/www.cx80.sk\/index.php?rest_route=\/wp\/v2\/types\/page"}],"author":[{"embeddable":true,"href":"https:\/\/www.cx80.sk\/index.php?rest_route=\/wp\/v2\/users\/1"}],"replies":[{"embeddable":true,"href":"https:\/\/www.cx80.sk\/index.php?rest_route=%2Fwp%2Fv2%2Fcomments&post=299"}],"version-history":[{"count":2,"href":"https:\/\/www.cx80.sk\/index.php?rest_route=\/wp\/v2\/pages\/299\/revisions"}],"predecessor-version":[{"id":309,"href":"https:\/\/www.cx80.sk\/index.php?rest_route=\/wp\/v2\/pages\/299\/revisions\/309"}],"wp:featuredmedia":[{"embeddable":true,"href":"https:\/\/www.cx80.sk\/index.php?rest_route=\/wp\/v2\/media\/113"}],"wp:attachment":[{"href":"https:\/\/www.cx80.sk\/index.php?rest_route=%2Fwp%2Fv2%2Fmedia&parent=299"}],"curies":[{"name":"wp","href":"https:\/\/api.w.org\/{rel}","templated":true}]}}