{"id":311,"date":"2025-11-03T18:09:17","date_gmt":"2025-11-03T17:09:17","guid":{"rendered":"https:\/\/www.cx80.sk\/?page_id=311"},"modified":"2025-11-03T20:04:04","modified_gmt":"2025-11-03T19:04:04","slug":"silikonove-mazivo","status":"publish","type":"page","link":"https:\/\/www.cx80.sk\/?page_id=311","title":{"rendered":"Silik\u00f3nov\u00e9 mazivo"},"content":{"rendered":"\n<p>Bezfarebn\u00e9 mazivo s vysokou viskozitou pre gumu, plasty a in\u00e9 materi\u00e1ly<\/p>\n\n\n\n<p><strong><em>VLASTNOSTI:<\/em> <\/strong><\/p>\n\n\n\n<ul class=\"wp-block-list\">\n<li>vytv\u00e1ra povlak s vynimo\u010dnou odolnos\u0165ou<\/li>\n\n\n\n<li>trec\u00ed povrch po nanesen\u00ed tenkou vrstvou silik\u00f3nov\u00e9ho maziva zais\u0165uje mexim\u00e1lnu redukciu trenia a predl\u017euje \u017eivotnos\u0165 trec\u00edch povrchov a t\u00edm aj cel\u00e9ho zariadenia<\/li>\n\n\n\n<li>ide\u00e1lny na pou\u017eitie na kontaktn\u00e9 plochy vyroben\u00e9 z plastu, kovu, keramiky, gumy a mnoh\u00fdch \u010fal\u0161\u00edch<\/li>\n\n\n\n<li>nezanech\u00e1va \u0161kvrny  a nelep\u00ed sa s prachom<\/li>\n\n\n\n<li>nepri\u013enav\u00fd<\/li>\n\n\n\n<li>teplota pou\u017eitia od -60\u00b0C do +230\u00b0C.<\/li>\n<\/ul>\n\n\n\n<p><em><strong>POU\u017dITIE:<\/strong><\/em><\/p>\n\n\n\n<ul class=\"wp-block-list\">\n<li>v\u0161etky druhy sanit\u00e1rnych zariaden\u00ed \u2013 tradi\u010dn\u00e9 a p\u00e1kov\u00e9 (plynov\u00e9) ventily, tesnenie, spoje, koh\u00faty, ventily, k\u013aby<\/li>\n\n\n\n<li>mazanie o-kr\u00fa\u017ekov, mazanie v textilnom a papierenskom a potravin\u00e1rskom priemysle<\/li>\n\n\n\n<li>elektrick\u00e9 a energetick\u00e9 zariadenia (zabezpe\u010denie pr\u00fadovej dr\u00e1hy)<\/li>\n\n\n\n<li>energetick\u00e9 kryty, ktor\u00e9 pracuj\u00fa v krajn\u00fdch teplot\u00e1ch (od -60\u00b0C do +230\u00b0C)<\/li>\n\n\n\n<li>automobilov\u00fd priemysel \u2013 na mazanie liniek, z\u00e1mkov, z\u00e1vesov, obj\u00edmok a skrutiek<\/li>\n\n\n\n<li>zabezpe\u010denie proti kor\u00f3zii tla\u010diarenskych strojov a v\u0161ade t\u00e1m, kde je mazivo v styku s papierom<\/li>\n\n\n\n<li>trieda H2<\/li>\n\n\n\n<li>v\u00fdrobok s atestom NSF, ktor\u00fd povo\u013euje pou\u017eitie v potravin\u00e1rskom priemysle.<\/li>\n<\/ul>\n\n\n\n<figure class=\"wp-block-gallery has-nested-images columns-default is-cropped wp-block-gallery-1 is-layout-flex wp-block-gallery-is-layout-flex\">\n<figure class=\"wp-block-image size-large\"><img loading=\"lazy\" decoding=\"async\" width=\"800\" height=\"800\" data-id=\"315\" src=\"https:\/\/www.cx80.sk\/wp-content\/uploads\/2025\/11\/silikon-spray300.jpg\" alt=\"\" class=\"wp-image-315\" srcset=\"https:\/\/www.cx80.sk\/wp-content\/uploads\/2025\/11\/silikon-spray300.jpg 800w, https:\/\/www.cx80.sk\/wp-content\/uploads\/2025\/11\/silikon-spray300-300x300.jpg 300w, https:\/\/www.cx80.sk\/wp-content\/uploads\/2025\/11\/silikon-spray300-150x150.jpg 150w, https:\/\/www.cx80.sk\/wp-content\/uploads\/2025\/11\/silikon-spray300-768x768.jpg 768w\" sizes=\"auto, (max-width: 800px) 100vw, 800px\" \/><\/figure>\n\n\n\n<figure class=\"wp-block-image size-large\"><img loading=\"lazy\" decoding=\"async\" width=\"800\" height=\"800\" data-id=\"312\" src=\"https:\/\/www.cx80.sk\/wp-content\/uploads\/2025\/11\/silikon-spray500.jpg\" alt=\"\" class=\"wp-image-312\" srcset=\"https:\/\/www.cx80.sk\/wp-content\/uploads\/2025\/11\/silikon-spray500.jpg 800w, https:\/\/www.cx80.sk\/wp-content\/uploads\/2025\/11\/silikon-spray500-300x300.jpg 300w, https:\/\/www.cx80.sk\/wp-content\/uploads\/2025\/11\/silikon-spray500-150x150.jpg 150w, https:\/\/www.cx80.sk\/wp-content\/uploads\/2025\/11\/silikon-spray500-768x768.jpg 768w\" sizes=\"auto, (max-width: 800px) 100vw, 800px\" \/><\/figure>\n\n\n\n<figure class=\"wp-block-image size-large\"><img loading=\"lazy\" decoding=\"async\" width=\"800\" height=\"800\" data-id=\"313\" src=\"https:\/\/www.cx80.sk\/wp-content\/uploads\/2025\/11\/silikon-spray500nsf.jpg\" alt=\"\" class=\"wp-image-313\" srcset=\"https:\/\/www.cx80.sk\/wp-content\/uploads\/2025\/11\/silikon-spray500nsf.jpg 800w, https:\/\/www.cx80.sk\/wp-content\/uploads\/2025\/11\/silikon-spray500nsf-300x300.jpg 300w, https:\/\/www.cx80.sk\/wp-content\/uploads\/2025\/11\/silikon-spray500nsf-150x150.jpg 150w, https:\/\/www.cx80.sk\/wp-content\/uploads\/2025\/11\/silikon-spray500nsf-768x768.jpg 768w\" sizes=\"auto, (max-width: 800px) 100vw, 800px\" \/><\/figure>\n\n\n\n<figure class=\"wp-block-image size-large\"><img loading=\"lazy\" decoding=\"async\" width=\"800\" height=\"800\" data-id=\"314\" src=\"https:\/\/www.cx80.sk\/wp-content\/uploads\/2025\/11\/smar-silikonowy40.jpg\" alt=\"\" class=\"wp-image-314\" srcset=\"https:\/\/www.cx80.sk\/wp-content\/uploads\/2025\/11\/smar-silikonowy40.jpg 800w, https:\/\/www.cx80.sk\/wp-content\/uploads\/2025\/11\/smar-silikonowy40-300x300.jpg 300w, https:\/\/www.cx80.sk\/wp-content\/uploads\/2025\/11\/smar-silikonowy40-150x150.jpg 150w, https:\/\/www.cx80.sk\/wp-content\/uploads\/2025\/11\/smar-silikonowy40-768x768.jpg 768w\" sizes=\"auto, (max-width: 800px) 100vw, 800px\" \/><\/figure>\n\n\n\n<figure class=\"wp-block-image size-large\"><img loading=\"lazy\" decoding=\"async\" width=\"800\" height=\"800\" data-id=\"316\" src=\"https:\/\/www.cx80.sk\/wp-content\/uploads\/2025\/11\/smar-silikonowy500.jpg\" alt=\"\" class=\"wp-image-316\" srcset=\"https:\/\/www.cx80.sk\/wp-content\/uploads\/2025\/11\/smar-silikonowy500.jpg 800w, https:\/\/www.cx80.sk\/wp-content\/uploads\/2025\/11\/smar-silikonowy500-300x300.jpg 300w, https:\/\/www.cx80.sk\/wp-content\/uploads\/2025\/11\/smar-silikonowy500-150x150.jpg 150w, https:\/\/www.cx80.sk\/wp-content\/uploads\/2025\/11\/smar-silikonowy500-768x768.jpg 768w\" sizes=\"auto, (max-width: 800px) 100vw, 800px\" \/><\/figure>\n<\/figure>\n","protected":false},"excerpt":{"rendered":"<p>Bezfarebn\u00e9 mazivo s vysokou viskozitou pre gumu, plasty a in\u00e9 materi\u00e1ly VLASTNOSTI: POU\u017dITIE:<\/p>\n","protected":false},"author":1,"featured_media":113,"parent":0,"menu_order":0,"comment_status":"closed","ping_status":"closed","template":"","meta":{"footnotes":""},"class_list":["post-311","page","type-page","status-publish","has-post-thumbnail","hentry"],"_links":{"self":[{"href":"https:\/\/www.cx80.sk\/index.php?rest_route=\/wp\/v2\/pages\/311","targetHints":{"allow":["GET"]}}],"collection":[{"href":"https:\/\/www.cx80.sk\/index.php?rest_route=\/wp\/v2\/pages"}],"about":[{"href":"https:\/\/www.cx80.sk\/index.php?rest_route=\/wp\/v2\/types\/page"}],"author":[{"embeddable":true,"href":"https:\/\/www.cx80.sk\/index.php?rest_route=\/wp\/v2\/users\/1"}],"replies":[{"embeddable":true,"href":"https:\/\/www.cx80.sk\/index.php?rest_route=%2Fwp%2Fv2%2Fcomments&post=311"}],"version-history":[{"count":1,"href":"https:\/\/www.cx80.sk\/index.php?rest_route=\/wp\/v2\/pages\/311\/revisions"}],"predecessor-version":[{"id":319,"href":"https:\/\/www.cx80.sk\/index.php?rest_route=\/wp\/v2\/pages\/311\/revisions\/319"}],"wp:featuredmedia":[{"embeddable":true,"href":"https:\/\/www.cx80.sk\/index.php?rest_route=\/wp\/v2\/media\/113"}],"wp:attachment":[{"href":"https:\/\/www.cx80.sk\/index.php?rest_route=%2Fwp%2Fv2%2Fmedia&parent=311"}],"curies":[{"name":"wp","href":"https:\/\/api.w.org\/{rel}","templated":true}]}}