{"id":321,"date":"2025-11-03T18:12:57","date_gmt":"2025-11-03T17:12:57","guid":{"rendered":"https:\/\/www.cx80.sk\/?page_id=321"},"modified":"2025-11-03T20:04:24","modified_gmt":"2025-11-03T19:04:24","slug":"molibdenove-mazivo","status":"publish","type":"page","link":"https:\/\/www.cx80.sk\/?page_id=321","title":{"rendered":"Molibd\u00e9nov\u00e9 mazivo"},"content":{"rendered":"\n<p>\u013dahko \u010derpate\u013en\u00e9, univerz\u00e1lne litiovo-v\u00e1penat\u00e9 mazivo EP, ktor\u00e9 obsahuje disulfid molybd\u00e9nu (IV) MoS\u2082 a modifik\u00e1tory trenia, ktor\u00e9 chr\u00e1nia proti opotrebeniu tren\u00edm aj za extr\u00e9mnych podmienok.<\/p>\n\n\n\n<p><strong><em>VLASTNOSTI:<\/em> <\/strong><\/p>\n\n\n\n<ul class=\"wp-block-list\">\n<li>ve\u013emi \u013eahk\u00e9 \u010derpanie pomocou mazn\u00edc<\/li>\n\n\n\n<li>vysok\u00e1 teplotn\u00e1 stabilita<\/li>\n\n\n\n<li>odolnos\u0165 vo\u010di vlhkosti<\/li>\n\n\n\n<li>pou\u017eitie pri teplot\u00e1ch od -25\u00b0C do +150\u00b0C<\/li>\n\n\n\n<li>je mie\u0161ate\u013en\u00e9 so v\u0161etk\u00fdmi mazivami, ktor\u00e9 obsahuj\u00fa mydlo<\/li>\n\n\n\n<li>vynikaj\u00faca pri\u013enavos\u0165 ku kovom<\/li>\n\n\n\n<li>neobsahuje olovo ani ostatn\u00e9 \u0165a\u017ek\u00e9 kovy.<\/li>\n<\/ul>\n\n\n\n<p><em><strong>POU\u017dITIE:<\/strong><\/em><\/p>\n\n\n\n<ul class=\"wp-block-list\">\n<li>vo vozidl\u00e1ch<\/li>\n\n\n\n<li>vysokozdvi\u017en\u00fdch voz\u00edkoch<\/li>\n\n\n\n<li>priemyseln\u00fdch zariadeniach, ktor\u00e9 pracuj\u00fa vo vlhkom prostred\u00ed (\u017eeriavy, posuvn\u00e9 \u017eeriavy at\u010f.)<\/li>\n\n\n\n<li>mazanie k\u013abov, v\u00fdhybiek, lo\u017e\u00edsk, hriade\u013eov aj ostatn\u00fdch mechanizmov.<\/li>\n<\/ul>\n\n\n\n<figure class=\"wp-block-gallery has-nested-images columns-default is-cropped wp-block-gallery-1 is-layout-flex wp-block-gallery-is-layout-flex\">\n<figure class=\"wp-block-image size-large\"><img loading=\"lazy\" decoding=\"async\" width=\"800\" height=\"800\" data-id=\"322\" src=\"https:\/\/www.cx80.sk\/wp-content\/uploads\/2025\/11\/smar-molibdenowy.jpg\" alt=\"\" class=\"wp-image-322\" srcset=\"https:\/\/www.cx80.sk\/wp-content\/uploads\/2025\/11\/smar-molibdenowy.jpg 800w, https:\/\/www.cx80.sk\/wp-content\/uploads\/2025\/11\/smar-molibdenowy-300x300.jpg 300w, https:\/\/www.cx80.sk\/wp-content\/uploads\/2025\/11\/smar-molibdenowy-150x150.jpg 150w, https:\/\/www.cx80.sk\/wp-content\/uploads\/2025\/11\/smar-molibdenowy-768x768.jpg 768w\" sizes=\"auto, (max-width: 800px) 100vw, 800px\" \/><\/figure>\n<\/figure>\n","protected":false},"excerpt":{"rendered":"<p>\u013dahko \u010derpate\u013en\u00e9, univerz\u00e1lne litiovo-v\u00e1penat\u00e9 mazivo EP, ktor\u00e9 obsahuje disulfid molybd\u00e9nu (IV) MoS\u2082 a modifik\u00e1tory trenia, ktor\u00e9 chr\u00e1nia proti opotrebeniu tren\u00edm aj za extr\u00e9mnych podmienok. VLASTNOSTI: POU\u017dITIE:<\/p>\n","protected":false},"author":1,"featured_media":113,"parent":0,"menu_order":0,"comment_status":"closed","ping_status":"closed","template":"","meta":{"footnotes":""},"class_list":["post-321","page","type-page","status-publish","has-post-thumbnail","hentry"],"_links":{"self":[{"href":"https:\/\/www.cx80.sk\/index.php?rest_route=\/wp\/v2\/pages\/321","targetHints":{"allow":["GET"]}}],"collection":[{"href":"https:\/\/www.cx80.sk\/index.php?rest_route=\/wp\/v2\/pages"}],"about":[{"href":"https:\/\/www.cx80.sk\/index.php?rest_route=\/wp\/v2\/types\/page"}],"author":[{"embeddable":true,"href":"https:\/\/www.cx80.sk\/index.php?rest_route=\/wp\/v2\/users\/1"}],"replies":[{"embeddable":true,"href":"https:\/\/www.cx80.sk\/index.php?rest_route=%2Fwp%2Fv2%2Fcomments&post=321"}],"version-history":[{"count":1,"href":"https:\/\/www.cx80.sk\/index.php?rest_route=\/wp\/v2\/pages\/321\/revisions"}],"predecessor-version":[{"id":325,"href":"https:\/\/www.cx80.sk\/index.php?rest_route=\/wp\/v2\/pages\/321\/revisions\/325"}],"wp:featuredmedia":[{"embeddable":true,"href":"https:\/\/www.cx80.sk\/index.php?rest_route=\/wp\/v2\/media\/113"}],"wp:attachment":[{"href":"https:\/\/www.cx80.sk\/index.php?rest_route=%2Fwp%2Fv2%2Fmedia&parent=321"}],"curies":[{"name":"wp","href":"https:\/\/api.w.org\/{rel}","templated":true}]}}