{"id":326,"date":"2025-11-03T18:16:15","date_gmt":"2025-11-03T17:16:15","guid":{"rendered":"https:\/\/www.cx80.sk\/?page_id=326"},"modified":"2025-11-03T20:04:43","modified_gmt":"2025-11-03T19:04:43","slug":"grafitove-mazivo","status":"publish","type":"page","link":"https:\/\/www.cx80.sk\/?page_id=326","title":{"rendered":"Grafitov\u00e9 mazivo"},"content":{"rendered":"\n<p>Proti zadretiu. Profesion\u00e1lne v\u00e1penat\u00e9 mazivo vyroben\u00e9 na miner\u00e1lnej b\u00e1ze s pr\u00edmesou mikronizovan\u00e9ho grafitu.<\/p>\n\n\n\n<p><strong><em>VLASTNOSTI:<\/em> <\/strong><\/p>\n\n\n\n<ul class=\"wp-block-list\">\n<li>vysok\u00e1 odolnos\u0165 vo\u010di p\u00f4sobeniu vody<\/li>\n\n\n\n<li>dobr\u00e1 protikor\u00f3zna ochrana<\/li>\n\n\n\n<li>vysok\u00e1 odolnos\u0165 na za\u0165a\u017eenie<\/li>\n\n\n\n<li>ochrana proti opotrebeniu<\/li>\n\n\n\n<li>dokonal\u00e1 pri\u013enavos\u0165 pri vysok\u00fdch teplot\u00e1ch, efekt such\u00e9ho mazania grafitom<\/li>\n\n\n\n<li>vysok\u00e1 elektrick\u00e1 vodivos\u0165<\/li>\n\n\n\n<li>obsah grafitu \u2013 15%<\/li>\n\n\n\n<li>pracovn\u00e1 teplota OD -30\u00b0C DO +600\u00b0C.<\/li>\n<\/ul>\n\n\n\n<p><em><strong>POU\u017dITIE:<\/strong><\/em><\/p>\n\n\n\n<ul class=\"wp-block-list\">\n<li>v\u0161eobecn\u00e9 mazanie (najm\u00e4 mazacie prvky vystaven\u00e9 poveternostn\u00fdm podmienkam)<\/li>\n\n\n\n<li>otvoren\u00e9 prevodovky<\/li>\n\n\n\n<li>zbera\u010de pr\u00fadu \u017eelezni\u010dn\u00fdch lokomot\u00edv a elektri\u010diek<\/li>\n\n\n\n<li>stavebn\u00e9 a po\u013enohospod\u00e1rske stroje<\/li>\n\n\n\n<li>re\u0165aze v peciach (such\u00e9 mazanie).<\/li>\n<\/ul>\n\n\n\n<figure class=\"wp-block-gallery has-nested-images columns-default is-cropped wp-block-gallery-1 is-layout-flex wp-block-gallery-is-layout-flex\">\n<figure class=\"wp-block-image size-large\"><img loading=\"lazy\" decoding=\"async\" width=\"800\" height=\"800\" data-id=\"328\" src=\"https:\/\/www.cx80.sk\/wp-content\/uploads\/2025\/11\/smar-grafitowy40.jpg\" alt=\"\" class=\"wp-image-328\" srcset=\"https:\/\/www.cx80.sk\/wp-content\/uploads\/2025\/11\/smar-grafitowy40.jpg 800w, https:\/\/www.cx80.sk\/wp-content\/uploads\/2025\/11\/smar-grafitowy40-300x300.jpg 300w, https:\/\/www.cx80.sk\/wp-content\/uploads\/2025\/11\/smar-grafitowy40-150x150.jpg 150w, https:\/\/www.cx80.sk\/wp-content\/uploads\/2025\/11\/smar-grafitowy40-768x768.jpg 768w\" sizes=\"auto, (max-width: 800px) 100vw, 800px\" \/><\/figure>\n\n\n\n<figure class=\"wp-block-image size-large\"><img loading=\"lazy\" decoding=\"async\" width=\"800\" height=\"800\" data-id=\"327\" src=\"https:\/\/www.cx80.sk\/wp-content\/uploads\/2025\/11\/smar-grafitowy500.jpg\" alt=\"\" class=\"wp-image-327\" srcset=\"https:\/\/www.cx80.sk\/wp-content\/uploads\/2025\/11\/smar-grafitowy500.jpg 800w, https:\/\/www.cx80.sk\/wp-content\/uploads\/2025\/11\/smar-grafitowy500-300x300.jpg 300w, https:\/\/www.cx80.sk\/wp-content\/uploads\/2025\/11\/smar-grafitowy500-150x150.jpg 150w, https:\/\/www.cx80.sk\/wp-content\/uploads\/2025\/11\/smar-grafitowy500-768x768.jpg 768w\" sizes=\"auto, (max-width: 800px) 100vw, 800px\" \/><\/figure>\n<\/figure>\n","protected":false},"excerpt":{"rendered":"<p>Proti zadretiu. Profesion\u00e1lne v\u00e1penat\u00e9 mazivo vyroben\u00e9 na miner\u00e1lnej b\u00e1ze s pr\u00edmesou mikronizovan\u00e9ho grafitu. VLASTNOSTI: POU\u017dITIE:<\/p>\n","protected":false},"author":1,"featured_media":113,"parent":0,"menu_order":0,"comment_status":"closed","ping_status":"closed","template":"","meta":{"footnotes":""},"class_list":["post-326","page","type-page","status-publish","has-post-thumbnail","hentry"],"_links":{"self":[{"href":"https:\/\/www.cx80.sk\/index.php?rest_route=\/wp\/v2\/pages\/326","targetHints":{"allow":["GET"]}}],"collection":[{"href":"https:\/\/www.cx80.sk\/index.php?rest_route=\/wp\/v2\/pages"}],"about":[{"href":"https:\/\/www.cx80.sk\/index.php?rest_route=\/wp\/v2\/types\/page"}],"author":[{"embeddable":true,"href":"https:\/\/www.cx80.sk\/index.php?rest_route=\/wp\/v2\/users\/1"}],"replies":[{"embeddable":true,"href":"https:\/\/www.cx80.sk\/index.php?rest_route=%2Fwp%2Fv2%2Fcomments&post=326"}],"version-history":[{"count":2,"href":"https:\/\/www.cx80.sk\/index.php?rest_route=\/wp\/v2\/pages\/326\/revisions"}],"predecessor-version":[{"id":333,"href":"https:\/\/www.cx80.sk\/index.php?rest_route=\/wp\/v2\/pages\/326\/revisions\/333"}],"wp:featuredmedia":[{"embeddable":true,"href":"https:\/\/www.cx80.sk\/index.php?rest_route=\/wp\/v2\/media\/113"}],"wp:attachment":[{"href":"https:\/\/www.cx80.sk\/index.php?rest_route=%2Fwp%2Fv2%2Fmedia&parent=326"}],"curies":[{"name":"wp","href":"https:\/\/api.w.org\/{rel}","templated":true}]}}