{"id":335,"date":"2025-11-03T18:24:28","date_gmt":"2025-11-03T17:24:28","guid":{"rendered":"https:\/\/www.cx80.sk\/?page_id=335"},"modified":"2025-11-03T20:05:02","modified_gmt":"2025-11-03T19:05:02","slug":"loziskove-mazivo","status":"publish","type":"page","link":"https:\/\/www.cx80.sk\/?page_id=335","title":{"rendered":"Lo\u017eiskov\u00e9 mazivo"},"content":{"rendered":"\n<p>Pre vysokoot\u00e1\u010dkov\u00e9 lo\u017eisk\u00e1. Komplexn\u00e9 litiov\u00e9 mazivo na b\u00e1ze miner\u00e1lnych surov\u00edn a pr\u00edsadach (vr\u00e1tane EP), ktor\u00e9 zais\u0165uj\u00fa v\u00fdnimo\u010dn\u00fa chemick\u00fa a mechanick\u00fa stabilitu.<\/p>\n\n\n\n<p><strong><em>VLASTNOSTI:<\/em> <\/strong><\/p>\n\n\n\n<ul class=\"wp-block-list\">\n<li>mo\u017enos\u0165 pou\u017e\u00edvania pri teplote a\u017e do 220\u00b0C<\/li>\n\n\n\n<li>dokonal\u00e1 pri\u013enavos\u0165 k povrchu kovov a odolnos\u0165 vo\u010di vode<\/li>\n\n\n\n<li>ve\u013emi vysok\u00e1 odolnos\u0165 vo\u010di starnutiu<\/li>\n\n\n\n<li>vysok\u00e1 odolnos\u0165 vo\u010di oxid\u00e1cii<\/li>\n\n\n\n<li>s\u00fa\u010dinite\u013e r\u00fdchlosti lo\u017eiska DN minimum 500 000<\/li>\n\n\n\n<li>neobsahuje olovo a in\u00e9 \u0165a\u017ek\u00e9 kovy<\/li>\n\n\n\n<li>vhodn\u00e9 ako mazivo na tlmenie hluku v lo\u017eisk\u00e1ch s r\u00fdchlymi ot\u00e1\u010dkami<\/li>\n\n\n\n<li>trieda NLGI 2.<\/li>\n<\/ul>\n\n\n\n<p><em><strong>POU\u017dITIE:<\/strong><\/em><\/p>\n\n\n\n<ul class=\"wp-block-list\">\n<li>lo\u017eisk\u00e1 s vysokou r\u00fdchlos\u0165ou ot\u00e1\u010dok vystaven\u00e9 p\u00f4sobeniu vysok\u00fdch tepl\u00f4t a vody (ban\u00edcke a stavebn\u00e9 stroje, granul\u00e1tory, aut\u00e1)<\/li>\n\n\n\n<li>odpor\u00fa\u010dan\u00fd najm\u00e4 pre gu\u013e\u00f4\u010dkov\u00e9 lo\u017eisk\u00e1<\/li>\n\n\n\n<li>valiv\u00e9 lo\u017eisk\u00e1 elektrick\u00fdch motorov, ventil\u00e1torov, su\u0161i\u010diek, p\u00e1sov\u00fdch dopravn\u00edkov aj ostatn\u00fdch zariaden\u00ed, kde sa vy\u017eaduje jednor\u00e1zov\u00e9 mazanie<\/li>\n\n\n\n<li>lo\u017eisk\u00e1 vystaven\u00e9 vibr\u00e1ciam.<\/li>\n<\/ul>\n\n\n\n<figure class=\"wp-block-gallery has-nested-images columns-default is-cropped wp-block-gallery-1 is-layout-flex wp-block-gallery-is-layout-flex\">\n<figure class=\"wp-block-image size-large\"><img loading=\"lazy\" decoding=\"async\" width=\"279\" height=\"666\" data-id=\"337\" src=\"https:\/\/www.cx80.sk\/wp-content\/uploads\/2025\/11\/loziskove_40g.jpg\" alt=\"\" class=\"wp-image-337\" srcset=\"https:\/\/www.cx80.sk\/wp-content\/uploads\/2025\/11\/loziskove_40g.jpg 279w, https:\/\/www.cx80.sk\/wp-content\/uploads\/2025\/11\/loziskove_40g-126x300.jpg 126w\" sizes=\"auto, (max-width: 279px) 100vw, 279px\" \/><\/figure>\n\n\n\n<figure class=\"wp-block-image size-large\"><img loading=\"lazy\" decoding=\"async\" width=\"345\" height=\"1024\" data-id=\"336\" src=\"https:\/\/www.cx80.sk\/wp-content\/uploads\/2025\/11\/loziskove_400g-345x1024.jpg\" alt=\"\" class=\"wp-image-336\" srcset=\"https:\/\/www.cx80.sk\/wp-content\/uploads\/2025\/11\/loziskove_400g-345x1024.jpg 345w, https:\/\/www.cx80.sk\/wp-content\/uploads\/2025\/11\/loziskove_400g-101x300.jpg 101w, https:\/\/www.cx80.sk\/wp-content\/uploads\/2025\/11\/loziskove_400g.jpg 347w\" sizes=\"auto, (max-width: 345px) 100vw, 345px\" \/><\/figure>\n\n\n\n<figure class=\"wp-block-image size-full\"><img loading=\"lazy\" decoding=\"async\" width=\"455\" height=\"567\" data-id=\"339\" src=\"https:\/\/www.cx80.sk\/wp-content\/uploads\/2025\/11\/lozyskowy-1.jpg\" alt=\"\" class=\"wp-image-339\" srcset=\"https:\/\/www.cx80.sk\/wp-content\/uploads\/2025\/11\/lozyskowy-1.jpg 455w, https:\/\/www.cx80.sk\/wp-content\/uploads\/2025\/11\/lozyskowy-1-241x300.jpg 241w\" sizes=\"auto, (max-width: 455px) 100vw, 455px\" \/><\/figure>\n<\/figure>\n","protected":false},"excerpt":{"rendered":"<p>Pre vysokoot\u00e1\u010dkov\u00e9 lo\u017eisk\u00e1. Komplexn\u00e9 litiov\u00e9 mazivo na b\u00e1ze miner\u00e1lnych surov\u00edn a pr\u00edsadach (vr\u00e1tane EP), ktor\u00e9 zais\u0165uj\u00fa v\u00fdnimo\u010dn\u00fa chemick\u00fa a mechanick\u00fa stabilitu. VLASTNOSTI: POU\u017dITIE:<\/p>\n","protected":false},"author":1,"featured_media":37,"parent":0,"menu_order":0,"comment_status":"closed","ping_status":"closed","template":"","meta":{"footnotes":""},"class_list":["post-335","page","type-page","status-publish","has-post-thumbnail","hentry"],"_links":{"self":[{"href":"https:\/\/www.cx80.sk\/index.php?rest_route=\/wp\/v2\/pages\/335","targetHints":{"allow":["GET"]}}],"collection":[{"href":"https:\/\/www.cx80.sk\/index.php?rest_route=\/wp\/v2\/pages"}],"about":[{"href":"https:\/\/www.cx80.sk\/index.php?rest_route=\/wp\/v2\/types\/page"}],"author":[{"embeddable":true,"href":"https:\/\/www.cx80.sk\/index.php?rest_route=\/wp\/v2\/users\/1"}],"replies":[{"embeddable":true,"href":"https:\/\/www.cx80.sk\/index.php?rest_route=%2Fwp%2Fv2%2Fcomments&post=335"}],"version-history":[{"count":1,"href":"https:\/\/www.cx80.sk\/index.php?rest_route=\/wp\/v2\/pages\/335\/revisions"}],"predecessor-version":[{"id":342,"href":"https:\/\/www.cx80.sk\/index.php?rest_route=\/wp\/v2\/pages\/335\/revisions\/342"}],"wp:featuredmedia":[{"embeddable":true,"href":"https:\/\/www.cx80.sk\/index.php?rest_route=\/wp\/v2\/media\/37"}],"wp:attachment":[{"href":"https:\/\/www.cx80.sk\/index.php?rest_route=%2Fwp%2Fv2%2Fmedia&parent=335"}],"curies":[{"name":"wp","href":"https:\/\/api.w.org\/{rel}","templated":true}]}}