{"id":348,"date":"2025-11-03T19:00:06","date_gmt":"2025-11-03T18:00:06","guid":{"rendered":"https:\/\/www.cx80.sk\/?page_id=348"},"modified":"2025-11-03T20:05:18","modified_gmt":"2025-11-03T19:05:18","slug":"vodeodolne-mazivo","status":"publish","type":"page","link":"https:\/\/www.cx80.sk\/?page_id=348","title":{"rendered":"Vodeodoln\u00e9 mazivo"},"content":{"rendered":"\n<p>Multifunk\u010dn\u00e9 mazivo EP pre ve\u013emi \u0165a\u017ek\u00e9 podmienky, odoln\u00e9 aj vo\u010di morskej vode.<\/p>\n\n\n\n<p><strong><em>VLASTNOSTI:<\/em> <\/strong><\/p>\n\n\n\n<ul class=\"wp-block-list\">\n<li>vhodn\u00e9 na pou\u017e\u00edvanie pri n\u00edzkych aj vysok\u00fdch teplot\u00e1ch \u2013 od -30\u00b0C do +180\u00b0C<\/li>\n\n\n\n<li>vysok\u00e1 odolnos\u0165 vo\u010di vode \u2013 ani pri prieniku ve\u013elk\u00e9ho mno\u017estva vody do maziva nedoch\u00e1dza k vidite\u013enej zmene konzistencie maziva<\/li>\n\n\n\n<li>v\u010faka obsahu sulfonatu vapenat\u00e9ho m\u00e1 dokonal\u00e9 antioxida\u010dn\u00e9 a antikor\u00f3zne vlastnosti aj pri styku s morskou vodou<\/li>\n\n\n\n<li>neobsahuje olovo ani in\u00e9 \u0165a\u017ek\u00e9 kovy, ktor\u00e9 s\u00fa pova\u017eovan\u00e9 za nebezpe\u010dn\u00e9 pre \u013eudsk\u00e9 zdravie aj \u017eivotn\u00e9 prostredie.<\/li>\n<\/ul>\n\n\n\n<p><em><strong>POU\u017dITIE:<\/strong><\/em><\/p>\n\n\n\n<ul class=\"wp-block-list\">\n<li>mazanie za\u0165a\u017een\u00fdch klzn\u00fdch, guli\u010dkov\u00fdch a val\u010dekov\u00fdch lo\u017e\u00edsk (lo\u017eisk\u00e1 bicyklov), kardanov\u00fdch hriade\u013eov a pojazdov<\/li>\n\n\n\n<li>priemyseln\u00e9 aj dopravn\u00e9 zariadenia<\/li>\n\n\n\n<li>pre r\u00f4zne morsk\u00e9 a pr\u00edstavn\u00e9 zariadenia<\/li>\n\n\n\n<li>stroje pri v\u00fdstavbe ciest, kde doch\u00e1dza k \u010dast\u00e9mu kontaktu maziva s vodou \u2013 re\u0165aze, kot\u00fa\u010de bagrov a \u017eeriavov.<\/li>\n<\/ul>\n\n\n\n<figure class=\"wp-block-gallery has-nested-images columns-default is-cropped wp-block-gallery-1 is-layout-flex wp-block-gallery-is-layout-flex\">\n<figure class=\"wp-block-image size-large\"><img loading=\"lazy\" decoding=\"async\" width=\"800\" height=\"800\" data-id=\"349\" src=\"https:\/\/www.cx80.sk\/wp-content\/uploads\/2025\/11\/wodoodporny.jpg\" alt=\"\" class=\"wp-image-349\" srcset=\"https:\/\/www.cx80.sk\/wp-content\/uploads\/2025\/11\/wodoodporny.jpg 800w, https:\/\/www.cx80.sk\/wp-content\/uploads\/2025\/11\/wodoodporny-300x300.jpg 300w, https:\/\/www.cx80.sk\/wp-content\/uploads\/2025\/11\/wodoodporny-150x150.jpg 150w, https:\/\/www.cx80.sk\/wp-content\/uploads\/2025\/11\/wodoodporny-768x768.jpg 768w\" sizes=\"auto, (max-width: 800px) 100vw, 800px\" \/><\/figure>\n<\/figure>\n","protected":false},"excerpt":{"rendered":"<p>Multifunk\u010dn\u00e9 mazivo EP pre ve\u013emi \u0165a\u017ek\u00e9 podmienky, odoln\u00e9 aj vo\u010di morskej vode. VLASTNOSTI: POU\u017dITIE:<\/p>\n","protected":false},"author":1,"featured_media":37,"parent":0,"menu_order":0,"comment_status":"closed","ping_status":"closed","template":"","meta":{"footnotes":""},"class_list":["post-348","page","type-page","status-publish","has-post-thumbnail","hentry"],"_links":{"self":[{"href":"https:\/\/www.cx80.sk\/index.php?rest_route=\/wp\/v2\/pages\/348","targetHints":{"allow":["GET"]}}],"collection":[{"href":"https:\/\/www.cx80.sk\/index.php?rest_route=\/wp\/v2\/pages"}],"about":[{"href":"https:\/\/www.cx80.sk\/index.php?rest_route=\/wp\/v2\/types\/page"}],"author":[{"embeddable":true,"href":"https:\/\/www.cx80.sk\/index.php?rest_route=\/wp\/v2\/users\/1"}],"replies":[{"embeddable":true,"href":"https:\/\/www.cx80.sk\/index.php?rest_route=%2Fwp%2Fv2%2Fcomments&post=348"}],"version-history":[{"count":1,"href":"https:\/\/www.cx80.sk\/index.php?rest_route=\/wp\/v2\/pages\/348\/revisions"}],"predecessor-version":[{"id":352,"href":"https:\/\/www.cx80.sk\/index.php?rest_route=\/wp\/v2\/pages\/348\/revisions\/352"}],"wp:featuredmedia":[{"embeddable":true,"href":"https:\/\/www.cx80.sk\/index.php?rest_route=\/wp\/v2\/media\/37"}],"wp:attachment":[{"href":"https:\/\/www.cx80.sk\/index.php?rest_route=%2Fwp%2Fv2%2Fmedia&parent=348"}],"curies":[{"name":"wp","href":"https:\/\/api.w.org\/{rel}","templated":true}]}}