{"id":354,"date":"2025-11-03T19:05:46","date_gmt":"2025-11-03T18:05:46","guid":{"rendered":"https:\/\/www.cx80.sk\/?page_id=354"},"modified":"2025-11-03T20:05:53","modified_gmt":"2025-11-03T19:05:53","slug":"moto-chain","status":"publish","type":"page","link":"https:\/\/www.cx80.sk\/?page_id=354","title":{"rendered":"Moto Chain"},"content":{"rendered":"\n<p>Pre re\u0165aze a ostatn\u00e9 diely motocyklov. Pr\u00edpravok navrhnut\u00fd \u0161peci\u00e1lne pre motocykle. Zoh\u013ead\u0148uje \u0161pecifick\u00e9 po\u017eiadavky na mazanie re\u0165az\u00ed a ostatn\u00fdch pohybliv\u00fdch dielov motocykla, napr. vysok\u00e9 ot\u00e1\u010dky a vysok\u00fa r\u00fdchlos\u0165.<\/p>\n\n\n\n<p><strong><em>VLASTNOSTI:<\/em> <\/strong><\/p>\n\n\n\n<ul class=\"wp-block-list\">\n<li>odoln\u00e9 vo\u010di prachu<\/li>\n\n\n\n<li>odoln\u00e9 vo\u010di vode a blatu<\/li>\n\n\n\n<li>prieh\u013eadn\u00e9<\/li>\n\n\n\n<li>po vyschnut\u00ed zanech\u00e1va dlhodob\u00fd ochrann\u00fd povlak, ktor\u00fd dlhodobo zais\u0165uje pr\u00e1cu re\u0165aze a chr\u00e1ni ju proti kor\u00f3zii<\/li>\n\n\n\n<li>vynikaj\u00face aj pre mazanie bowdenov a laniek, z\u00e1mkov v cestovn\u00fdch ta\u0161k\u00e1ch, odhalen\u00fdch \u010dast\u00ed vidlice a v\u0161etk\u00fdch kontaktn\u00fdch miest kov-kov, kde sa vy\u017eaduje zn\u00ed\u017eenie trenia.<\/li>\n<\/ul>\n\n\n\n<figure class=\"wp-block-gallery has-nested-images columns-default is-cropped wp-block-gallery-1 is-layout-flex wp-block-gallery-is-layout-flex\">\n<figure class=\"wp-block-image size-large\"><img loading=\"lazy\" decoding=\"async\" width=\"357\" height=\"966\" data-id=\"355\" src=\"https:\/\/www.cx80.sk\/wp-content\/uploads\/2025\/11\/moto_chain_250.jpg\" alt=\"\" class=\"wp-image-355\" srcset=\"https:\/\/www.cx80.sk\/wp-content\/uploads\/2025\/11\/moto_chain_250.jpg 357w, https:\/\/www.cx80.sk\/wp-content\/uploads\/2025\/11\/moto_chain_250-111x300.jpg 111w\" sizes=\"auto, (max-width: 357px) 100vw, 357px\" \/><\/figure>\n\n\n\n<figure class=\"wp-block-image size-large\"><img loading=\"lazy\" decoding=\"async\" width=\"800\" height=\"800\" data-id=\"357\" src=\"https:\/\/www.cx80.sk\/wp-content\/uploads\/2025\/11\/moto150.jpg\" alt=\"\" class=\"wp-image-357\" srcset=\"https:\/\/www.cx80.sk\/wp-content\/uploads\/2025\/11\/moto150.jpg 800w, https:\/\/www.cx80.sk\/wp-content\/uploads\/2025\/11\/moto150-300x300.jpg 300w, https:\/\/www.cx80.sk\/wp-content\/uploads\/2025\/11\/moto150-150x150.jpg 150w, https:\/\/www.cx80.sk\/wp-content\/uploads\/2025\/11\/moto150-768x768.jpg 768w\" sizes=\"auto, (max-width: 800px) 100vw, 800px\" \/><\/figure>\n\n\n\n<figure class=\"wp-block-image size-large\"><img loading=\"lazy\" decoding=\"async\" width=\"800\" height=\"800\" data-id=\"356\" src=\"https:\/\/www.cx80.sk\/wp-content\/uploads\/2025\/11\/moto500.jpg\" alt=\"\" class=\"wp-image-356\" srcset=\"https:\/\/www.cx80.sk\/wp-content\/uploads\/2025\/11\/moto500.jpg 800w, https:\/\/www.cx80.sk\/wp-content\/uploads\/2025\/11\/moto500-300x300.jpg 300w, https:\/\/www.cx80.sk\/wp-content\/uploads\/2025\/11\/moto500-150x150.jpg 150w, https:\/\/www.cx80.sk\/wp-content\/uploads\/2025\/11\/moto500-768x768.jpg 768w\" sizes=\"auto, (max-width: 800px) 100vw, 800px\" \/><\/figure>\n<\/figure>\n\n\n\n<figure class=\"wp-block-embed is-type-video is-provider-youtube wp-block-embed-youtube wp-embed-aspect-16-9 wp-has-aspect-ratio\"><div class=\"wp-block-embed__wrapper\">\n<iframe loading=\"lazy\" title=\"CX-80 - Moto Chain\" width=\"750\" height=\"422\" src=\"https:\/\/www.youtube.com\/embed\/m0wDGkvXYrA?feature=oembed\" frameborder=\"0\" allow=\"accelerometer; autoplay; clipboard-write; encrypted-media; gyroscope; picture-in-picture; web-share\" referrerpolicy=\"strict-origin-when-cross-origin\" allowfullscreen><\/iframe>\n<\/div><\/figure>\n","protected":false},"excerpt":{"rendered":"<p>Pre re\u0165aze a ostatn\u00e9 diely motocyklov. Pr\u00edpravok navrhnut\u00fd \u0161peci\u00e1lne pre motocykle. Zoh\u013ead\u0148uje \u0161pecifick\u00e9 po\u017eiadavky na mazanie re\u0165az\u00ed a ostatn\u00fdch pohybliv\u00fdch dielov motocykla, napr. vysok\u00e9 ot\u00e1\u010dky a vysok\u00fa r\u00fdchlos\u0165. VLASTNOSTI:<\/p>\n","protected":false},"author":1,"featured_media":37,"parent":0,"menu_order":0,"comment_status":"closed","ping_status":"closed","template":"","meta":{"footnotes":""},"class_list":["post-354","page","type-page","status-publish","has-post-thumbnail","hentry"],"_links":{"self":[{"href":"https:\/\/www.cx80.sk\/index.php?rest_route=\/wp\/v2\/pages\/354","targetHints":{"allow":["GET"]}}],"collection":[{"href":"https:\/\/www.cx80.sk\/index.php?rest_route=\/wp\/v2\/pages"}],"about":[{"href":"https:\/\/www.cx80.sk\/index.php?rest_route=\/wp\/v2\/types\/page"}],"author":[{"embeddable":true,"href":"https:\/\/www.cx80.sk\/index.php?rest_route=\/wp\/v2\/users\/1"}],"replies":[{"embeddable":true,"href":"https:\/\/www.cx80.sk\/index.php?rest_route=%2Fwp%2Fv2%2Fcomments&post=354"}],"version-history":[{"count":2,"href":"https:\/\/www.cx80.sk\/index.php?rest_route=\/wp\/v2\/pages\/354\/revisions"}],"predecessor-version":[{"id":362,"href":"https:\/\/www.cx80.sk\/index.php?rest_route=\/wp\/v2\/pages\/354\/revisions\/362"}],"wp:featuredmedia":[{"embeddable":true,"href":"https:\/\/www.cx80.sk\/index.php?rest_route=\/wp\/v2\/media\/37"}],"wp:attachment":[{"href":"https:\/\/www.cx80.sk\/index.php?rest_route=%2Fwp%2Fv2%2Fmedia&parent=354"}],"curies":[{"name":"wp","href":"https:\/\/api.w.org\/{rel}","templated":true}]}}