{"id":373,"date":"2025-11-03T19:23:45","date_gmt":"2025-11-03T18:23:45","guid":{"rendered":"https:\/\/www.cx80.sk\/?page_id=373"},"modified":"2025-11-03T20:06:43","modified_gmt":"2025-11-03T19:06:43","slug":"electricx","status":"publish","type":"page","link":"https:\/\/www.cx80.sk\/?page_id=373","title":{"rendered":"ELECTRICX"},"content":{"rendered":"\n<p>Plastick\u00e9 mazivo na b\u00e1ze syntetick\u00fdch olejov. Vhodn\u00e9 na mazanie v\u0161etk\u00fdch typov strojov pracuj\u00facich pri vysok\u00fdch teplot\u00e1ch, mechanicky m\u00e1lo za\u0165a\u017eovan\u00fdch. ELECTRICX je vhodn\u00fd pre aplik\u00e1cie, kde sa vy\u017eaduje dobr\u00e1 elektrick\u00e1 vodivos\u0165.<\/p>\n\n\n\n<p><strong><em>VLASTNOSTI:<\/em><\/strong> v\u010faka modern\u00e9mu zlo\u017eeniu vykazuje vynikaj\u00facu odolnos\u0165 vo\u010di oxid\u00e1cii, a to aj v pr\u00edtomnosti medi a jej zliatin \u2013 vyzna\u010duje sa ve\u013emi dobrou s\u00fadr\u017enos\u0165ou, tak\u017ee olej sa z maziva uvo\u013e\u0148uje vo ve\u013emi malom mno\u017estve aj pri vysok\u00fdch teplot\u00e1ch a\u017e do +150 \u00b0C \u2013 \u00fa\u010dinn\u00fd pri z\u00e1porn\u00fdch teplot\u00e1ch a\u017e do -40 \u00b0C \u2013 trieda NLGI 2.<\/p>\n\n\n\n<p><strong><em>POU\u017dITIE<\/em><\/strong><em>:<\/em> ochrana pred kor\u00f3ziou a oxid\u00e1ciou svoriek, uzem\u0148ovac\u00edch bodov a zv\u00e1rac\u00edch vodi\u010dov \u2013 mazanie statorov motorov bez ob\u00e1v z mazania komut\u00e1tora \u2013 mazanie svoriek bat\u00e9rie \u2013 mazanie v\u0161etk\u00fdch elektrick\u00fdch kontaktov pre \u013eahk\u00fa demont\u00e1\u017e \u2013 mazanie mechanick\u00fdch s\u00fa\u010diastok vo vn\u00fatri krytov pod nap\u00e4t\u00edm \u2013 mazanie syst\u00e9mu stiera\u010dov \u010deln\u00e9ho skla.<\/p>\n\n\n\n<figure class=\"wp-block-gallery has-nested-images columns-default is-cropped wp-block-gallery-1 is-layout-flex wp-block-gallery-is-layout-flex\">\n<figure class=\"wp-block-image size-large\"><img loading=\"lazy\" decoding=\"async\" width=\"291\" height=\"644\" data-id=\"375\" src=\"https:\/\/www.cx80.sk\/wp-content\/uploads\/2025\/11\/electricx_40g.jpg\" alt=\"\" class=\"wp-image-375\" srcset=\"https:\/\/www.cx80.sk\/wp-content\/uploads\/2025\/11\/electricx_40g.jpg 291w, https:\/\/www.cx80.sk\/wp-content\/uploads\/2025\/11\/electricx_40g-136x300.jpg 136w\" sizes=\"auto, (max-width: 291px) 100vw, 291px\" \/><\/figure>\n\n\n\n<figure class=\"wp-block-image size-large\"><img loading=\"lazy\" decoding=\"async\" width=\"471\" height=\"555\" data-id=\"374\" src=\"https:\/\/www.cx80.sk\/wp-content\/uploads\/2025\/11\/electricx_500g.jpg\" alt=\"\" class=\"wp-image-374\" srcset=\"https:\/\/www.cx80.sk\/wp-content\/uploads\/2025\/11\/electricx_500g.jpg 471w, https:\/\/www.cx80.sk\/wp-content\/uploads\/2025\/11\/electricx_500g-255x300.jpg 255w\" sizes=\"auto, (max-width: 471px) 100vw, 471px\" \/><\/figure>\n<\/figure>\n\n\n\n<figure class=\"wp-block-embed is-type-video is-provider-youtube wp-block-embed-youtube wp-embed-aspect-16-9 wp-has-aspect-ratio\"><div class=\"wp-block-embed__wrapper\">\n<iframe loading=\"lazy\" title=\"CX-80 - Preparat Konserwuj\u0105co Naprawczy Teflon\" width=\"750\" height=\"422\" src=\"https:\/\/www.youtube.com\/embed\/EW9YOzLxBMQ?feature=oembed\" frameborder=\"0\" allow=\"accelerometer; autoplay; clipboard-write; encrypted-media; gyroscope; picture-in-picture; web-share\" referrerpolicy=\"strict-origin-when-cross-origin\" allowfullscreen><\/iframe>\n<\/div><\/figure>\n","protected":false},"excerpt":{"rendered":"<p>Plastick\u00e9 mazivo na b\u00e1ze syntetick\u00fdch olejov. Vhodn\u00e9 na mazanie v\u0161etk\u00fdch typov strojov pracuj\u00facich pri vysok\u00fdch teplot\u00e1ch, mechanicky m\u00e1lo za\u0165a\u017eovan\u00fdch. ELECTRICX je vhodn\u00fd pre aplik\u00e1cie, kde sa vy\u017eaduje dobr\u00e1 elektrick\u00e1 vodivos\u0165. VLASTNOSTI: v\u010faka modern\u00e9mu zlo\u017eeniu vykazuje vynikaj\u00facu odolnos\u0165 vo\u010di oxid\u00e1cii, a to aj v pr\u00edtomnosti medi a jej zliatin \u2013 vyzna\u010duje [&hellip;]<\/p>\n","protected":false},"author":1,"featured_media":37,"parent":0,"menu_order":0,"comment_status":"closed","ping_status":"closed","template":"","meta":{"footnotes":""},"class_list":["post-373","page","type-page","status-publish","has-post-thumbnail","hentry"],"_links":{"self":[{"href":"https:\/\/www.cx80.sk\/index.php?rest_route=\/wp\/v2\/pages\/373","targetHints":{"allow":["GET"]}}],"collection":[{"href":"https:\/\/www.cx80.sk\/index.php?rest_route=\/wp\/v2\/pages"}],"about":[{"href":"https:\/\/www.cx80.sk\/index.php?rest_route=\/wp\/v2\/types\/page"}],"author":[{"embeddable":true,"href":"https:\/\/www.cx80.sk\/index.php?rest_route=\/wp\/v2\/users\/1"}],"replies":[{"embeddable":true,"href":"https:\/\/www.cx80.sk\/index.php?rest_route=%2Fwp%2Fv2%2Fcomments&post=373"}],"version-history":[{"count":1,"href":"https:\/\/www.cx80.sk\/index.php?rest_route=\/wp\/v2\/pages\/373\/revisions"}],"predecessor-version":[{"id":378,"href":"https:\/\/www.cx80.sk\/index.php?rest_route=\/wp\/v2\/pages\/373\/revisions\/378"}],"wp:featuredmedia":[{"embeddable":true,"href":"https:\/\/www.cx80.sk\/index.php?rest_route=\/wp\/v2\/media\/37"}],"wp:attachment":[{"href":"https:\/\/www.cx80.sk\/index.php?rest_route=%2Fwp%2Fv2%2Fmedia&parent=373"}],"curies":[{"name":"wp","href":"https:\/\/api.w.org\/{rel}","templated":true}]}}