{"id":392,"date":"2025-11-03T19:40:25","date_gmt":"2025-11-03T18:40:25","guid":{"rendered":"https:\/\/www.cx80.sk\/?page_id=392"},"modified":"2025-11-03T20:07:30","modified_gmt":"2025-11-03T19:07:30","slug":"mazivo-na-brany","status":"publish","type":"page","link":"https:\/\/www.cx80.sk\/?page_id=392","title":{"rendered":"Mazivo na br\u00e1ny"},"content":{"rendered":"\n<p>Na \u00fadr\u017ebu v\u0161etk\u00fdch typov br\u00e1n: tradi\u010dn\u00e9, vertik\u00e1lne v\u00fdklopn\u00e9, roletov\u00e9, posuvn\u00e9, v\u00fdkyvn\u00e9.<\/p>\n\n\n\n<p><strong>VLASTNOSTI<\/strong>: ma\u017ee, konzervuje a chr\u00e1ni pred vlhkos\u0165ou a kor\u00f3ziou v\u0161etky pohybliv\u00e9 \u010dasti dver\u00ed \u2013 udr\u017euje optim\u00e1lnu prev\u00e1dzku dver\u00ed aj v zime pri ve\u013emi n\u00edzkych teplot\u00e1ch \u2013 nesp\u00f4sobuje pri\u013enutie ne\u010dist\u00f4t a prachu na mazan\u00e9 \u010dasti \u2013 odstra\u0148uje v\u0155zganie a \u0161kr\u00edpanie \u2013 u\u013eah\u010duje prev\u00e1dzku \u0165a\u017eko pracuj\u00facich mechanizmov \u2013 uvo\u013e\u0148uje zamrznut\u00e9 z\u00e1mky.<\/p>\n\n\n\n<p><strong>POU\u017dITIE<\/strong>: pru\u017einov\u00e9 mechanizmy \u2013 vodiace syst\u00e9my \u2013 ozuben\u00e9 ko\u013eajnice \u2013 komponenty pohonov a motorov \u2013 z\u00e1vesy \u2013 \u010dapy \u2013 \u010dl\u00e1nky \u2013 h\u00e1ky \u2013 skrutky \u2013 z\u00e1mky \u2013 visiace z\u00e1mky \u2013 mo\u017eno aplikova\u0165 priamo na vn\u00fatorn\u00fa stranu cylindrick\u00fdch vlo\u017eiek z\u00e1mkov, bubnov visiacich z\u00e1mkov, statorov elektromotorov.<\/p>\n\n\n\n<figure class=\"wp-block-image size-full\"><img loading=\"lazy\" decoding=\"async\" width=\"800\" height=\"800\" src=\"https:\/\/www.cx80.sk\/wp-content\/uploads\/2025\/11\/smar-do-bram4004.jpg\" alt=\"\" class=\"wp-image-393\" srcset=\"https:\/\/www.cx80.sk\/wp-content\/uploads\/2025\/11\/smar-do-bram4004.jpg 800w, https:\/\/www.cx80.sk\/wp-content\/uploads\/2025\/11\/smar-do-bram4004-300x300.jpg 300w, https:\/\/www.cx80.sk\/wp-content\/uploads\/2025\/11\/smar-do-bram4004-150x150.jpg 150w, https:\/\/www.cx80.sk\/wp-content\/uploads\/2025\/11\/smar-do-bram4004-768x768.jpg 768w\" sizes=\"auto, (max-width: 800px) 100vw, 800px\" \/><\/figure>\n","protected":false},"excerpt":{"rendered":"<p>Na \u00fadr\u017ebu v\u0161etk\u00fdch typov br\u00e1n: tradi\u010dn\u00e9, vertik\u00e1lne v\u00fdklopn\u00e9, roletov\u00e9, posuvn\u00e9, v\u00fdkyvn\u00e9. VLASTNOSTI: ma\u017ee, konzervuje a chr\u00e1ni pred vlhkos\u0165ou a kor\u00f3ziou v\u0161etky pohybliv\u00e9 \u010dasti dver\u00ed \u2013 udr\u017euje optim\u00e1lnu prev\u00e1dzku dver\u00ed aj v zime pri ve\u013emi n\u00edzkych teplot\u00e1ch \u2013 nesp\u00f4sobuje pri\u013enutie ne\u010dist\u00f4t a prachu na mazan\u00e9 \u010dasti \u2013 odstra\u0148uje v\u0155zganie a \u0161kr\u00edpanie [&hellip;]<\/p>\n","protected":false},"author":1,"featured_media":37,"parent":0,"menu_order":0,"comment_status":"closed","ping_status":"closed","template":"","meta":{"footnotes":""},"class_list":["post-392","page","type-page","status-publish","has-post-thumbnail","hentry"],"_links":{"self":[{"href":"https:\/\/www.cx80.sk\/index.php?rest_route=\/wp\/v2\/pages\/392","targetHints":{"allow":["GET"]}}],"collection":[{"href":"https:\/\/www.cx80.sk\/index.php?rest_route=\/wp\/v2\/pages"}],"about":[{"href":"https:\/\/www.cx80.sk\/index.php?rest_route=\/wp\/v2\/types\/page"}],"author":[{"embeddable":true,"href":"https:\/\/www.cx80.sk\/index.php?rest_route=\/wp\/v2\/users\/1"}],"replies":[{"embeddable":true,"href":"https:\/\/www.cx80.sk\/index.php?rest_route=%2Fwp%2Fv2%2Fcomments&post=392"}],"version-history":[{"count":1,"href":"https:\/\/www.cx80.sk\/index.php?rest_route=\/wp\/v2\/pages\/392\/revisions"}],"predecessor-version":[{"id":394,"href":"https:\/\/www.cx80.sk\/index.php?rest_route=\/wp\/v2\/pages\/392\/revisions\/394"}],"wp:featuredmedia":[{"embeddable":true,"href":"https:\/\/www.cx80.sk\/index.php?rest_route=\/wp\/v2\/media\/37"}],"wp:attachment":[{"href":"https:\/\/www.cx80.sk\/index.php?rest_route=%2Fwp%2Fv2%2Fmedia&parent=392"}],"curies":[{"name":"wp","href":"https:\/\/api.w.org\/{rel}","templated":true}]}}