{"id":396,"date":"2025-11-03T19:47:36","date_gmt":"2025-11-03T18:47:36","guid":{"rendered":"https:\/\/www.cx80.sk\/?page_id=396"},"modified":"2025-11-03T20:07:51","modified_gmt":"2025-11-03T19:07:51","slug":"brzdove-mazivo","status":"publish","type":"page","link":"https:\/\/www.cx80.sk\/?page_id=396","title":{"rendered":"Brzdov\u00e9 mazivo"},"content":{"rendered":"\n<p>Pre piesty, vod\u00edtka a brzdov\u00e9 valce.<\/p>\n\n\n\n<p><strong>VLASTNOSTI<\/strong>: zabezpe\u010duje \u00fa\u010dinnos\u0165 brzdov\u00fdch puzdier \u2013 kompatibiln\u00fd s brzdovou kvapalinou: DOT 3, DOT 4, DOT 5.1 \u2013 chr\u00e1ni pred kor\u00f3ziou \u2013 predl\u017euje \u017eivotnos\u0165 brzdov\u00fdch valcov \u2013 od -60\u00b0C do +600\u00b0C.<br>Trieda NLGI 1-2<\/p>\n\n\n\n<p><strong>POU\u017dITIE<\/strong>: na mazanie otvorov valcov a brzdov\u00fdch piestov.<\/p>\n\n\n\n<figure class=\"wp-block-image size-full\"><img loading=\"lazy\" decoding=\"async\" width=\"300\" height=\"642\" src=\"https:\/\/www.cx80.sk\/wp-content\/uploads\/2025\/11\/brzd_40g.jpg\" alt=\"\" class=\"wp-image-397\" srcset=\"https:\/\/www.cx80.sk\/wp-content\/uploads\/2025\/11\/brzd_40g.jpg 300w, https:\/\/www.cx80.sk\/wp-content\/uploads\/2025\/11\/brzd_40g-140x300.jpg 140w\" sizes=\"auto, (max-width: 300px) 100vw, 300px\" \/><\/figure>\n","protected":false},"excerpt":{"rendered":"<p>Pre piesty, vod\u00edtka a brzdov\u00e9 valce. VLASTNOSTI: zabezpe\u010duje \u00fa\u010dinnos\u0165 brzdov\u00fdch puzdier \u2013 kompatibiln\u00fd s brzdovou kvapalinou: DOT 3, DOT 4, DOT 5.1 \u2013 chr\u00e1ni pred kor\u00f3ziou \u2013 predl\u017euje \u017eivotnos\u0165 brzdov\u00fdch valcov \u2013 od -60\u00b0C do +600\u00b0C.Trieda NLGI 1-2 POU\u017dITIE: na mazanie otvorov valcov a brzdov\u00fdch piestov.<\/p>\n","protected":false},"author":1,"featured_media":113,"parent":0,"menu_order":0,"comment_status":"closed","ping_status":"closed","template":"","meta":{"footnotes":""},"class_list":["post-396","page","type-page","status-publish","has-post-thumbnail","hentry"],"_links":{"self":[{"href":"https:\/\/www.cx80.sk\/index.php?rest_route=\/wp\/v2\/pages\/396","targetHints":{"allow":["GET"]}}],"collection":[{"href":"https:\/\/www.cx80.sk\/index.php?rest_route=\/wp\/v2\/pages"}],"about":[{"href":"https:\/\/www.cx80.sk\/index.php?rest_route=\/wp\/v2\/types\/page"}],"author":[{"embeddable":true,"href":"https:\/\/www.cx80.sk\/index.php?rest_route=\/wp\/v2\/users\/1"}],"replies":[{"embeddable":true,"href":"https:\/\/www.cx80.sk\/index.php?rest_route=%2Fwp%2Fv2%2Fcomments&post=396"}],"version-history":[{"count":1,"href":"https:\/\/www.cx80.sk\/index.php?rest_route=\/wp\/v2\/pages\/396\/revisions"}],"predecessor-version":[{"id":398,"href":"https:\/\/www.cx80.sk\/index.php?rest_route=\/wp\/v2\/pages\/396\/revisions\/398"}],"wp:featuredmedia":[{"embeddable":true,"href":"https:\/\/www.cx80.sk\/index.php?rest_route=\/wp\/v2\/media\/113"}],"wp:attachment":[{"href":"https:\/\/www.cx80.sk\/index.php?rest_route=%2Fwp%2Fv2%2Fmedia&parent=396"}],"curies":[{"name":"wp","href":"https:\/\/api.w.org\/{rel}","templated":true}]}}