{"id":399,"date":"2025-11-03T19:50:29","date_gmt":"2025-11-03T18:50:29","guid":{"rendered":"https:\/\/www.cx80.sk\/?page_id=399"},"modified":"2025-11-03T20:08:25","modified_gmt":"2025-11-03T19:08:25","slug":"strojove-mazivo-towocx","status":"publish","type":"page","link":"https:\/\/www.cx80.sk\/?page_id=399","title":{"rendered":"Strojov\u00e9 mazivo TOWOCX"},"content":{"rendered":"\n<p>Na \u00fadr\u017ebu v\u0161etk\u00fdch typov br\u00e1n: tradi\u010dn\u00e9, vertik\u00e1lne v\u00fdklopn\u00e9, roletov\u00e9, posuvn\u00e9, v\u00fdkyvn\u00e9.<\/p>\n\n\n\n<p>Multifunk\u010dn\u00e9 l\u00edtiovo-v\u00e1penat\u00e9 plastick\u00e9 mazivo ur\u010den\u00e9 na pou\u017eitie vo v\u0161etk\u00fdch podmienkach, najm\u00e4 pri vysok\u00fdch teplot\u00e1ch a tam, kde je mo\u017enos\u0165 pou\u017eitia be\u017en\u00fdch l\u00edtiov\u00fdch maz\u00edv obmedzen\u00e1.<\/p>\n\n\n\n<p><strong>VLASTNOSTI:<\/strong> sp\u013a\u0148a po\u017eiadavky v\u00e4\u010d\u0161iny v\u00fdrobcov automobilov \u2013 vytv\u00e1ra pevn\u00fd mazac\u00ed film odoln\u00fd vo\u010di vlhkosti, teplote a zne\u010disteniu \u2013 mie\u0161ate\u013en\u00fd s v\u00e4\u010d\u0161inou ostatn\u00fdch be\u017en\u00fdch maz\u00edv \u2013 neobsahuje olovo ani in\u00e9 \u0165a\u017ek\u00e9 kovy \u0161kodliv\u00e9 pre zdravie a \u017eivotn\u00e9 prostredie \u2013 svetlohned\u00e1 farba \u2013 teplota pou\u017eitia od -30 \u00b0C do +160 \u00b0C.<br>Trieda NLGI 2.<\/p>\n\n\n\n<p><strong>POU\u017dITIE<\/strong>: mazanie za\u0165a\u017een\u00fdch klzn\u00fdch, gu\u013e\u00f4\u010dkov\u00fdch a val\u010dekov\u00fdch lo\u017e\u00edsk, lo\u017e\u00edsk kolies, k\u013abov s kon\u0161tantnou r\u00fdchlos\u0165ou, komponentov karos\u00e9rie vozidiel (z\u00e1vesy, teleskopick\u00e9 vidlice) a n\u00e1razovo za\u0165a\u017een\u00fdch prevodov \u2013 na v\u0161eobecn\u00e9 priemyseln\u00e9 pou\u017eitie, kde sa vy\u017eaduje mazivo NLGI 2 EP, odoln\u00e9 vo\u010di n\u00edzkym aj zv\u00fd\u0161en\u00fdm teplot\u00e1m.<\/p>\n\n\n\n<figure class=\"wp-block-image size-full\"><img loading=\"lazy\" decoding=\"async\" width=\"800\" height=\"800\" src=\"https:\/\/www.cx80.sk\/wp-content\/uploads\/2025\/11\/towocx.jpg\" alt=\"\" class=\"wp-image-400\" srcset=\"https:\/\/www.cx80.sk\/wp-content\/uploads\/2025\/11\/towocx.jpg 800w, https:\/\/www.cx80.sk\/wp-content\/uploads\/2025\/11\/towocx-300x300.jpg 300w, https:\/\/www.cx80.sk\/wp-content\/uploads\/2025\/11\/towocx-150x150.jpg 150w, https:\/\/www.cx80.sk\/wp-content\/uploads\/2025\/11\/towocx-768x768.jpg 768w\" sizes=\"auto, (max-width: 800px) 100vw, 800px\" \/><\/figure>\n","protected":false},"excerpt":{"rendered":"<p>Na \u00fadr\u017ebu v\u0161etk\u00fdch typov br\u00e1n: tradi\u010dn\u00e9, vertik\u00e1lne v\u00fdklopn\u00e9, roletov\u00e9, posuvn\u00e9, v\u00fdkyvn\u00e9. Multifunk\u010dn\u00e9 l\u00edtiovo-v\u00e1penat\u00e9 plastick\u00e9 mazivo ur\u010den\u00e9 na pou\u017eitie vo v\u0161etk\u00fdch podmienkach, najm\u00e4 pri vysok\u00fdch teplot\u00e1ch a tam, kde je mo\u017enos\u0165 pou\u017eitia be\u017en\u00fdch l\u00edtiov\u00fdch maz\u00edv obmedzen\u00e1. VLASTNOSTI: sp\u013a\u0148a po\u017eiadavky v\u00e4\u010d\u0161iny v\u00fdrobcov automobilov \u2013 vytv\u00e1ra pevn\u00fd mazac\u00ed film odoln\u00fd vo\u010di vlhkosti, teplote [&hellip;]<\/p>\n","protected":false},"author":1,"featured_media":113,"parent":0,"menu_order":0,"comment_status":"closed","ping_status":"closed","template":"","meta":{"footnotes":""},"class_list":["post-399","page","type-page","status-publish","has-post-thumbnail","hentry"],"_links":{"self":[{"href":"https:\/\/www.cx80.sk\/index.php?rest_route=\/wp\/v2\/pages\/399","targetHints":{"allow":["GET"]}}],"collection":[{"href":"https:\/\/www.cx80.sk\/index.php?rest_route=\/wp\/v2\/pages"}],"about":[{"href":"https:\/\/www.cx80.sk\/index.php?rest_route=\/wp\/v2\/types\/page"}],"author":[{"embeddable":true,"href":"https:\/\/www.cx80.sk\/index.php?rest_route=\/wp\/v2\/users\/1"}],"replies":[{"embeddable":true,"href":"https:\/\/www.cx80.sk\/index.php?rest_route=%2Fwp%2Fv2%2Fcomments&post=399"}],"version-history":[{"count":2,"href":"https:\/\/www.cx80.sk\/index.php?rest_route=\/wp\/v2\/pages\/399\/revisions"}],"predecessor-version":[{"id":412,"href":"https:\/\/www.cx80.sk\/index.php?rest_route=\/wp\/v2\/pages\/399\/revisions\/412"}],"wp:featuredmedia":[{"embeddable":true,"href":"https:\/\/www.cx80.sk\/index.php?rest_route=\/wp\/v2\/media\/113"}],"wp:attachment":[{"href":"https:\/\/www.cx80.sk\/index.php?rest_route=%2Fwp%2Fv2%2Fmedia&parent=399"}],"curies":[{"name":"wp","href":"https:\/\/api.w.org\/{rel}","templated":true}]}}