{"id":403,"date":"2025-11-03T19:57:34","date_gmt":"2025-11-03T18:57:34","guid":{"rendered":"https:\/\/www.cx80.sk\/?page_id=403"},"modified":"2025-11-03T19:59:17","modified_gmt":"2025-11-03T18:59:17","slug":"keramicke-mazivo-keramicx","status":"publish","type":"page","link":"https:\/\/www.cx80.sk\/?page_id=403","title":{"rendered":"Keramick\u00e9 mazivo KERAMICX"},"content":{"rendered":"\n<p>Pre skrutky a spoje vystaven\u00e9 vysok\u00e9mu tlaku a vysok\u00fdm teplot\u00e1m.<\/p>\n\n\n\n<p><strong>VLASTNOSTI<\/strong>: vhodn\u00fd pre vysok\u00e9 teploty (do +1400 \u00b0C) \u2013 vhodn\u00fd na pou\u017eitie v brzdov\u00fdch syst\u00e9moch ABS, syst\u00e9moch ASR a ESP, v\u00fdfukoch, skrutk\u00e1ch pre mont\u00e1\u017e rozvodov a hl\u00e1v, n\u00e1bojoch a in\u00fdch \u010dastiach strojov \u2013 antikor\u00f3zny \u2013 zabra\u0148uje zadieraniu spojov z nehrdzavej\u00facej ocele \u2013 odoln\u00fd vo\u010di kyselin\u00e1m a vode \u2013 neobsahuje kovy.<br>Trieda NLGI 2.<\/p>\n\n\n\n<figure class=\"wp-block-gallery has-nested-images columns-default is-cropped wp-block-gallery-1 is-layout-flex wp-block-gallery-is-layout-flex\">\n<figure class=\"wp-block-image size-large\"><img loading=\"lazy\" decoding=\"async\" width=\"300\" height=\"656\" data-id=\"405\" src=\"https:\/\/www.cx80.sk\/wp-content\/uploads\/2025\/11\/KERAMICX_40g.jpg\" alt=\"\" class=\"wp-image-405\" srcset=\"https:\/\/www.cx80.sk\/wp-content\/uploads\/2025\/11\/KERAMICX_40g.jpg 300w, https:\/\/www.cx80.sk\/wp-content\/uploads\/2025\/11\/KERAMICX_40g-137x300.jpg 137w\" sizes=\"auto, (max-width: 300px) 100vw, 300px\" \/><\/figure>\n\n\n\n<figure class=\"wp-block-image size-large\"><img loading=\"lazy\" decoding=\"async\" width=\"395\" height=\"1024\" data-id=\"404\" src=\"https:\/\/www.cx80.sk\/wp-content\/uploads\/2025\/11\/KERAMICX_310g-395x1024.jpg\" alt=\"\" class=\"wp-image-404\" srcset=\"https:\/\/www.cx80.sk\/wp-content\/uploads\/2025\/11\/KERAMICX_310g-395x1024.jpg 395w, https:\/\/www.cx80.sk\/wp-content\/uploads\/2025\/11\/KERAMICX_310g-116x300.jpg 116w, https:\/\/www.cx80.sk\/wp-content\/uploads\/2025\/11\/KERAMICX_310g.jpg 466w\" sizes=\"auto, (max-width: 395px) 100vw, 395px\" \/><\/figure>\n\n\n\n<figure class=\"wp-block-image size-large\"><img loading=\"lazy\" decoding=\"async\" width=\"436\" height=\"1024\" data-id=\"406\" src=\"https:\/\/www.cx80.sk\/wp-content\/uploads\/2025\/11\/KERAMICX_500ml-436x1024.jpg\" alt=\"\" class=\"wp-image-406\" srcset=\"https:\/\/www.cx80.sk\/wp-content\/uploads\/2025\/11\/KERAMICX_500ml-436x1024.jpg 436w, https:\/\/www.cx80.sk\/wp-content\/uploads\/2025\/11\/KERAMICX_500ml-128x300.jpg 128w, https:\/\/www.cx80.sk\/wp-content\/uploads\/2025\/11\/KERAMICX_500ml.jpg 445w\" sizes=\"auto, (max-width: 436px) 100vw, 436px\" \/><\/figure>\n\n\n\n<figure class=\"wp-block-image size-large\"><img loading=\"lazy\" decoding=\"async\" width=\"800\" height=\"800\" data-id=\"407\" src=\"https:\/\/www.cx80.sk\/wp-content\/uploads\/2025\/11\/smar-keramicx-staly.jpg\" alt=\"\" class=\"wp-image-407\" srcset=\"https:\/\/www.cx80.sk\/wp-content\/uploads\/2025\/11\/smar-keramicx-staly.jpg 800w, https:\/\/www.cx80.sk\/wp-content\/uploads\/2025\/11\/smar-keramicx-staly-300x300.jpg 300w, https:\/\/www.cx80.sk\/wp-content\/uploads\/2025\/11\/smar-keramicx-staly-150x150.jpg 150w, https:\/\/www.cx80.sk\/wp-content\/uploads\/2025\/11\/smar-keramicx-staly-768x768.jpg 768w\" sizes=\"auto, (max-width: 800px) 100vw, 800px\" \/><\/figure>\n<\/figure>\n\n\n\n<figure class=\"wp-block-embed is-type-video is-provider-youtube wp-block-embed-youtube wp-embed-aspect-16-9 wp-has-aspect-ratio\"><div class=\"wp-block-embed__wrapper\">\n<iframe loading=\"lazy\" title=\"CX-80 - Smar Ceramiczny Keramix\" width=\"750\" height=\"422\" src=\"https:\/\/www.youtube.com\/embed\/oc8Zn01V9IU?feature=oembed\" frameborder=\"0\" allow=\"accelerometer; autoplay; clipboard-write; encrypted-media; gyroscope; picture-in-picture; web-share\" referrerpolicy=\"strict-origin-when-cross-origin\" allowfullscreen><\/iframe>\n<\/div><\/figure>\n","protected":false},"excerpt":{"rendered":"<p>Pre skrutky a spoje vystaven\u00e9 vysok\u00e9mu tlaku a vysok\u00fdm teplot\u00e1m. VLASTNOSTI: vhodn\u00fd pre vysok\u00e9 teploty (do +1400 \u00b0C) \u2013 vhodn\u00fd na pou\u017eitie v brzdov\u00fdch syst\u00e9moch ABS, syst\u00e9moch ASR a ESP, v\u00fdfukoch, skrutk\u00e1ch pre mont\u00e1\u017e rozvodov a hl\u00e1v, n\u00e1bojoch a in\u00fdch \u010dastiach strojov \u2013 antikor\u00f3zny \u2013 zabra\u0148uje zadieraniu spojov z nehrdzavej\u00facej [&hellip;]<\/p>\n","protected":false},"author":1,"featured_media":37,"parent":0,"menu_order":0,"comment_status":"closed","ping_status":"closed","template":"","meta":{"footnotes":""},"class_list":["post-403","page","type-page","status-publish","has-post-thumbnail","hentry"],"_links":{"self":[{"href":"https:\/\/www.cx80.sk\/index.php?rest_route=\/wp\/v2\/pages\/403","targetHints":{"allow":["GET"]}}],"collection":[{"href":"https:\/\/www.cx80.sk\/index.php?rest_route=\/wp\/v2\/pages"}],"about":[{"href":"https:\/\/www.cx80.sk\/index.php?rest_route=\/wp\/v2\/types\/page"}],"author":[{"embeddable":true,"href":"https:\/\/www.cx80.sk\/index.php?rest_route=\/wp\/v2\/users\/1"}],"replies":[{"embeddable":true,"href":"https:\/\/www.cx80.sk\/index.php?rest_route=%2Fwp%2Fv2%2Fcomments&post=403"}],"version-history":[{"count":1,"href":"https:\/\/www.cx80.sk\/index.php?rest_route=\/wp\/v2\/pages\/403\/revisions"}],"predecessor-version":[{"id":408,"href":"https:\/\/www.cx80.sk\/index.php?rest_route=\/wp\/v2\/pages\/403\/revisions\/408"}],"wp:featuredmedia":[{"embeddable":true,"href":"https:\/\/www.cx80.sk\/index.php?rest_route=\/wp\/v2\/media\/37"}],"wp:attachment":[{"href":"https:\/\/www.cx80.sk\/index.php?rest_route=%2Fwp%2Fv2%2Fmedia&parent=403"}],"curies":[{"name":"wp","href":"https:\/\/api.w.org\/{rel}","templated":true}]}}