{"id":414,"date":"2025-11-03T20:34:01","date_gmt":"2025-11-03T19:34:01","guid":{"rendered":"https:\/\/www.cx80.sk\/?page_id=414"},"modified":"2025-11-03T21:27:43","modified_gmt":"2025-11-03T20:27:43","slug":"vysokoteplotne-silikony-cx80","status":"publish","type":"page","link":"https:\/\/www.cx80.sk\/?page_id=414","title":{"rendered":"VYSOKOTEPLOTN\u00c9 SILIK\u00d3NY CX80"},"content":{"rendered":"\n<p>H\u013ead\u00e1te silik\u00f3n, ktor\u00fd je vysoko odoln\u00fd vo\u010di vysok\u00fdm teplot\u00e1m?<br>Potrebujete rie\u0161enie, ktor\u00e9 m\u00e1 trochu \u0161ir\u0161ie vyu\u017eitie ako len v stavebn\u00edctve?<br>Vysokoteplotn\u00e9 silik\u00f3ny zna\u010dky CX80 s\u00fa ide\u00e1lnym rie\u0161en\u00edm na utesnenie ak\u00e9hoko\u013evek komponentu bez oh\u013eadu na podmienky.<\/p>\n\n\n\n<h2 class=\"wp-block-heading\">Ak\u00e9 s\u00fa aplik\u00e1cie vysokoteplotn\u00fdch silik\u00f3nov?<\/h2>\n\n\n\n<p>Vysokoteplotn\u00fd \u010d\u00edry silik\u00f3n je produkt, ktor\u00fd sa \u010doraz \u010dastej\u0161ie pou\u017e\u00edva v mnoh\u00fdch odvetviach, ako je automobilov\u00fd priemysel, \u0165a\u017ek\u00fd priemysel, stavebn\u00edctvo a dokonca aj komin\u00e1rstvo.<br>Ka\u017ed\u00fd komponent automobilu v ur\u010ditom okamihu podlieha opotrebovaniu, ktor\u00e9 mo\u017eno zastavi\u0165 pou\u017eit\u00edm spr\u00e1vneho silik\u00f3nu.<br>Bohu\u017eia\u013e, tradi\u010dn\u00e9 v\u00fdrobky nie s\u00fa schopn\u00e9 odol\u00e1va\u0165 extr\u00e9mne vysok\u00fdm teplot\u00e1m, preto CX80 pon\u00faka \u0161pecializovan\u00fd rad v\u00fdrobkov, ktor\u00e9 sp\u013a\u0148aj\u00fa \u0161pecifick\u00e9 po\u017eiadavky na pr\u00e1cu v n\u00e1ro\u010dn\u00fdch podmienkach. <strong>Tesnenie motora a prevodovky?<br>Oprava komponentov v\u00fdrobnej linky, ktor\u00e1 mus\u00ed pracova\u0165 pri ve\u013emi vysok\u00fdch alebo n\u00edzkych teplot\u00e1ch?<br>A \u010do utesnenie kom\u00edna a vetracej \u0161achty?<\/strong> Pri ka\u017edej z t\u00fdchto \u010dinnost\u00ed sa hod\u00ed vysokoteplotn\u00fd silik\u00f3n 1200 alebo vysokoteplotn\u00fd silik\u00f3n 1500.<\/p>\n\n\n\n<h2 class=\"wp-block-heading\">V\u00fdhody pou\u017e\u00edvania vysokoteplotn\u00fdch silik\u00f3nov<\/h2>\n\n\n\n<p>Pre\u010do je rad vysokoteplotn\u00fdch silik\u00f3nov tak\u00fd ob\u013e\u00faben\u00fd u individu\u00e1lnych aj firemn\u00fdch z\u00e1kazn\u00edkov, ktor\u00ed si tento typ v\u00fdrobku kupuj\u00fa kv\u00f4li \u0161pecifick\u00fdm \u00faloh\u00e1m?<br><strong>V prvom rade je to \u0161irok\u00e1 \u0161k\u00e1la aplik\u00e1ci\u00ed<\/strong>.<br>Vysokoteplotn\u00fd silik\u00f3n m\u00f4\u017ee poskytn\u00fa\u0165 odpove\u010f na ve\u013ek\u00fd probl\u00e9m netesnej s\u00fa\u010diastky vystavenej ve\u013emi vysok\u00fdm teplot\u00e1m.<br>V tejto situ\u00e1cii be\u017en\u00e9 lepidl\u00e1 a silik\u00f3ny nebud\u00fa schopn\u00e9 probl\u00e9m vyrie\u0161i\u0165.<br>Vysokoteplotn\u00fd silik\u00f3n funguje dobre pri extr\u00e9mne n\u00edzkych aj vysok\u00fdch teplot\u00e1ch, v\u010faka \u010domu je \u017eiadan\u00fdm produktom v mnoh\u00fdch priemyseln\u00fdch odvetviach. <strong>Ob\u013e\u00faben\u00e9 je aj zlo\u017eenie silik\u00f3nov pon\u00fakan\u00fdch spolo\u010dnos\u0165ou CX80<\/strong>.<br>V ponuke je okrem in\u00e9ho CX80 PROFESSIONAL ECO-FRIENDLY SILICON, ktor\u00fd v sebe sp\u00e1ja vynikaj\u00face vlastnosti t\u00fdkaj\u00face sa pri\u013enavosti a pevnosti, ako aj jednoduch\u00e9 zlo\u017eenie, ktor\u00e9 neobsahuje \u0161kodliv\u00e9 rozp\u00fa\u0161\u0165adl\u00e1.<br>Vysokoteplotn\u00e9 silik\u00f3ny maj\u00fa antikor\u00f3zny \u00fa\u010dinok a s\u00fa bezpe\u010dn\u00e9 pre motory a in\u00e9 vykurovacie prvky.<\/p>\n\n\n\n<h2 class=\"wp-block-heading\">Ako si vybra\u0165 spr\u00e1vny vysokoteplotn\u00fd silik\u00f3n?<\/h2>\n\n\n\n<p>V\u00fdber spr\u00e1vneho vysokoteplotn\u00e9ho silik\u00f3nu je ve\u013emi d\u00f4le\u017eit\u00fd, ak chcete dosiahnu\u0165 \u010do najlep\u0161\u00ed tesniaci \u00fa\u010dinok.<br><strong>Najd\u00f4le\u017eitej\u0161\u00edm bodom, ktor\u00fd je potrebn\u00e9 zv\u00e1\u017ei\u0165, je hrani\u010dn\u00e1 teplota, pri ktorej bude vysokoteplotn\u00fd silik\u00f3n fungova\u0165<\/strong>.<br>Na tento \u00fa\u010del sa odpor\u00fa\u010da d\u00f4kladne zv\u00e1\u017ei\u0165 konkr\u00e9tnu \u00falohu a teploty, ktor\u00fdm bude predmet, ktor\u00fd sa m\u00e1 utesni\u0165, vystaven\u00fd, a potom vybra\u0165 vhodn\u00fd v\u00fdrobok.<br>Vysokoteplotn\u00fd \u010dierny silik\u00f3n je pr\u00edkladom odrody v\u00fdrobku, ktor\u00fd je vhodn\u00fd pre motor.<br>T\u00e1to zmes je nielen odoln\u00e1 vo\u010di UV \u017eiareniu, ale aj vo\u010di meniacim sa poveternostn\u00fdm podmienkam, \u010do umo\u017e\u0148uje jej pou\u017eitie v\u0161ade tam, kde okrem vysok\u00fdch tepl\u00f4t hrozia aj zr\u00e1\u017eky.<\/p>\n\n\n\n<p><\/p>\n\n\n\n<div class=\"wp-block-columns is-layout-flex wp-container-core-columns-is-layout-28f84493 wp-block-columns-is-layout-flex\">\n<div class=\"wp-block-column is-layout-flow wp-block-column-is-layout-flow\"><div class=\"wp-block-image\">\n<figure class=\"aligncenter size-full\"><a href=\"https:\/\/www.cx80.sk\/?page_id=419\"><img loading=\"lazy\" decoding=\"async\" width=\"800\" height=\"800\" src=\"https:\/\/www.cx80.sk\/wp-content\/uploads\/2025\/11\/silikon-ekologiczny2505-1.jpg\" alt=\"\" class=\"wp-image-416\" srcset=\"https:\/\/www.cx80.sk\/wp-content\/uploads\/2025\/11\/silikon-ekologiczny2505-1.jpg 800w, https:\/\/www.cx80.sk\/wp-content\/uploads\/2025\/11\/silikon-ekologiczny2505-1-300x300.jpg 300w, https:\/\/www.cx80.sk\/wp-content\/uploads\/2025\/11\/silikon-ekologiczny2505-1-150x150.jpg 150w, https:\/\/www.cx80.sk\/wp-content\/uploads\/2025\/11\/silikon-ekologiczny2505-1-768x768.jpg 768w\" sizes=\"auto, (max-width: 800px) 100vw, 800px\" \/><\/a><figcaption class=\"wp-element-caption\"><a href=\"https:\/\/www.cx80.sk\/?page_id=419\" data-type=\"page\" data-id=\"419\">Profesion\u00e1lny silik\u00f3n Ekologick\u00fd<\/a><\/figcaption><\/figure>\n<\/div><\/div>\n\n\n\n<div class=\"wp-block-column is-layout-flow wp-block-column-is-layout-flow\"><div class=\"wp-block-image\">\n<figure class=\"aligncenter size-full is-resized\"><a href=\"https:\/\/www.cx80.sk\/?page_id=438\"><img loading=\"lazy\" decoding=\"async\" width=\"374\" height=\"1000\" src=\"https:\/\/www.cx80.sk\/wp-content\/uploads\/2025\/11\/fire_stop.jpg\" alt=\"\" class=\"wp-image-417\" style=\"width:98px;height:auto\" srcset=\"https:\/\/www.cx80.sk\/wp-content\/uploads\/2025\/11\/fire_stop.jpg 374w, https:\/\/www.cx80.sk\/wp-content\/uploads\/2025\/11\/fire_stop-112x300.jpg 112w\" sizes=\"auto, (max-width: 374px) 100vw, 374px\" \/><\/a><figcaption class=\"wp-element-caption\"><a href=\"https:\/\/www.cx80.sk\/?page_id=438\">Protipo\u017eiarna zmes<\/a><\/figcaption><\/figure>\n<\/div><\/div>\n\n\n\n<div class=\"wp-block-column is-layout-flow wp-block-column-is-layout-flow\"><div class=\"wp-block-image\">\n<figure class=\"aligncenter size-full\"><a href=\"https:\/\/www.cx80.sk\/?page_id=442\"><img loading=\"lazy\" decoding=\"async\" width=\"800\" height=\"800\" src=\"https:\/\/www.cx80.sk\/wp-content\/uploads\/2025\/11\/silikon-professional25059.jpg\" alt=\"\" class=\"wp-image-418\" srcset=\"https:\/\/www.cx80.sk\/wp-content\/uploads\/2025\/11\/silikon-professional25059.jpg 800w, https:\/\/www.cx80.sk\/wp-content\/uploads\/2025\/11\/silikon-professional25059-300x300.jpg 300w, https:\/\/www.cx80.sk\/wp-content\/uploads\/2025\/11\/silikon-professional25059-150x150.jpg 150w, https:\/\/www.cx80.sk\/wp-content\/uploads\/2025\/11\/silikon-professional25059-768x768.jpg 768w\" sizes=\"auto, (max-width: 800px) 100vw, 800px\" \/><\/a><figcaption class=\"wp-element-caption\"><a href=\"https:\/\/www.cx80.sk\/?page_id=442\">Silik\u00f3n profesion\u00e1l<\/a><\/figcaption><\/figure>\n<\/div><\/div>\n<\/div>\n\n\n\n<p><\/p>\n","protected":false},"excerpt":{"rendered":"<p>H\u013ead\u00e1te silik\u00f3n, ktor\u00fd je vysoko odoln\u00fd vo\u010di vysok\u00fdm teplot\u00e1m?Potrebujete rie\u0161enie, ktor\u00e9 m\u00e1 trochu \u0161ir\u0161ie vyu\u017eitie ako len v stavebn\u00edctve?Vysokoteplotn\u00e9 silik\u00f3ny zna\u010dky CX80 s\u00fa ide\u00e1lnym rie\u0161en\u00edm na utesnenie ak\u00e9hoko\u013evek komponentu bez oh\u013eadu na podmienky. Ak\u00e9 s\u00fa aplik\u00e1cie vysokoteplotn\u00fdch silik\u00f3nov? Vysokoteplotn\u00fd \u010d\u00edry silik\u00f3n je produkt, ktor\u00fd sa \u010doraz \u010dastej\u0161ie pou\u017e\u00edva v mnoh\u00fdch [&hellip;]<\/p>\n","protected":false},"author":1,"featured_media":0,"parent":0,"menu_order":0,"comment_status":"closed","ping_status":"closed","template":"","meta":{"footnotes":""},"class_list":["post-414","page","type-page","status-publish","hentry"],"_links":{"self":[{"href":"https:\/\/www.cx80.sk\/index.php?rest_route=\/wp\/v2\/pages\/414","targetHints":{"allow":["GET"]}}],"collection":[{"href":"https:\/\/www.cx80.sk\/index.php?rest_route=\/wp\/v2\/pages"}],"about":[{"href":"https:\/\/www.cx80.sk\/index.php?rest_route=\/wp\/v2\/types\/page"}],"author":[{"embeddable":true,"href":"https:\/\/www.cx80.sk\/index.php?rest_route=\/wp\/v2\/users\/1"}],"replies":[{"embeddable":true,"href":"https:\/\/www.cx80.sk\/index.php?rest_route=%2Fwp%2Fv2%2Fcomments&post=414"}],"version-history":[{"count":4,"href":"https:\/\/www.cx80.sk\/index.php?rest_route=\/wp\/v2\/pages\/414\/revisions"}],"predecessor-version":[{"id":452,"href":"https:\/\/www.cx80.sk\/index.php?rest_route=\/wp\/v2\/pages\/414\/revisions\/452"}],"wp:attachment":[{"href":"https:\/\/www.cx80.sk\/index.php?rest_route=%2Fwp%2Fv2%2Fmedia&parent=414"}],"curies":[{"name":"wp","href":"https:\/\/api.w.org\/{rel}","templated":true}]}}