{"id":419,"date":"2025-11-03T20:31:45","date_gmt":"2025-11-03T19:31:45","guid":{"rendered":"https:\/\/www.cx80.sk\/?page_id=419"},"modified":"2025-11-03T21:09:57","modified_gmt":"2025-11-03T20:09:57","slug":"profesionalny-silikonovy-ekologicky","status":"publish","type":"page","link":"https:\/\/www.cx80.sk\/?page_id=419","title":{"rendered":"PROFESION\u00c1LNY SILIK\u00d3NOV\u00dd EKOLOGICK\u00dd"},"content":{"rendered":"\n<p>Trvalo elastick\u00fd tmel bez rozp\u00fa\u0161\u0165adiel s ve\u013emi dobrou pri\u013enavos\u0165ou na v\u0161etky povrchy. Odol\u00e1va ve\u013emi dlh\u00fdm n\u00edzkym a vysok\u00fdm teplot\u00e1m od -65 \u00b0C do +260 \u00b0C, do\u010dasne a\u017e do +380 \u00b0C. Nesp\u00f4sobuje kor\u00f3ziu kovov. Odoln\u00fd vo\u010di olejom, benz\u00ednu, tukom.<\/p>\n\n\n\n<div class=\"wp-block-columns is-layout-flex wp-container-core-columns-is-layout-28f84493 wp-block-columns-is-layout-flex\">\n<div class=\"wp-block-column is-layout-flow wp-block-column-is-layout-flow\" style=\"flex-basis:33.33%\">\n<figure class=\"wp-block-gallery has-nested-images columns-default is-cropped wp-block-gallery-1 is-layout-flex wp-block-gallery-is-layout-flex\">\n<figure class=\"wp-block-image size-full\"><img loading=\"lazy\" decoding=\"async\" width=\"326\" height=\"1151\" data-id=\"435\" src=\"https:\/\/www.cx80.sk\/wp-content\/uploads\/2025\/11\/silikon-ekologiczny2505-3.jpg\" alt=\"\" class=\"wp-image-435\" srcset=\"https:\/\/www.cx80.sk\/wp-content\/uploads\/2025\/11\/silikon-ekologiczny2505-3.jpg 326w, https:\/\/www.cx80.sk\/wp-content\/uploads\/2025\/11\/silikon-ekologiczny2505-3-85x300.jpg 85w, https:\/\/www.cx80.sk\/wp-content\/uploads\/2025\/11\/silikon-ekologiczny2505-3-290x1024.jpg 290w\" sizes=\"auto, (max-width: 326px) 100vw, 326px\" \/><\/figure>\n\n\n\n<figure class=\"wp-block-image size-full\"><img loading=\"lazy\" decoding=\"async\" width=\"394\" height=\"1043\" data-id=\"436\" src=\"https:\/\/www.cx80.sk\/wp-content\/uploads\/2025\/11\/silikon-ekologiczny_.jpg\" alt=\"\" class=\"wp-image-436\" srcset=\"https:\/\/www.cx80.sk\/wp-content\/uploads\/2025\/11\/silikon-ekologiczny_.jpg 394w, https:\/\/www.cx80.sk\/wp-content\/uploads\/2025\/11\/silikon-ekologiczny_-113x300.jpg 113w, https:\/\/www.cx80.sk\/wp-content\/uploads\/2025\/11\/silikon-ekologiczny_-387x1024.jpg 387w\" sizes=\"auto, (max-width: 394px) 100vw, 394px\" \/><\/figure>\n<\/figure>\n<\/div>\n\n\n\n<div class=\"wp-block-column is-layout-flow wp-block-column-is-layout-flow\" style=\"flex-basis:66.66%\">\n<p><strong>VLASTNOSTI<\/strong>: \u0161etrn\u00fd k \u017eivotn\u00e9mu prostrediu \u2013 odoln\u00fd vo\u010di vysok\u00fdm teplot\u00e1m \u2013 odoln\u00fd vo\u010di olejom \u2013 vysok\u00fd index pru\u017enosti \u2013 vynikaj\u00faca pri\u013enavos\u0165 k hladk\u00fdm povrchom \u2013 r\u00fdchle tuhnutie \u2013 jednoduch\u00e9 spracovanie \u2013 pou\u017eitie v stavebn\u00edctve a priemysle.<\/p>\n\n\n\n<p><strong>POU\u017dITIE<\/strong>: utesnenie v\u0161etk\u00fdch povrchov \u2013 vr\u00e1tane k\u013eukov\u00fdch skr\u00ed\u0148, krytov va\u010dkov\u00fdch hriade\u013eov, hl\u00e1v valcov, olejov\u00fdch van\u00ed, prevodoviek, vodn\u00fdch \u010derpadiel, termostatov, kompenza\u010dn\u00fdch mechanizmov a mnoh\u00fdch \u010fal\u0161\u00edch.<br>utesnenie v\u0161etk\u00fdch povrchov \u2013 vr\u00e1tane k\u013eukov\u00fdch skr\u00ed\u0148, krytov rozvodov\u00fdch kolies, hl\u00e1v valcov, olejov\u00fdch van\u00ed, prevodoviek, vodn\u00fdch \u010derpadiel, termostatov, vyrovn\u00e1vac\u00edch mechanizmov a mnoh\u00fdch \u010fal\u0161\u00edch \u2013 mo\u017eno pou\u017ei\u0165 namiesto trval\u00fdch tesnen\u00ed. <\/p>\n\n\n\n<p><strong>TECHNICK\u00c9 CHARAKTERISTIKY:<\/strong> teplotn\u00e1 odolnos\u0165: od -65 \u00b0C do +380 \u00b0C \u2013 \u010das vytvrdzovania: cca.<br>3 mm\/24 h \u2013 \u010das spracovania: 10-20 min \u2013 prepravovate\u013enos\u0165: \u2013 \u010das vytvrdnutia: 3 mm\/24 h \u2013 \u010das vytvrdnutia: 10-20 min: \u00b1Teplota aplik\u00e1cie: od +5\u00b0C do +40\u00b0C \u2013 sie\u0165ovac\u00ed syst\u00e9m: neutr\u00e1lny.<\/p>\n<\/div>\n<\/div>\n\n\n\n<p><\/p>\n","protected":false},"excerpt":{"rendered":"<p>Trvalo elastick\u00fd tmel bez rozp\u00fa\u0161\u0165adiel s ve\u013emi dobrou pri\u013enavos\u0165ou na v\u0161etky povrchy. Odol\u00e1va ve\u013emi dlh\u00fdm n\u00edzkym a vysok\u00fdm teplot\u00e1m od -65 \u00b0C do +260 \u00b0C, do\u010dasne a\u017e do +380 \u00b0C. Nesp\u00f4sobuje kor\u00f3ziu kovov. Odoln\u00fd vo\u010di olejom, benz\u00ednu, tukom. VLASTNOSTI: \u0161etrn\u00fd k \u017eivotn\u00e9mu prostrediu \u2013 odoln\u00fd vo\u010di vysok\u00fdm teplot\u00e1m \u2013 odoln\u00fd [&hellip;]<\/p>\n","protected":false},"author":1,"featured_media":0,"parent":0,"menu_order":0,"comment_status":"closed","ping_status":"closed","template":"","meta":{"footnotes":""},"class_list":["post-419","page","type-page","status-publish","hentry"],"_links":{"self":[{"href":"https:\/\/www.cx80.sk\/index.php?rest_route=\/wp\/v2\/pages\/419","targetHints":{"allow":["GET"]}}],"collection":[{"href":"https:\/\/www.cx80.sk\/index.php?rest_route=\/wp\/v2\/pages"}],"about":[{"href":"https:\/\/www.cx80.sk\/index.php?rest_route=\/wp\/v2\/types\/page"}],"author":[{"embeddable":true,"href":"https:\/\/www.cx80.sk\/index.php?rest_route=\/wp\/v2\/users\/1"}],"replies":[{"embeddable":true,"href":"https:\/\/www.cx80.sk\/index.php?rest_route=%2Fwp%2Fv2%2Fcomments&post=419"}],"version-history":[{"count":3,"href":"https:\/\/www.cx80.sk\/index.php?rest_route=\/wp\/v2\/pages\/419\/revisions"}],"predecessor-version":[{"id":437,"href":"https:\/\/www.cx80.sk\/index.php?rest_route=\/wp\/v2\/pages\/419\/revisions\/437"}],"wp:attachment":[{"href":"https:\/\/www.cx80.sk\/index.php?rest_route=%2Fwp%2Fv2%2Fmedia&parent=419"}],"curies":[{"name":"wp","href":"https:\/\/api.w.org\/{rel}","templated":true}]}}