{"id":442,"date":"2025-11-03T21:19:13","date_gmt":"2025-11-03T20:19:13","guid":{"rendered":"https:\/\/www.cx80.sk\/?page_id=442"},"modified":"2025-11-03T21:19:15","modified_gmt":"2025-11-03T20:19:15","slug":"silikon-profesional","status":"publish","type":"page","link":"https:\/\/www.cx80.sk\/?page_id=442","title":{"rendered":"Silik\u00f3n profesion\u00e1l"},"content":{"rendered":"\n<p>Olejovzdorn\u00fd tmel, odoln\u00fd vo\u010di ve\u013emi dlh\u00fdm obdobiam n\u00edzkych a vysok\u00fdch tepl\u00f4t od -65 \u00b0C do +260 \u00b0C, do\u010dasne a\u017e do +380 \u00b0C. Je to elastick\u00fd, r\u00fdchlo vytvrdzuj\u00faci tmel, ktor\u00fd reaguje so vzdu\u0161nou vlhkos\u0165ou a vytv\u00e1ra trvanliv\u00fa, nevysychaj\u00facu v\u00fdpl\u0148ov\u00fa hmotu odoln\u00fa vo\u010di UV \u017eiareniu. Dokonale utes\u0148uje a lep\u00ed v\u00e4\u010d\u0161inu povrchov, ako s\u00fa sklo, keramika, hlin\u00edk a kov.<\/p>\n\n\n\n<div class=\"wp-block-columns is-layout-flex wp-container-core-columns-is-layout-28f84493 wp-block-columns-is-layout-flex\">\n<div class=\"wp-block-column is-layout-flow wp-block-column-is-layout-flow\" style=\"flex-basis:66.66%\">\n<div class=\"wp-block-columns is-layout-flex wp-container-core-columns-is-layout-28f84493 wp-block-columns-is-layout-flex\">\n<div class=\"wp-block-column is-layout-flow wp-block-column-is-layout-flow\">\n<p><strong>POU\u017dITIE:<\/strong> tesnenie r\u00f4znych typov strojov a vykurovac\u00edch zariaden\u00ed \u2013 tesnenie obstavieb pri krboch \u2013 tesnenie r\u00f4znych komponentov v motoroch a in\u00fdch mechanick\u00fdch s\u00fastav\u00e1ch vystaven\u00fdch vysok\u00fdm teplot\u00e1m \u2013 tesnenie kom\u00ednov a ventila\u010dn\u00fdch kan\u00e1lov.<\/p>\n\n\n\n<p><strong>TECHNICK\u00c9 CHARAKTERISTIKY:<\/strong> teplotn\u00e1 odolnos\u0165: od -65 \u00b0C do +380 \u00b0C \u2013 \u010das vytvrdzovania: cca.<br>3 mm\/24 h \u2013 \u010das spracovania: 10-20 min \u2013 prepravovate\u013enos\u0165: \u2013 \u010das vytvrdnutia: 3 mm\/24 h \u2013 \u010das vytvrdnutia: 10-20 min: \u2013 teplota aplik\u00e1cie: od +5\u00b0C do +40\u00b0C \u2013 syst\u00e9m sie\u0165ovania: acet\u00e1t (acetoxy) \u2013 trvanlivos\u0165 v\u00fdrobku v obale \u2013 36 mesiacov.<\/p>\n<\/div>\n<\/div>\n<\/div>\n\n\n\n<div class=\"wp-block-column is-layout-flow wp-block-column-is-layout-flow\" style=\"flex-basis:33.33%\">\n<figure class=\"wp-block-gallery has-nested-images columns-default is-cropped wp-block-gallery-1 is-layout-flex wp-block-gallery-is-layout-flex\">\n<figure class=\"wp-block-image size-large\"><img loading=\"lazy\" decoding=\"async\" width=\"373\" height=\"982\" data-id=\"446\" src=\"https:\/\/www.cx80.sk\/wp-content\/uploads\/2025\/11\/silikon-professional.jpg\" alt=\"\" class=\"wp-image-446\" srcset=\"https:\/\/www.cx80.sk\/wp-content\/uploads\/2025\/11\/silikon-professional.jpg 373w, https:\/\/www.cx80.sk\/wp-content\/uploads\/2025\/11\/silikon-professional-114x300.jpg 114w\" sizes=\"auto, (max-width: 373px) 100vw, 373px\" \/><\/figure>\n\n\n\n<figure class=\"wp-block-image size-large\"><img loading=\"lazy\" decoding=\"async\" width=\"272\" height=\"1024\" data-id=\"448\" src=\"https:\/\/www.cx80.sk\/wp-content\/uploads\/2025\/11\/silikon-professional25059-2-272x1024.jpg\" alt=\"\" class=\"wp-image-448\" srcset=\"https:\/\/www.cx80.sk\/wp-content\/uploads\/2025\/11\/silikon-professional25059-2-272x1024.jpg 272w, https:\/\/www.cx80.sk\/wp-content\/uploads\/2025\/11\/silikon-professional25059-2-80x300.jpg 80w\" sizes=\"auto, (max-width: 272px) 100vw, 272px\" \/><\/figure>\n<\/figure>\n<\/div>\n<\/div>\n\n\n\n<figure class=\"wp-block-image size-large is-resized\"><img loading=\"lazy\" decoding=\"async\" width=\"314\" height=\"825\" src=\"https:\/\/www.cx80.sk\/wp-content\/uploads\/2025\/11\/tubka-80-ml-1.jpg\" alt=\"\" class=\"wp-image-447\" style=\"width:84px;height:auto\" srcset=\"https:\/\/www.cx80.sk\/wp-content\/uploads\/2025\/11\/tubka-80-ml-1.jpg 314w, https:\/\/www.cx80.sk\/wp-content\/uploads\/2025\/11\/tubka-80-ml-1-114x300.jpg 114w\" sizes=\"auto, (max-width: 314px) 100vw, 314px\" \/><\/figure>\n\n\n\n<p><\/p>\n","protected":false},"excerpt":{"rendered":"<p>Olejovzdorn\u00fd tmel, odoln\u00fd vo\u010di ve\u013emi dlh\u00fdm obdobiam n\u00edzkych a vysok\u00fdch tepl\u00f4t od -65 \u00b0C do +260 \u00b0C, do\u010dasne a\u017e do +380 \u00b0C. Je to elastick\u00fd, r\u00fdchlo vytvrdzuj\u00faci tmel, ktor\u00fd reaguje so vzdu\u0161nou vlhkos\u0165ou a vytv\u00e1ra trvanliv\u00fa, nevysychaj\u00facu v\u00fdpl\u0148ov\u00fa hmotu odoln\u00fa vo\u010di UV \u017eiareniu. Dokonale utes\u0148uje a lep\u00ed v\u00e4\u010d\u0161inu povrchov, ako [&hellip;]<\/p>\n","protected":false},"author":1,"featured_media":0,"parent":0,"menu_order":0,"comment_status":"closed","ping_status":"closed","template":"","meta":{"footnotes":""},"class_list":["post-442","page","type-page","status-publish","hentry"],"_links":{"self":[{"href":"https:\/\/www.cx80.sk\/index.php?rest_route=\/wp\/v2\/pages\/442","targetHints":{"allow":["GET"]}}],"collection":[{"href":"https:\/\/www.cx80.sk\/index.php?rest_route=\/wp\/v2\/pages"}],"about":[{"href":"https:\/\/www.cx80.sk\/index.php?rest_route=\/wp\/v2\/types\/page"}],"author":[{"embeddable":true,"href":"https:\/\/www.cx80.sk\/index.php?rest_route=\/wp\/v2\/users\/1"}],"replies":[{"embeddable":true,"href":"https:\/\/www.cx80.sk\/index.php?rest_route=%2Fwp%2Fv2%2Fcomments&post=442"}],"version-history":[{"count":1,"href":"https:\/\/www.cx80.sk\/index.php?rest_route=\/wp\/v2\/pages\/442\/revisions"}],"predecessor-version":[{"id":449,"href":"https:\/\/www.cx80.sk\/index.php?rest_route=\/wp\/v2\/pages\/442\/revisions\/449"}],"wp:attachment":[{"href":"https:\/\/www.cx80.sk\/index.php?rest_route=%2Fwp%2Fv2%2Fmedia&parent=442"}],"curies":[{"name":"wp","href":"https:\/\/api.w.org\/{rel}","templated":true}]}}