{"id":453,"date":"2025-11-03T21:43:06","date_gmt":"2025-11-03T20:43:06","guid":{"rendered":"https:\/\/www.cx80.sk\/?page_id=453"},"modified":"2025-11-03T22:06:00","modified_gmt":"2025-11-03T21:06:00","slug":"silikony","status":"publish","type":"page","link":"https:\/\/www.cx80.sk\/?page_id=453","title":{"rendered":"Silik\u00f3ny"},"content":{"rendered":"\n<p>Pou\u017eitie silik\u00f3nov v r\u00f4znych priemyseln\u00fdch odvetviach<\/p>\n\n\n\n<p>Popri profesion\u00e1lnych anaer\u00f3bnych lepidl\u00e1ch s\u00fa silik\u00f3ny mimoriadne ob\u013e\u00faben\u00fdmi pracovn\u00fdmi n\u00e1strojmi v mnoh\u00fdch obchodn\u00fdch odvetviach.<br>Tento v\u0161estrann\u00fd v\u00fdrobok sp\u013a\u0148a zna\u010dn\u00e9 po\u017eiadavky skuto\u010dne n\u00e1ro\u010dn\u00fdch odvetv\u00ed, ktor\u00e9 si zakladaj\u00fa na presnosti, prec\u00edznosti a prev\u00e1dzkovej spo\u013eahlivosti.<br>Jednou z tak\u00fdchto oblast\u00ed je stavebn\u00edctvo.<br>Silik\u00f3n, ktor\u00fd sa tu pou\u017e\u00edva na tesnenia okien a dver\u00ed, sklenen\u00e9 v\u00fdplne, izol\u00e1cie a panely, toti\u017e zaru\u010duje \u00fa\u010dinnos\u0165, hospod\u00e1rnos\u0165 pou\u017eitia a dlhodob\u00e9 v\u00fdsledky.<br>\u010c\u00edry silik\u00f3n sa ve\u013emi \u010dasto pou\u017e\u00edva pri mont\u00e1\u017ei sanit\u00e1rnych armat\u00far, pri\u010dom zaru\u010duje vizu\u00e1lnu neutralitu a z\u00e1rove\u0148 odolnos\u0165 vo\u010di vlhkosti a kol\u00edsaj\u00facim teplot\u00e1m v miestnosti.<br>To je v\u0161ak len za\u010diatok funk\u010dnosti!<br>Silik\u00f3n sa pou\u017e\u00edva v potravin\u00e1rskom, lek\u00e1rskom a dokonca aj kozmetickom priemysle.<br>V\u00fdrobok sa pou\u017e\u00edva aj v automobilovom priemysle pri utes\u0148ovan\u00ed modern\u00fdch syst\u00e9mov, s\u00fastav a tie\u017e pri dokon\u010dovan\u00ed interi\u00e9ru.<br>Medzi \u010fal\u0161\u00edch pou\u017e\u00edvate\u013eov patria z\u00e1kazn\u00edci v textilnom a chemickom priemysle!<\/p>\n\n\n\n<p><strong>Ako si vybra\u0165 ten spr\u00e1vny silik\u00f3n?<\/strong><\/p>\n\n\n\n<p>Vy\u0161\u0161ie uveden\u00e9 kateg\u00f3rie silik\u00f3nov\u00fdch v\u00fdrobkov dokazuj\u00fa, \u017ee mimoriadne d\u00f4le\u017eit\u00fdm vod\u00edtkom pri v\u00fdbere v\u00fdrobku s\u00fa okolnosti pou\u017eitia.<br>Na \u010do \u010fal\u0161ie sa oplat\u00ed myslie\u0165 pred n\u00e1kupom?<br>Ve\u013ekou v\u00fdhodou profesion\u00e1lneho silik\u00f3nu bude aj jednoduch\u00e1 manipul\u00e1cia a vysok\u00e1 kvalita zlo\u017eenia.<br>Koniec koncov, n\u00e1kup od profesion\u00e1lneho a sk\u00fasen\u00e9ho dod\u00e1vate\u013ea zabezpe\u010d\u00ed robustnos\u0165 a odolnos\u0165 vo\u010di v\u0161etk\u00fdm vonkaj\u0161\u00edm faktorom, ale nielen to.<br>V\u00fdber \u0161pecializovan\u00e9ho obchodu znamen\u00e1 aj pr\u00edstup k odborn\u00edkom, ktor\u00ed rozpt\u00fdlia v\u0161etky pochybnosti a poskytn\u00fa mno\u017estvo cenn\u00fdch r\u00e1d.<br>Takto vybran\u00fd pr\u00edpravok zaru\u010d\u00ed pln\u00fa spokojnos\u0165 pou\u017e\u00edvate\u013ea bez oh\u013eadu na charakter odvetvia.<\/p>\n\n\n\n<div class=\"wp-block-columns is-layout-flex wp-container-core-columns-is-layout-28f84493 wp-block-columns-is-layout-flex\">\n<div class=\"wp-block-column is-layout-flow wp-block-column-is-layout-flow\"><div class=\"wp-block-image\">\n<figure class=\"aligncenter size-full\"><a href=\"https:\/\/www.cx80.sk\/?page_id=463\"><img loading=\"lazy\" decoding=\"async\" width=\"800\" height=\"800\" src=\"https:\/\/www.cx80.sk\/wp-content\/uploads\/2025\/11\/silikon-neutralny2020.jpg\" alt=\"\" class=\"wp-image-454\" srcset=\"https:\/\/www.cx80.sk\/wp-content\/uploads\/2025\/11\/silikon-neutralny2020.jpg 800w, https:\/\/www.cx80.sk\/wp-content\/uploads\/2025\/11\/silikon-neutralny2020-300x300.jpg 300w, https:\/\/www.cx80.sk\/wp-content\/uploads\/2025\/11\/silikon-neutralny2020-150x150.jpg 150w, https:\/\/www.cx80.sk\/wp-content\/uploads\/2025\/11\/silikon-neutralny2020-768x768.jpg 768w\" sizes=\"auto, (max-width: 800px) 100vw, 800px\" \/><\/a><figcaption class=\"wp-element-caption\"><a href=\"https:\/\/www.cx80.sk\/?page_id=463\" data-type=\"page\" data-id=\"463\">Neutr\u00e1lny silik\u00f3n<\/a><\/figcaption><\/figure>\n<\/div><\/div>\n\n\n\n<div class=\"wp-block-column is-layout-flow wp-block-column-is-layout-flow\"><div class=\"wp-block-image\">\n<figure class=\"aligncenter size-full\"><a href=\"https:\/\/www.cx80.sk\/?page_id=466\"><img loading=\"lazy\" decoding=\"async\" width=\"800\" height=\"800\" src=\"https:\/\/www.cx80.sk\/wp-content\/uploads\/2025\/11\/food-grade-sealant.jpg\" alt=\"\" class=\"wp-image-455\" srcset=\"https:\/\/www.cx80.sk\/wp-content\/uploads\/2025\/11\/food-grade-sealant.jpg 800w, https:\/\/www.cx80.sk\/wp-content\/uploads\/2025\/11\/food-grade-sealant-300x300.jpg 300w, https:\/\/www.cx80.sk\/wp-content\/uploads\/2025\/11\/food-grade-sealant-150x150.jpg 150w, https:\/\/www.cx80.sk\/wp-content\/uploads\/2025\/11\/food-grade-sealant-768x768.jpg 768w\" sizes=\"auto, (max-width: 800px) 100vw, 800px\" \/><\/a><figcaption class=\"wp-element-caption\"><a href=\"https:\/\/www.cx80.sk\/?page_id=466\">Potravin\u00e1rsky tmel<\/a><\/figcaption><\/figure>\n<\/div><\/div>\n\n\n\n<div class=\"wp-block-column is-layout-flow wp-block-column-is-layout-flow\"><div class=\"wp-block-image\">\n<figure class=\"aligncenter size-full\"><a href=\"https:\/\/www.cx80.sk\/?page_id=470\"><img loading=\"lazy\" decoding=\"async\" width=\"800\" height=\"800\" src=\"https:\/\/www.cx80.sk\/wp-content\/uploads\/2025\/11\/silikon-wielozadaniowy2020.jpg\" alt=\"\" class=\"wp-image-458\" srcset=\"https:\/\/www.cx80.sk\/wp-content\/uploads\/2025\/11\/silikon-wielozadaniowy2020.jpg 800w, https:\/\/www.cx80.sk\/wp-content\/uploads\/2025\/11\/silikon-wielozadaniowy2020-300x300.jpg 300w, https:\/\/www.cx80.sk\/wp-content\/uploads\/2025\/11\/silikon-wielozadaniowy2020-150x150.jpg 150w, https:\/\/www.cx80.sk\/wp-content\/uploads\/2025\/11\/silikon-wielozadaniowy2020-768x768.jpg 768w\" sizes=\"auto, (max-width: 800px) 100vw, 800px\" \/><\/a><figcaption class=\"wp-element-caption\"><a href=\"https:\/\/www.cx80.sk\/?page_id=470\" data-type=\"page\" data-id=\"470\">Silik\u00f3n viac\u00fa\u010delov\u00fd<\/a><\/figcaption><\/figure>\n<\/div><\/div>\n<\/div>\n\n\n\n<div class=\"wp-block-columns is-layout-flex wp-container-core-columns-is-layout-28f84493 wp-block-columns-is-layout-flex\">\n<div class=\"wp-block-column is-layout-flow wp-block-column-is-layout-flow\"><\/div>\n\n\n\n<div class=\"wp-block-column is-layout-flow wp-block-column-is-layout-flow\"><\/div>\n<\/div>\n\n\n\n<div class=\"wp-block-columns is-layout-flex wp-container-core-columns-is-layout-28f84493 wp-block-columns-is-layout-flex\">\n<div class=\"wp-block-column is-layout-flow wp-block-column-is-layout-flow\"><div class=\"wp-block-image\">\n<figure class=\"aligncenter size-full\"><a href=\"https:\/\/www.cx80.sk\/?page_id=473\"><img loading=\"lazy\" decoding=\"async\" width=\"800\" height=\"800\" src=\"https:\/\/www.cx80.sk\/wp-content\/uploads\/2025\/11\/silicx.jpg\" alt=\"\" class=\"wp-image-459\" srcset=\"https:\/\/www.cx80.sk\/wp-content\/uploads\/2025\/11\/silicx.jpg 800w, https:\/\/www.cx80.sk\/wp-content\/uploads\/2025\/11\/silicx-300x300.jpg 300w, https:\/\/www.cx80.sk\/wp-content\/uploads\/2025\/11\/silicx-150x150.jpg 150w, https:\/\/www.cx80.sk\/wp-content\/uploads\/2025\/11\/silicx-768x768.jpg 768w\" sizes=\"auto, (max-width: 800px) 100vw, 800px\" \/><\/a><figcaption class=\"wp-element-caption\"><a href=\"https:\/\/www.cx80.sk\/?page_id=473\">Lepidlo Silicx Super RTV<\/a><\/figcaption><\/figure>\n<\/div><\/div>\n\n\n\n<div class=\"wp-block-column is-layout-flow wp-block-column-is-layout-flow\"><\/div>\n\n\n\n<div class=\"wp-block-column is-layout-flow wp-block-column-is-layout-flow\"><\/div>\n<\/div>\n\n\n\n<p><\/p>\n","protected":false},"excerpt":{"rendered":"<p>Pou\u017eitie silik\u00f3nov v r\u00f4znych priemyseln\u00fdch odvetviach Popri profesion\u00e1lnych anaer\u00f3bnych lepidl\u00e1ch s\u00fa silik\u00f3ny mimoriadne ob\u013e\u00faben\u00fdmi pracovn\u00fdmi n\u00e1strojmi v mnoh\u00fdch obchodn\u00fdch odvetviach.Tento v\u0161estrann\u00fd v\u00fdrobok sp\u013a\u0148a zna\u010dn\u00e9 po\u017eiadavky skuto\u010dne n\u00e1ro\u010dn\u00fdch odvetv\u00ed, ktor\u00e9 si zakladaj\u00fa na presnosti, prec\u00edznosti a prev\u00e1dzkovej spo\u013eahlivosti.Jednou z tak\u00fdchto oblast\u00ed je stavebn\u00edctvo.Silik\u00f3n, ktor\u00fd sa tu pou\u017e\u00edva na tesnenia okien a [&hellip;]<\/p>\n","protected":false},"author":1,"featured_media":0,"parent":0,"menu_order":0,"comment_status":"closed","ping_status":"closed","template":"","meta":{"footnotes":""},"class_list":["post-453","page","type-page","status-publish","hentry"],"_links":{"self":[{"href":"https:\/\/www.cx80.sk\/index.php?rest_route=\/wp\/v2\/pages\/453","targetHints":{"allow":["GET"]}}],"collection":[{"href":"https:\/\/www.cx80.sk\/index.php?rest_route=\/wp\/v2\/pages"}],"about":[{"href":"https:\/\/www.cx80.sk\/index.php?rest_route=\/wp\/v2\/types\/page"}],"author":[{"embeddable":true,"href":"https:\/\/www.cx80.sk\/index.php?rest_route=\/wp\/v2\/users\/1"}],"replies":[{"embeddable":true,"href":"https:\/\/www.cx80.sk\/index.php?rest_route=%2Fwp%2Fv2%2Fcomments&post=453"}],"version-history":[{"count":4,"href":"https:\/\/www.cx80.sk\/index.php?rest_route=\/wp\/v2\/pages\/453\/revisions"}],"predecessor-version":[{"id":478,"href":"https:\/\/www.cx80.sk\/index.php?rest_route=\/wp\/v2\/pages\/453\/revisions\/478"}],"wp:attachment":[{"href":"https:\/\/www.cx80.sk\/index.php?rest_route=%2Fwp%2Fv2%2Fmedia&parent=453"}],"curies":[{"name":"wp","href":"https:\/\/api.w.org\/{rel}","templated":true}]}}