{"id":463,"date":"2025-11-03T21:49:34","date_gmt":"2025-11-03T20:49:34","guid":{"rendered":"https:\/\/www.cx80.sk\/?page_id=463"},"modified":"2025-11-03T21:49:36","modified_gmt":"2025-11-03T20:49:36","slug":"neutralny-silikon","status":"publish","type":"page","link":"https:\/\/www.cx80.sk\/?page_id=463","title":{"rendered":"NEUTR\u00c1LNY SILIK\u00d3N"},"content":{"rendered":"\n<p>Neutr\u00e1lne tvrdn\u00faci stavebn\u00fd silik\u00f3n. Na tmelenie a \u0161k\u00e1rovanie v\u00e4\u010d\u0161iny materi\u00e1lov vr\u00e1tane mnoh\u00fdch plastov a kovov.<\/p>\n\n\n\n<div class=\"wp-block-columns is-layout-flex wp-container-core-columns-is-layout-28f84493 wp-block-columns-is-layout-flex\">\n<div class=\"wp-block-column is-layout-flow wp-block-column-is-layout-flow\" style=\"flex-basis:66.66%\">\n<p><strong>VLASTNOSTI<\/strong>: dlhodob\u00e1 odolnos\u0165 vo\u010di v\u0161etk\u00fdm atmosf\u00e9rick\u00fdm vplyvom \u2013 vynikaj\u00faca pri\u013enavos\u0165 na por\u00e9zne podklady: bet\u00f3n, murivo, tehly, drevo, ako aj na nepor\u00e9zne podklady: sklo, keramika a in\u00e9 glazovan\u00e9 povrchy, kovy (vr\u00e1tane hlin\u00edka) a mnoh\u00e9 plasty, napr..: PVC, akryl\u00e1t a polykarbon\u00e1t \u2013 nekoroduje kovy \u2013 neodfarbuje por\u00e9zne podklady \u2013 trval\u00e1 elasticita po vytvrdnut\u00ed \u2013 \u010das tvorby ko\u017ee \u2013 cca.<\/p>\n\n\n\n<p>35 min \u2013 r\u00fdchlos\u0165 tvrdnutia \u2013 2 mm\/24 h.<\/p>\n<\/div>\n\n\n\n<div class=\"wp-block-column is-layout-flow wp-block-column-is-layout-flow\" style=\"flex-basis:33.33%\">\n<figure class=\"wp-block-image size-full\"><img loading=\"lazy\" decoding=\"async\" width=\"800\" height=\"800\" src=\"https:\/\/www.cx80.sk\/wp-content\/uploads\/2025\/11\/silikon-neutralny2020.jpg\" alt=\"\" class=\"wp-image-454\" srcset=\"https:\/\/www.cx80.sk\/wp-content\/uploads\/2025\/11\/silikon-neutralny2020.jpg 800w, https:\/\/www.cx80.sk\/wp-content\/uploads\/2025\/11\/silikon-neutralny2020-300x300.jpg 300w, https:\/\/www.cx80.sk\/wp-content\/uploads\/2025\/11\/silikon-neutralny2020-150x150.jpg 150w, https:\/\/www.cx80.sk\/wp-content\/uploads\/2025\/11\/silikon-neutralny2020-768x768.jpg 768w\" sizes=\"auto, (max-width: 800px) 100vw, 800px\" \/><\/figure>\n<\/div>\n<\/div>\n\n\n\n<p><\/p>\n","protected":false},"excerpt":{"rendered":"<p>Neutr\u00e1lne tvrdn\u00faci stavebn\u00fd silik\u00f3n. Na tmelenie a \u0161k\u00e1rovanie v\u00e4\u010d\u0161iny materi\u00e1lov vr\u00e1tane mnoh\u00fdch plastov a kovov. VLASTNOSTI: dlhodob\u00e1 odolnos\u0165 vo\u010di v\u0161etk\u00fdm atmosf\u00e9rick\u00fdm vplyvom \u2013 vynikaj\u00faca pri\u013enavos\u0165 na por\u00e9zne podklady: bet\u00f3n, murivo, tehly, drevo, ako aj na nepor\u00e9zne podklady: sklo, keramika a in\u00e9 glazovan\u00e9 povrchy, kovy (vr\u00e1tane hlin\u00edka) a mnoh\u00e9 plasty, napr..: [&hellip;]<\/p>\n","protected":false},"author":1,"featured_media":0,"parent":0,"menu_order":0,"comment_status":"closed","ping_status":"closed","template":"","meta":{"footnotes":""},"class_list":["post-463","page","type-page","status-publish","hentry"],"_links":{"self":[{"href":"https:\/\/www.cx80.sk\/index.php?rest_route=\/wp\/v2\/pages\/463","targetHints":{"allow":["GET"]}}],"collection":[{"href":"https:\/\/www.cx80.sk\/index.php?rest_route=\/wp\/v2\/pages"}],"about":[{"href":"https:\/\/www.cx80.sk\/index.php?rest_route=\/wp\/v2\/types\/page"}],"author":[{"embeddable":true,"href":"https:\/\/www.cx80.sk\/index.php?rest_route=\/wp\/v2\/users\/1"}],"replies":[{"embeddable":true,"href":"https:\/\/www.cx80.sk\/index.php?rest_route=%2Fwp%2Fv2%2Fcomments&post=463"}],"version-history":[{"count":1,"href":"https:\/\/www.cx80.sk\/index.php?rest_route=\/wp\/v2\/pages\/463\/revisions"}],"predecessor-version":[{"id":464,"href":"https:\/\/www.cx80.sk\/index.php?rest_route=\/wp\/v2\/pages\/463\/revisions\/464"}],"wp:attachment":[{"href":"https:\/\/www.cx80.sk\/index.php?rest_route=%2Fwp%2Fv2%2Fmedia&parent=463"}],"curies":[{"name":"wp","href":"https:\/\/api.w.org\/{rel}","templated":true}]}}