{"id":470,"date":"2025-11-03T21:54:35","date_gmt":"2025-11-03T20:54:35","guid":{"rendered":"https:\/\/www.cx80.sk\/?page_id=470"},"modified":"2025-11-03T21:54:37","modified_gmt":"2025-11-03T20:54:37","slug":"viacucelovy-silikon","status":"publish","type":"page","link":"https:\/\/www.cx80.sk\/?page_id=470","title":{"rendered":"VIAC\u00da\u010cELOV\u00dd SILIK\u00d3N"},"content":{"rendered":"\n<p>Univerz\u00e1lny stavebn\u00fd silik\u00f3n s vytvrdzovan\u00edm kyselinou. Na \u0161k\u00e1rovanie a sp\u00e1janie keramick\u00fdch materi\u00e1lov, skla a niektor\u00fdch kovov.<\/p>\n\n\n\n<div class=\"wp-block-columns is-layout-flex wp-container-core-columns-is-layout-28f84493 wp-block-columns-is-layout-flex\">\n<div class=\"wp-block-column is-layout-flow wp-block-column-is-layout-flow\" style=\"flex-basis:33.33%\">\n<figure class=\"wp-block-gallery has-nested-images columns-default is-cropped wp-block-gallery-1 is-layout-flex wp-block-gallery-is-layout-flex\">\n<figure class=\"wp-block-image size-large\"><img loading=\"lazy\" decoding=\"async\" width=\"288\" height=\"1024\" data-id=\"457\" src=\"https:\/\/www.cx80.sk\/wp-content\/uploads\/2025\/11\/silic_viac-288x1024.jpg\" alt=\"\" class=\"wp-image-457\" srcset=\"https:\/\/www.cx80.sk\/wp-content\/uploads\/2025\/11\/silic_viac-288x1024.jpg 288w, https:\/\/www.cx80.sk\/wp-content\/uploads\/2025\/11\/silic_viac-84x300.jpg 84w\" sizes=\"auto, (max-width: 288px) 100vw, 288px\" \/><\/figure>\n\n\n\n<figure class=\"wp-block-image size-large\"><img loading=\"lazy\" decoding=\"async\" width=\"800\" height=\"800\" data-id=\"458\" src=\"https:\/\/www.cx80.sk\/wp-content\/uploads\/2025\/11\/silikon-wielozadaniowy2020.jpg\" alt=\"\" class=\"wp-image-458\" srcset=\"https:\/\/www.cx80.sk\/wp-content\/uploads\/2025\/11\/silikon-wielozadaniowy2020.jpg 800w, https:\/\/www.cx80.sk\/wp-content\/uploads\/2025\/11\/silikon-wielozadaniowy2020-300x300.jpg 300w, https:\/\/www.cx80.sk\/wp-content\/uploads\/2025\/11\/silikon-wielozadaniowy2020-150x150.jpg 150w, https:\/\/www.cx80.sk\/wp-content\/uploads\/2025\/11\/silikon-wielozadaniowy2020-768x768.jpg 768w\" sizes=\"auto, (max-width: 800px) 100vw, 800px\" \/><\/figure>\n<\/figure>\n<\/div>\n\n\n\n<div class=\"wp-block-column is-layout-flow wp-block-column-is-layout-flow\" style=\"flex-basis:66.66%\">\n<p><strong>VLASTNOSTI<\/strong>: dlhodob\u00e1 odolnos\u0165 vo\u010di v\u0161etk\u00fdm atmosf\u00e9rick\u00fdm vplyvom \u2013 vynikaj\u00faca pri\u013enavos\u0165 k por\u00e9znym podkladom: bet\u00f3n, murivo, tehly, drevo; aj k nepor\u00e9znym podkladom: sklo, keramika a in\u00e9 glazovan\u00e9 povrchy a nehrdzavej\u00faca oce\u013e \u2013 trval\u00e1 pru\u017enos\u0165 po vytvrdnut\u00ed \u2013 \u010das tvorby poko\u017eky \u2013 cca.<br>5 min \u2013 r\u00fdchlos\u0165 tvrdnutia \u2013 3 mm\/18 h.<\/p>\n\n\n\n<p><strong>POU\u017dITIE<\/strong>: \u0161k\u00e1rovanie v stavebn\u00edctve a diel\u0148ach \u2013 \u0161k\u00e1rovanie keramick\u00fdch obkladov a dla\u017eieb v interi\u00e9ri a exteri\u00e9ri \u2013 ad hoc zasklievacie pr\u00e1ce (napr. surov\u00e9 alebo olejom natret\u00e9 dreven\u00e9 r\u00e1my) \u2013 tesnenie v chladiarensk\u00fdch priestoroch a zariadeniach \u2013 tesnenie ventila\u010dn\u00fdch zariaden\u00ed<\/p>\n<\/div>\n<\/div>\n","protected":false},"excerpt":{"rendered":"<p>Univerz\u00e1lny stavebn\u00fd silik\u00f3n s vytvrdzovan\u00edm kyselinou. Na \u0161k\u00e1rovanie a sp\u00e1janie keramick\u00fdch materi\u00e1lov, skla a niektor\u00fdch kovov. VLASTNOSTI: dlhodob\u00e1 odolnos\u0165 vo\u010di v\u0161etk\u00fdm atmosf\u00e9rick\u00fdm vplyvom \u2013 vynikaj\u00faca pri\u013enavos\u0165 k por\u00e9znym podkladom: bet\u00f3n, murivo, tehly, drevo; aj k nepor\u00e9znym podkladom: sklo, keramika a in\u00e9 glazovan\u00e9 povrchy a nehrdzavej\u00faca oce\u013e \u2013 trval\u00e1 pru\u017enos\u0165 po [&hellip;]<\/p>\n","protected":false},"author":1,"featured_media":0,"parent":0,"menu_order":0,"comment_status":"closed","ping_status":"closed","template":"","meta":{"footnotes":""},"class_list":["post-470","page","type-page","status-publish","hentry"],"_links":{"self":[{"href":"https:\/\/www.cx80.sk\/index.php?rest_route=\/wp\/v2\/pages\/470","targetHints":{"allow":["GET"]}}],"collection":[{"href":"https:\/\/www.cx80.sk\/index.php?rest_route=\/wp\/v2\/pages"}],"about":[{"href":"https:\/\/www.cx80.sk\/index.php?rest_route=\/wp\/v2\/types\/page"}],"author":[{"embeddable":true,"href":"https:\/\/www.cx80.sk\/index.php?rest_route=\/wp\/v2\/users\/1"}],"replies":[{"embeddable":true,"href":"https:\/\/www.cx80.sk\/index.php?rest_route=%2Fwp%2Fv2%2Fcomments&post=470"}],"version-history":[{"count":1,"href":"https:\/\/www.cx80.sk\/index.php?rest_route=\/wp\/v2\/pages\/470\/revisions"}],"predecessor-version":[{"id":471,"href":"https:\/\/www.cx80.sk\/index.php?rest_route=\/wp\/v2\/pages\/470\/revisions\/471"}],"wp:attachment":[{"href":"https:\/\/www.cx80.sk\/index.php?rest_route=%2Fwp%2Fv2%2Fmedia&parent=470"}],"curies":[{"name":"wp","href":"https:\/\/api.w.org\/{rel}","templated":true}]}}