{"id":473,"date":"2025-11-03T22:04:19","date_gmt":"2025-11-03T21:04:19","guid":{"rendered":"https:\/\/www.cx80.sk\/?page_id=473"},"modified":"2025-11-03T22:04:21","modified_gmt":"2025-11-03T21:04:21","slug":"silikonove-lepidlo-silicx-super-rtv","status":"publish","type":"page","link":"https:\/\/www.cx80.sk\/?page_id=473","title":{"rendered":"Silik\u00f3nov\u00e9 lepidlo SILICX SUPER RTV"},"content":{"rendered":"\n<p>Bezfarebn\u00fd, pru\u017en\u00fd, samoniveliza\u010dn\u00fd lepiaci tmel s ve\u013emi dobr\u00fdmi mechanick\u00fdmi vlastnos\u0165ami. Absorbuje n\u00e1razy a vibr\u00e1cie.<\/p>\n\n\n\n<div class=\"wp-block-columns is-layout-flex wp-container-core-columns-is-layout-28f84493 wp-block-columns-is-layout-flex\">\n<div class=\"wp-block-column is-layout-flow wp-block-column-is-layout-flow\" style=\"flex-basis:66.66%\">\n<p><strong>VLASTNOSTI<\/strong>: ve\u013emi dobr\u00e9 mechanick\u00e9 vlastnosti \u2013 absorbuje n\u00e1razy a vibr\u00e1cie \u2013 nie je potrebn\u00e9 \u017eiadne z\u00e1kladovanie \u2013 \u010das tvorby ko\u017ee 10 min\u00fat.<\/p>\n\n\n\n<p><strong>POU\u017dITIE<\/strong>: lepenie\/tesnenie \u0161irokej \u0161k\u00e1ly materi\u00e1lov \u2013 silik\u00f3ny, sklo, keramika, kovy, plasty a pr\u00e1\u0161kov\u00e9 n\u00e1tery \u2013 vyp\u013a\u0148anie medzier \u2013 univerz\u00e1lny tmel a lepidlo pre v\u0161eobecn\u00fd priemysel a elektroniku pre aplik\u00e1cie FIPG, protipo\u017eiarny tmel na b\u00e1ze silik\u00f3nu pre maxim\u00e1lnu deformovate\u013enos\u0165 line\u00e1rnych dilata\u010dn\u00fdch \u0161k\u00e1r v po\u017eiarnych deliacich prvkoch.<\/p>\n<\/div>\n\n\n\n<div class=\"wp-block-column is-layout-flow wp-block-column-is-layout-flow\" style=\"flex-basis:33.33%\">\n<figure class=\"wp-block-gallery has-nested-images columns-default is-cropped wp-block-gallery-1 is-layout-flex wp-block-gallery-is-layout-flex\">\n<figure class=\"wp-block-image size-large\"><img loading=\"lazy\" decoding=\"async\" width=\"309\" height=\"802\" data-id=\"475\" src=\"https:\/\/www.cx80.sk\/wp-content\/uploads\/2025\/11\/Silcx_80g.jpg\" alt=\"\" class=\"wp-image-475\" srcset=\"https:\/\/www.cx80.sk\/wp-content\/uploads\/2025\/11\/Silcx_80g.jpg 309w, https:\/\/www.cx80.sk\/wp-content\/uploads\/2025\/11\/Silcx_80g-116x300.jpg 116w\" sizes=\"auto, (max-width: 309px) 100vw, 309px\" \/><\/figure>\n\n\n\n<figure class=\"wp-block-image size-large\"><img loading=\"lazy\" decoding=\"async\" width=\"800\" height=\"800\" data-id=\"476\" src=\"https:\/\/www.cx80.sk\/wp-content\/uploads\/2025\/11\/silicx-1.jpg\" alt=\"\" class=\"wp-image-476\" srcset=\"https:\/\/www.cx80.sk\/wp-content\/uploads\/2025\/11\/silicx-1.jpg 800w, https:\/\/www.cx80.sk\/wp-content\/uploads\/2025\/11\/silicx-1-300x300.jpg 300w, https:\/\/www.cx80.sk\/wp-content\/uploads\/2025\/11\/silicx-1-150x150.jpg 150w, https:\/\/www.cx80.sk\/wp-content\/uploads\/2025\/11\/silicx-1-768x768.jpg 768w\" sizes=\"auto, (max-width: 800px) 100vw, 800px\" \/><\/figure>\n<\/figure>\n<\/div>\n<\/div>\n","protected":false},"excerpt":{"rendered":"<p>Bezfarebn\u00fd, pru\u017en\u00fd, samoniveliza\u010dn\u00fd lepiaci tmel s ve\u013emi dobr\u00fdmi mechanick\u00fdmi vlastnos\u0165ami. Absorbuje n\u00e1razy a vibr\u00e1cie. VLASTNOSTI: ve\u013emi dobr\u00e9 mechanick\u00e9 vlastnosti \u2013 absorbuje n\u00e1razy a vibr\u00e1cie \u2013 nie je potrebn\u00e9 \u017eiadne z\u00e1kladovanie \u2013 \u010das tvorby ko\u017ee 10 min\u00fat. POU\u017dITIE: lepenie\/tesnenie \u0161irokej \u0161k\u00e1ly materi\u00e1lov \u2013 silik\u00f3ny, sklo, keramika, kovy, plasty a pr\u00e1\u0161kov\u00e9 n\u00e1tery [&hellip;]<\/p>\n","protected":false},"author":1,"featured_media":0,"parent":0,"menu_order":0,"comment_status":"closed","ping_status":"closed","template":"","meta":{"footnotes":""},"class_list":["post-473","page","type-page","status-publish","hentry"],"_links":{"self":[{"href":"https:\/\/www.cx80.sk\/index.php?rest_route=\/wp\/v2\/pages\/473","targetHints":{"allow":["GET"]}}],"collection":[{"href":"https:\/\/www.cx80.sk\/index.php?rest_route=\/wp\/v2\/pages"}],"about":[{"href":"https:\/\/www.cx80.sk\/index.php?rest_route=\/wp\/v2\/types\/page"}],"author":[{"embeddable":true,"href":"https:\/\/www.cx80.sk\/index.php?rest_route=\/wp\/v2\/users\/1"}],"replies":[{"embeddable":true,"href":"https:\/\/www.cx80.sk\/index.php?rest_route=%2Fwp%2Fv2%2Fcomments&post=473"}],"version-history":[{"count":1,"href":"https:\/\/www.cx80.sk\/index.php?rest_route=\/wp\/v2\/pages\/473\/revisions"}],"predecessor-version":[{"id":477,"href":"https:\/\/www.cx80.sk\/index.php?rest_route=\/wp\/v2\/pages\/473\/revisions\/477"}],"wp:attachment":[{"href":"https:\/\/www.cx80.sk\/index.php?rest_route=%2Fwp%2Fv2%2Fmedia&parent=473"}],"curies":[{"name":"wp","href":"https:\/\/api.w.org\/{rel}","templated":true}]}}