{"id":479,"date":"2025-11-04T18:49:02","date_gmt":"2025-11-04T17:49:02","guid":{"rendered":"https:\/\/www.cx80.sk\/?page_id=479"},"modified":"2025-11-04T20:22:49","modified_gmt":"2025-11-04T19:22:49","slug":"tmely","status":"publish","type":"page","link":"https:\/\/www.cx80.sk\/?page_id=479","title":{"rendered":"Tmely"},"content":{"rendered":"\n<p>Z bezpe\u010dnostn\u00fdch d\u00f4vodov je ve\u013emi d\u00f4le\u017eit\u00e9, aby boli kom\u00ednov\u00e9 prieduchy a mrie\u017eky riadne utesnen\u00e9.<br>Pou\u017eit\u00e9 tmely musia odol\u00e1va\u0165 ve\u013emi vysok\u00fdm teplot\u00e1m, ktor\u00e9 v krboch a spor\u00e1koch m\u00f4\u017eu dosiahnu\u0165 viac ako 1 000 \u00b0C (n\u00e1\u0161 pr\u00edpravok do\u010dasne odol\u00e1va a\u017e 1 500 \u00b0C).<\/p>\n\n\n\n<div class=\"wp-block-columns is-layout-flex wp-container-core-columns-is-layout-28f84493 wp-block-columns-is-layout-flex\">\n<div class=\"wp-block-column is-layout-flow wp-block-column-is-layout-flow\"><div class=\"wp-block-image\">\n<figure class=\"aligncenter size-full is-resized\"><a href=\"https:\/\/www.cx80.sk\/?page_id=485\"><img loading=\"lazy\" decoding=\"async\" width=\"358\" height=\"1023\" src=\"https:\/\/www.cx80.sk\/wp-content\/uploads\/2025\/11\/krbovy.jpg\" alt=\"\" class=\"wp-image-480\" style=\"width:152px;height:auto\" srcset=\"https:\/\/www.cx80.sk\/wp-content\/uploads\/2025\/11\/krbovy.jpg 358w, https:\/\/www.cx80.sk\/wp-content\/uploads\/2025\/11\/krbovy-105x300.jpg 105w\" sizes=\"auto, (max-width: 358px) 100vw, 358px\" \/><\/a><figcaption class=\"wp-element-caption\"><strong><a href=\"https:\/\/www.cx80.sk\/?page_id=485\" data-type=\"page\" data-id=\"485\">KRBOV\u00dd TMEL<\/a><\/strong><\/figcaption><\/figure>\n<\/div><\/div>\n\n\n\n<div class=\"wp-block-column is-layout-flow wp-block-column-is-layout-flow\"><div class=\"wp-block-image\">\n<figure class=\"aligncenter size-large is-resized\"><a href=\"https:\/\/www.cx80.sk\/?page_id=488\"><img loading=\"lazy\" decoding=\"async\" width=\"338\" height=\"1024\" src=\"https:\/\/www.cx80.sk\/wp-content\/uploads\/2025\/11\/roof_1-338x1024.jpg\" alt=\"\" class=\"wp-image-481\" style=\"width:144px;height:auto\" srcset=\"https:\/\/www.cx80.sk\/wp-content\/uploads\/2025\/11\/roof_1-338x1024.jpg 338w, https:\/\/www.cx80.sk\/wp-content\/uploads\/2025\/11\/roof_1-99x300.jpg 99w, https:\/\/www.cx80.sk\/wp-content\/uploads\/2025\/11\/roof_1.jpg 389w\" sizes=\"auto, (max-width: 338px) 100vw, 338px\" \/><\/a><figcaption class=\"wp-element-caption\"><strong><a href=\"https:\/\/www.cx80.sk\/?page_id=488\" data-type=\"page\" data-id=\"488\">ROOFICX<\/a><\/strong><\/figcaption><\/figure>\n<\/div><\/div>\n<\/div>\n\n\n\n<p><\/p>\n","protected":false},"excerpt":{"rendered":"<p>Z bezpe\u010dnostn\u00fdch d\u00f4vodov je ve\u013emi d\u00f4le\u017eit\u00e9, aby boli kom\u00ednov\u00e9 prieduchy a mrie\u017eky riadne utesnen\u00e9.Pou\u017eit\u00e9 tmely musia odol\u00e1va\u0165 ve\u013emi vysok\u00fdm teplot\u00e1m, ktor\u00e9 v krboch a spor\u00e1koch m\u00f4\u017eu dosiahnu\u0165 viac ako 1 000 \u00b0C (n\u00e1\u0161 pr\u00edpravok do\u010dasne odol\u00e1va a\u017e 1 500 \u00b0C).<\/p>\n","protected":false},"author":1,"featured_media":0,"parent":0,"menu_order":0,"comment_status":"closed","ping_status":"closed","template":"","meta":{"footnotes":""},"class_list":["post-479","page","type-page","status-publish","hentry"],"_links":{"self":[{"href":"https:\/\/www.cx80.sk\/index.php?rest_route=\/wp\/v2\/pages\/479","targetHints":{"allow":["GET"]}}],"collection":[{"href":"https:\/\/www.cx80.sk\/index.php?rest_route=\/wp\/v2\/pages"}],"about":[{"href":"https:\/\/www.cx80.sk\/index.php?rest_route=\/wp\/v2\/types\/page"}],"author":[{"embeddable":true,"href":"https:\/\/www.cx80.sk\/index.php?rest_route=\/wp\/v2\/users\/1"}],"replies":[{"embeddable":true,"href":"https:\/\/www.cx80.sk\/index.php?rest_route=%2Fwp%2Fv2%2Fcomments&post=479"}],"version-history":[{"count":3,"href":"https:\/\/www.cx80.sk\/index.php?rest_route=\/wp\/v2\/pages\/479\/revisions"}],"predecessor-version":[{"id":491,"href":"https:\/\/www.cx80.sk\/index.php?rest_route=\/wp\/v2\/pages\/479\/revisions\/491"}],"wp:attachment":[{"href":"https:\/\/www.cx80.sk\/index.php?rest_route=%2Fwp%2Fv2%2Fmedia&parent=479"}],"curies":[{"name":"wp","href":"https:\/\/api.w.org\/{rel}","templated":true}]}}