{"id":485,"date":"2025-11-04T20:18:14","date_gmt":"2025-11-04T19:18:14","guid":{"rendered":"https:\/\/www.cx80.sk\/?page_id=485"},"modified":"2025-11-04T20:18:15","modified_gmt":"2025-11-04T19:18:15","slug":"krbovy-tmel","status":"publish","type":"page","link":"https:\/\/www.cx80.sk\/?page_id=485","title":{"rendered":"KRBOV\u00dd TMEL"},"content":{"rendered":"\n<p>Oh\u0148ovzdorn\u00e1 tesniaca zmes. Tmel na b\u00e1ze vodn\u00e9ho skla, ur\u010den\u00fd najm\u00e4 na opravy a tesnenie v oblastiach vystaven\u00fdch ve\u013emi vysok\u00fdm teplot\u00e1m, napr. krby, spor\u00e1ky, ro\u0161ty.<\/p>\n\n\n\n<div class=\"wp-block-columns is-layout-flex wp-container-core-columns-is-layout-28f84493 wp-block-columns-is-layout-flex\">\n<div class=\"wp-block-column is-layout-flow wp-block-column-is-layout-flow\" style=\"flex-basis:33.33%\">\n<figure class=\"wp-block-image size-full is-resized\"><img loading=\"lazy\" decoding=\"async\" width=\"358\" height=\"1023\" src=\"https:\/\/www.cx80.sk\/wp-content\/uploads\/2025\/11\/krbovy.jpg\" alt=\"\" class=\"wp-image-480\" style=\"width:115px;height:auto\" srcset=\"https:\/\/www.cx80.sk\/wp-content\/uploads\/2025\/11\/krbovy.jpg 358w, https:\/\/www.cx80.sk\/wp-content\/uploads\/2025\/11\/krbovy-105x300.jpg 105w\" sizes=\"auto, (max-width: 358px) 100vw, 358px\" \/><\/figure>\n<\/div>\n\n\n\n<div class=\"wp-block-column is-layout-flow wp-block-column-is-layout-flow\" style=\"flex-basis:66.66%\">\n<p><strong>VLASTNOSTI<\/strong>: odoln\u00fd vo\u010di teplot\u00e1m do +1250 \u00b0C \u2013 do\u010dasne odol\u00e1va teplot\u00e1m do +1500 \u00b0C \u2013 obsahuje vodn\u00e9 sklo a sklenen\u00e9 vl\u00e1kna na zv\u00fd\u0161enie plynotesnosti \u2013 \u013eahko sa pou\u017e\u00edva \u2013 po vytvrdnut\u00ed sa nezmr\u0161\u0165uje ani nerozp\u00edna \u2013 odoln\u00fd vo\u010di zmen\u00e1m po\u010dasia, UV \u017eiareniu a \u00fa\u010dinkom starnutia \u2013 v\u00fdborn\u00e1 pri\u013enavos\u0165 ku kovom, tehl\u00e1m a cementu.<\/p>\n\n\n\n<p><strong>POU\u017dITIE<\/strong>: in\u0161tal\u00e1cia a tesnenie kom\u00ednov, spor\u00e1kov, ro\u0161tov \u2013 tesnenie a oprava kom\u00ednov a ventila\u010dn\u00fdch kan\u00e1lov \u2013 oprava komponentov vystaven\u00fdch oh\u0148u.<\/p>\n<\/div>\n<\/div>\n\n\n\n<p><\/p>\n","protected":false},"excerpt":{"rendered":"<p>Oh\u0148ovzdorn\u00e1 tesniaca zmes. Tmel na b\u00e1ze vodn\u00e9ho skla, ur\u010den\u00fd najm\u00e4 na opravy a tesnenie v oblastiach vystaven\u00fdch ve\u013emi vysok\u00fdm teplot\u00e1m, napr. krby, spor\u00e1ky, ro\u0161ty. VLASTNOSTI: odoln\u00fd vo\u010di teplot\u00e1m do +1250 \u00b0C \u2013 do\u010dasne odol\u00e1va teplot\u00e1m do +1500 \u00b0C \u2013 obsahuje vodn\u00e9 sklo a sklenen\u00e9 vl\u00e1kna na zv\u00fd\u0161enie plynotesnosti \u2013 \u013eahko [&hellip;]<\/p>\n","protected":false},"author":1,"featured_media":0,"parent":0,"menu_order":0,"comment_status":"closed","ping_status":"closed","template":"","meta":{"footnotes":""},"class_list":["post-485","page","type-page","status-publish","hentry"],"_links":{"self":[{"href":"https:\/\/www.cx80.sk\/index.php?rest_route=\/wp\/v2\/pages\/485","targetHints":{"allow":["GET"]}}],"collection":[{"href":"https:\/\/www.cx80.sk\/index.php?rest_route=\/wp\/v2\/pages"}],"about":[{"href":"https:\/\/www.cx80.sk\/index.php?rest_route=\/wp\/v2\/types\/page"}],"author":[{"embeddable":true,"href":"https:\/\/www.cx80.sk\/index.php?rest_route=\/wp\/v2\/users\/1"}],"replies":[{"embeddable":true,"href":"https:\/\/www.cx80.sk\/index.php?rest_route=%2Fwp%2Fv2%2Fcomments&post=485"}],"version-history":[{"count":1,"href":"https:\/\/www.cx80.sk\/index.php?rest_route=\/wp\/v2\/pages\/485\/revisions"}],"predecessor-version":[{"id":486,"href":"https:\/\/www.cx80.sk\/index.php?rest_route=\/wp\/v2\/pages\/485\/revisions\/486"}],"wp:attachment":[{"href":"https:\/\/www.cx80.sk\/index.php?rest_route=%2Fwp%2Fv2%2Fmedia&parent=485"}],"curies":[{"name":"wp","href":"https:\/\/api.w.org\/{rel}","templated":true}]}}