{"id":488,"date":"2025-11-04T20:21:42","date_gmt":"2025-11-04T19:21:42","guid":{"rendered":"https:\/\/www.cx80.sk\/?page_id=488"},"modified":"2025-11-04T20:23:19","modified_gmt":"2025-11-04T19:23:19","slug":"rooficx","status":"publish","type":"page","link":"https:\/\/www.cx80.sk\/?page_id=488","title":{"rendered":"ROOFICX"},"content":{"rendered":"\n<p>Jednozlo\u017ekov\u00fd tesniaci tmel ur\u010den\u00fd na stre\u0161n\u00e9 a fas\u00e1dne aplik\u00e1cie. M\u00e1 vynikaj\u00facu pri\u013enavos\u0165 k \u0161irok\u00e9mu spektru stavebn\u00fdch podkladov. M\u00f4\u017ee sa pou\u017e\u00edva\u0165 v interi\u00e9ri aj exteri\u00e9ri.<\/p>\n\n\n\n<div class=\"wp-block-columns is-layout-flex wp-container-core-columns-is-layout-28f84493 wp-block-columns-is-layout-flex\">\n<div class=\"wp-block-column is-layout-flow wp-block-column-is-layout-flow\" style=\"flex-basis:66.66%\">\n<p><strong>VLASTNOSTI<\/strong>: Teplotn\u00e1 odolnos\u0165 a\u017e do \u2013 Transparentnos\u0165 \u2013 Deformovate\u013enos\u0165 \u00b1 20 %vb- Vynikaj\u00faca odolnos\u0165 vo\u010di poveternostn\u00fdm vplyvom a UV \u017eiareniu \u2013 Odolnos\u0165 vo\u010di n\u00edzkym a vysok\u00fdm teplot\u00e1m od -40 \u00b0C do +180 \u00b0C<\/p>\n\n\n\n<p><strong>APLIK\u00c1CIA<\/strong>: \u2013 na utesnenie skla, plastov, dreva, kovov s povrchovou \u00fapravou a lakovan\u00fdch kovov vr\u00e1tane plechov, \u017e\u013eabov a stre\u0161n\u00fdch lemovan\u00ed utesnenie medzier a spojov pri dokon\u010dovac\u00edch pr\u00e1cach na strech\u00e1ch.<\/p>\n<\/div>\n\n\n\n<div class=\"wp-block-column is-layout-flow wp-block-column-is-layout-flow\" style=\"flex-basis:33.33%\">\n<figure class=\"wp-block-gallery has-nested-images columns-default is-cropped wp-block-gallery-1 is-layout-flex wp-block-gallery-is-layout-flex\">\n<figure class=\"wp-block-image size-full\"><img loading=\"lazy\" decoding=\"async\" width=\"379\" height=\"975\" data-id=\"489\" src=\"https:\/\/www.cx80.sk\/wp-content\/uploads\/2025\/11\/roof_2.jpg\" alt=\"\" class=\"wp-image-489\" srcset=\"https:\/\/www.cx80.sk\/wp-content\/uploads\/2025\/11\/roof_2.jpg 379w, https:\/\/www.cx80.sk\/wp-content\/uploads\/2025\/11\/roof_2-117x300.jpg 117w\" sizes=\"auto, (max-width: 379px) 100vw, 379px\" \/><\/figure>\n\n\n\n<figure class=\"wp-block-image size-large\"><img loading=\"lazy\" decoding=\"async\" width=\"338\" height=\"1024\" data-id=\"481\" src=\"https:\/\/www.cx80.sk\/wp-content\/uploads\/2025\/11\/roof_1-338x1024.jpg\" alt=\"\" class=\"wp-image-481\" srcset=\"https:\/\/www.cx80.sk\/wp-content\/uploads\/2025\/11\/roof_1-338x1024.jpg 338w, https:\/\/www.cx80.sk\/wp-content\/uploads\/2025\/11\/roof_1-99x300.jpg 99w, https:\/\/www.cx80.sk\/wp-content\/uploads\/2025\/11\/roof_1.jpg 389w\" sizes=\"auto, (max-width: 338px) 100vw, 338px\" \/><\/figure>\n<\/figure>\n<\/div>\n<\/div>\n\n\n\n<p><\/p>\n","protected":false},"excerpt":{"rendered":"<p>Jednozlo\u017ekov\u00fd tesniaci tmel ur\u010den\u00fd na stre\u0161n\u00e9 a fas\u00e1dne aplik\u00e1cie. M\u00e1 vynikaj\u00facu pri\u013enavos\u0165 k \u0161irok\u00e9mu spektru stavebn\u00fdch podkladov. M\u00f4\u017ee sa pou\u017e\u00edva\u0165 v interi\u00e9ri aj exteri\u00e9ri. VLASTNOSTI: Teplotn\u00e1 odolnos\u0165 a\u017e do \u2013 Transparentnos\u0165 \u2013 Deformovate\u013enos\u0165 \u00b1 20 %vb- Vynikaj\u00faca odolnos\u0165 vo\u010di poveternostn\u00fdm vplyvom a UV \u017eiareniu \u2013 Odolnos\u0165 vo\u010di n\u00edzkym a vysok\u00fdm [&hellip;]<\/p>\n","protected":false},"author":1,"featured_media":0,"parent":0,"menu_order":0,"comment_status":"closed","ping_status":"closed","template":"","meta":{"footnotes":""},"class_list":["post-488","page","type-page","status-publish","hentry"],"_links":{"self":[{"href":"https:\/\/www.cx80.sk\/index.php?rest_route=\/wp\/v2\/pages\/488","targetHints":{"allow":["GET"]}}],"collection":[{"href":"https:\/\/www.cx80.sk\/index.php?rest_route=\/wp\/v2\/pages"}],"about":[{"href":"https:\/\/www.cx80.sk\/index.php?rest_route=\/wp\/v2\/types\/page"}],"author":[{"embeddable":true,"href":"https:\/\/www.cx80.sk\/index.php?rest_route=\/wp\/v2\/users\/1"}],"replies":[{"embeddable":true,"href":"https:\/\/www.cx80.sk\/index.php?rest_route=%2Fwp%2Fv2%2Fcomments&post=488"}],"version-history":[{"count":1,"href":"https:\/\/www.cx80.sk\/index.php?rest_route=\/wp\/v2\/pages\/488\/revisions"}],"predecessor-version":[{"id":490,"href":"https:\/\/www.cx80.sk\/index.php?rest_route=\/wp\/v2\/pages\/488\/revisions\/490"}],"wp:attachment":[{"href":"https:\/\/www.cx80.sk\/index.php?rest_route=%2Fwp%2Fv2%2Fmedia&parent=488"}],"curies":[{"name":"wp","href":"https:\/\/api.w.org\/{rel}","templated":true}]}}