{"id":61,"date":"2025-09-21T12:56:22","date_gmt":"2025-09-21T10:56:22","guid":{"rendered":"https:\/\/www.cx80.sk\/?page_id=61"},"modified":"2025-10-11T22:12:06","modified_gmt":"2025-10-11T20:12:06","slug":"home-2","status":"publish","type":"page","link":"https:\/\/www.cx80.sk\/","title":{"rendered":"Domov"},"content":{"rendered":"\n<div class=\"wp-block-cover alignfull is-light hestia-clear-top-padding\"><span aria-hidden=\"true\" class=\"wp-block-cover__background has-white-background-color has-background-dim-100 has-background-dim\"><\/span><div class=\"wp-block-cover__inner-container is-layout-flow wp-block-cover-is-layout-flow\">\n<h2 class=\"wp-block-heading has-text-align-center has-text-color\" style=\"color:#3c4858\">\u010co V\u00e1m pon\u00fakame<\/h2>\n\n\n\n<div style=\"height:40px\" aria-hidden=\"true\" class=\"wp-block-spacer\"><\/div>\n\n\n\n<div class=\"wp-block-columns container is-layout-flex wp-container-core-columns-is-layout-28f84493 wp-block-columns-is-layout-flex\">\n<div class=\"wp-block-column is-layout-flow wp-block-column-is-layout-flow\"><div class=\"wp-block-image\">\n<figure class=\"aligncenter size-full is-resized\"><a href=\"https:\/\/www.cx80.sk\/?page_id=176\"><img loading=\"lazy\" decoding=\"async\" width=\"512\" height=\"512\" src=\"https:\/\/www.cx80.sk\/wp-content\/uploads\/2025\/09\/factory.png\" alt=\"\" class=\"wp-image-134\" style=\"width:100px;height:auto\" srcset=\"https:\/\/www.cx80.sk\/wp-content\/uploads\/2025\/09\/factory.png 512w, https:\/\/www.cx80.sk\/wp-content\/uploads\/2025\/09\/factory-300x300.png 300w, https:\/\/www.cx80.sk\/wp-content\/uploads\/2025\/09\/factory-150x150.png 150w\" sizes=\"auto, (max-width: 512px) 100vw, 512px\" \/><\/a><\/figure>\n<\/div>\n\n\n<h5 class=\"wp-block-heading has-text-align-center has-text-color\" style=\"color:#3c4858;font-size:18px\">Pre priemysel<\/h5>\n\n\n\n<p class=\"has-text-align-center has-text-color\" style=\"color:#999999;font-size:14px\">\u0160\u00edrok\u00fd v\u00fdber v\u00fdrobkov pre stroj\u00e1rstvo, potravin\u00e1rstvo, ban\u00edctvo, automotive, v\u00fdrobu platov, dopravu &#8211; \u017eelezni\u010dn\u00fa, automobilov\u00fa, lodn\u00fa aj leteck\u00fa.<\/p>\n\n\n\n<div style=\"height:25px\" aria-hidden=\"true\" class=\"wp-block-spacer\"><\/div>\n<\/div>\n\n\n\n<div class=\"wp-block-column is-layout-flow wp-block-column-is-layout-flow\"><div class=\"wp-block-image\">\n<figure class=\"aligncenter size-full is-resized\"><img loading=\"lazy\" decoding=\"async\" width=\"512\" height=\"512\" src=\"https:\/\/www.cx80.sk\/wp-content\/uploads\/2025\/09\/mechanic.png\" alt=\"\" class=\"wp-image-137\" style=\"width:98px;height:auto\" srcset=\"https:\/\/www.cx80.sk\/wp-content\/uploads\/2025\/09\/mechanic.png 512w, https:\/\/www.cx80.sk\/wp-content\/uploads\/2025\/09\/mechanic-300x300.png 300w, https:\/\/www.cx80.sk\/wp-content\/uploads\/2025\/09\/mechanic-150x150.png 150w\" sizes=\"auto, (max-width: 512px) 100vw, 512px\" \/><\/figure>\n<\/div>\n\n\n<h5 class=\"wp-block-heading has-text-align-center has-text-color\" style=\"color:#3c4858;font-size:18px\">Pre servis a do gar\u00e1\u017ee<\/h5>\n\n\n\n<p class=\"has-text-align-center has-text-color\" style=\"color:#999999;font-size:14px\">Produkty, ktor\u00e9 vyu\u017eite od servisu automobilov, motocyklov, elektro-kolobe\u017eiek a bicyklov, k\u00e1vovarov, zbrane a r\u00f4zneho elektra.<\/p>\n\n\n\n<div style=\"height:25px\" aria-hidden=\"true\" class=\"wp-block-spacer\"><\/div>\n<\/div>\n\n\n\n<div class=\"wp-block-column is-layout-flow wp-block-column-is-layout-flow\"><div class=\"wp-block-image\">\n<figure class=\"aligncenter size-full is-resized\"><img loading=\"lazy\" decoding=\"async\" width=\"512\" height=\"512\" src=\"https:\/\/www.cx80.sk\/wp-content\/uploads\/2025\/09\/housekeeping.png\" alt=\"\" class=\"wp-image-142\" style=\"width:106px;height:auto\" srcset=\"https:\/\/www.cx80.sk\/wp-content\/uploads\/2025\/09\/housekeeping.png 512w, https:\/\/www.cx80.sk\/wp-content\/uploads\/2025\/09\/housekeeping-300x300.png 300w, https:\/\/www.cx80.sk\/wp-content\/uploads\/2025\/09\/housekeeping-150x150.png 150w\" sizes=\"auto, (max-width: 512px) 100vw, 512px\" \/><\/figure>\n<\/div>\n\n\n<h5 class=\"wp-block-heading has-text-align-center has-text-color\" style=\"color:#3c4858;font-size:18px\">Pre dom\u00e1cnos\u0165<\/h5>\n\n\n\n<p class=\"has-text-align-center has-text-color\" style=\"color:#999999;font-size:14px\">\u010cistiace a le\u0161tiace prostriedky, prostriedky na tepovanie, sekundov\u00e9 lepidl\u00e1, tmely, silik\u00f3ny, &#8230;<\/p>\n\n\n\n<div style=\"height:25px\" aria-hidden=\"true\" class=\"wp-block-spacer\"><\/div>\n<\/div>\n<\/div>\n\n\n\n<div style=\"height:40px\" aria-hidden=\"true\" class=\"wp-block-spacer\"><\/div>\n<\/div><\/div>\n\n\n\n<div class=\"wp-block-columns container is-layout-flex wp-container-core-columns-is-layout-28f84493 wp-block-columns-is-layout-flex\">\n<div class=\"wp-block-column col-md-5 is-layout-flow wp-block-column-is-layout-flow\">\n<div style=\"height:55px\" aria-hidden=\"true\" class=\"wp-block-spacer\"><\/div>\n\n\n\n<h2 class=\"wp-block-heading\">Kto sme<\/h2>\n\n\n\n<p>Sme v\u00fdhradn\u00fdm distrib\u00fatorom pre Slovensk\u00fa republiku profesion\u00e1lnych produktov od spolo\u010dnosti CX80 Polska, ktor\u00fa si osvojili aj svetov\u00e9 zna\u010dky ako <strong>Mercedes Benz Service<\/strong>, <strong>Toyota Manufacturing<\/strong> a <strong>Procter &amp; Gamble<\/strong><\/p>\n<\/div>\n\n\n\n<div class=\"wp-block-column col-md-6 col-md-offset1 is-layout-flow wp-block-column-is-layout-flow\">\n<div style=\"height:55px\" aria-hidden=\"true\" class=\"wp-block-spacer\"><\/div>\n\n\n\n<figure class=\"wp-block-image size-large\"><img decoding=\"async\" src=\"https:\/\/www.cx80.sk\/wp-content\/themes\/hestia\/assets\/img\/about-content.png\" alt=\"\" class=\"wp-image-81\"\/><\/figure>\n\n\n\n<p><\/p>\n<\/div>\n<\/div>\n\n\n\n<p><\/p>\n","protected":false},"excerpt":{"rendered":"<p>Kto sme Sme v\u00fdhradn\u00fdm distrib\u00fatorom pre Slovensk\u00fa republiku profesion\u00e1lnych produktov od spolo\u010dnosti CX80 Polska, ktor\u00fa si osvojili aj svetov\u00e9 zna\u010dky ako Mercedes Benz Service, Toyota Manufacturing a Procter &amp; Gamble<\/p>\n","protected":false},"author":1,"featured_media":113,"parent":0,"menu_order":0,"comment_status":"closed","ping_status":"closed","template":"","meta":{"footnotes":""},"class_list":["post-61","page","type-page","status-publish","has-post-thumbnail","hentry"],"_links":{"self":[{"href":"https:\/\/www.cx80.sk\/index.php?rest_route=\/wp\/v2\/pages\/61","targetHints":{"allow":["GET"]}}],"collection":[{"href":"https:\/\/www.cx80.sk\/index.php?rest_route=\/wp\/v2\/pages"}],"about":[{"href":"https:\/\/www.cx80.sk\/index.php?rest_route=\/wp\/v2\/types\/page"}],"author":[{"embeddable":true,"href":"https:\/\/www.cx80.sk\/index.php?rest_route=\/wp\/v2\/users\/1"}],"replies":[{"embeddable":true,"href":"https:\/\/www.cx80.sk\/index.php?rest_route=%2Fwp%2Fv2%2Fcomments&post=61"}],"version-history":[{"count":8,"href":"https:\/\/www.cx80.sk\/index.php?rest_route=\/wp\/v2\/pages\/61\/revisions"}],"predecessor-version":[{"id":180,"href":"https:\/\/www.cx80.sk\/index.php?rest_route=\/wp\/v2\/pages\/61\/revisions\/180"}],"wp:featuredmedia":[{"embeddable":true,"href":"https:\/\/www.cx80.sk\/index.php?rest_route=\/wp\/v2\/media\/113"}],"wp:attachment":[{"href":"https:\/\/www.cx80.sk\/index.php?rest_route=%2Fwp%2Fv2%2Fmedia&parent=61"}],"curies":[{"name":"wp","href":"https:\/\/api.w.org\/{rel}","templated":true}]}}